{"id":3,"date":"2024-11-14T05:47:54","date_gmt":"2024-11-14T04:47:54","guid":{"rendered":"https:\/\/sbdresshop.com\/?page_id=3"},"modified":"2024-11-30T10:52:49","modified_gmt":"2024-11-30T09:52:49","slug":"politique-de-confidentialite","status":"publish","type":"page","link":"https:\/\/sbdresshop.com\/de\/politique-de-confidentialite\/","title":{"rendered":"Datenschutzrichtlinie"},"content":{"rendered":"<p>Im Haus von <strong>Sbdressshop.com<\/strong>Wir legen gro\u00dfen Wert auf die Vertraulichkeit und den Schutz Ihrer pers\u00f6nlichen Daten. In dieser Datenschutzrichtlinie wird erl\u00e4utert, wie wir Ihre Daten gem\u00e4\u00df den geltenden Gesetzen sammeln, verwenden, speichern und sch\u00fctzen.<\/p><h4 class=\"wp-block-heading\"><strong>1. Erhebung personenbezogener Daten<\/strong><\/h4><p>Wenn Sie unsere Website nutzen, erfassen wir m\u00f6glicherweise die folgenden Informationen:<\/p><ul class=\"wp-block-list\"><li><strong>Kontaktinformationen:<\/strong> Name, Vorname, E-Mail-Adresse, Telefonnummer, Postanschrift.<\/li>\n\n<li><strong>Zahlungsinformationen:<\/strong> Daten, die zur Bearbeitung Ihrer Bestellungen erforderlich sind (diese Informationen sind sicher und werden niemals an Dritte weitergegeben).<\/li>\n\n<li><strong>Navigationsdaten:<\/strong> IP-Adresse, Browsertyp, besuchte Seiten, Verbindungszeit.<\/li><\/ul><h4 class=\"wp-block-heading\"><strong>2. Nutzung der Daten<\/strong><\/h4><p>Ihre Daten werden zu folgenden Zwecken erhoben:<\/p><ul class=\"wp-block-list\"><li>Bearbeitung und Versand Ihrer Bestellungen.<\/li>\n\n<li>Kommunikation im Zusammenhang mit Ihren Eink\u00e4ufen oder unseren Werbeangeboten.<\/li>\n\n<li>Verbesserung unserer Website und Ihrer Benutzererfahrung.<\/li>\n\n<li>Einhaltung gesetzlicher und beh\u00f6rdlicher Verpflichtungen.<\/li><\/ul><h4 class=\"wp-block-heading\"><strong>3. Datenaustausch<\/strong><\/h4><p>Ihre pers\u00f6nlichen Daten werden niemals an Dritte verkauft. Sie k\u00f6nnen jedoch geteilt werden mit:<\/p><ul class=\"wp-block-list\"><li>Unsere Dienstleister (Transportunternehmen, Zahlungsabwickler) dienen ausschlie\u00dflich dazu, die ordnungsgem\u00e4\u00dfe Ausf\u00fchrung Ihrer Bestellungen sicherzustellen.<\/li>\n\n<li>Die zust\u00e4ndigen Beh\u00f6rden im Falle einer gesetzlichen Verpflichtung.<\/li><\/ul><h4 class=\"wp-block-heading\"><strong>4. Datensicherheit<\/strong><\/h4><p>Wir setzen technische und organisatorische Sicherheitsma\u00dfnahmen ein, um Ihre Daten vor unbefugtem Zugriff, Verlust, Ver\u00e4nderung oder Offenlegung zu sch\u00fctzen.<\/p><h4 class=\"wp-block-heading\"><strong>5. Ihre Rechte<\/strong><\/h4><p>Nach Ma\u00dfgabe der geltenden Vorschriften (insbesondere der DSGVO) haben Sie folgende Rechte:<\/p><ul class=\"wp-block-list\"><li><strong>Zugang :<\/strong> Sie k\u00f6nnen eine Kopie der personenbezogenen Daten anfordern, die wir \u00fcber Sie gespeichert haben.<\/li>\n\n<li><strong>Korrektur:<\/strong> Sie k\u00f6nnen die Berichtigung unrichtiger oder unvollst\u00e4ndiger Angaben verlangen.<\/li>\n\n<li><strong>Streichung:<\/strong> Vorbehaltlich gesetzlicher Verpflichtungen k\u00f6nnen Sie die L\u00f6schung Ihrer personenbezogenen Daten verlangen.<\/li>\n\n<li><strong>Opposition:<\/strong> Sie k\u00f6nnen der Nutzung Ihrer Daten f\u00fcr Direktmarketingzwecke widersprechen.<\/li><\/ul><p>Um diese Rechte auszu\u00fcben, kontaktieren Sie uns bitte unter der folgenden Adresse: <a href=\"mailto:sb.dress57@gmail.com\">sb.dress57@gmail.com<\/a><\/p><h4 class=\"wp-block-heading\"><strong>6. Cookies<\/strong><\/h4><p>Unsere Website verwendet Cookies, um Ihr Benutzererlebnis zu verbessern. Sie k\u00f6nnen Ihre Cookie-Einstellungen \u00fcber Ihre Browsereinstellungen verwalten.<\/p><h4 class=\"wp-block-heading\"><strong>7. \u00c4nderungen der Datenschutzrichtlinie<\/strong><\/h4><p>Wir behalten uns das Recht vor, diese Datenschutzerkl\u00e4rung jederzeit zu \u00e4ndern. \u00c4nderungen werden mit aktualisiertem Datum auf dieser Seite ver\u00f6ffentlicht.<\/p>","protected":false},"excerpt":{"rendered":"<p>Chez Sbdresshop.com, nous accordons une grande importance \u00e0 la confidentialit\u00e9 et \u00e0 la protection de vos donn\u00e9es personnelles. Cette politique de confidentialit\u00e9 explique comment nous collectons, utilisons, stockons et prot\u00e9geons vos informations dans le respect des lois en vigueur. 1. Collecte des Donn\u00e9es Personnelles Lorsque vous utilisez notre site, nous pouvons recueillir les informations suivantes [&hellip;]<\/p>","protected":false},"author":1,"featured_media":0,"parent":0,"menu_order":0,"comment_status":"closed","ping_status":"open","template":"","meta":{"footnotes":""},"class_list":["post-3","page","type-page","status-publish","hentry"],"_links":{"self":[{"href":"https:\/\/sbdresshop.com\/de\/wp-json\/wp\/v2\/pages\/3","targetHints":{"allow":["GET"]}}],"collection":[{"href":"https:\/\/sbdresshop.com\/de\/wp-json\/wp\/v2\/pages"}],"about":[{"href":"https:\/\/sbdresshop.com\/de\/wp-json\/wp\/v2\/types\/page"}],"author":[{"embeddable":true,"href":"https:\/\/sbdresshop.com\/de\/wp-json\/wp\/v2\/users\/1"}],"replies":[{"embeddable":true,"href":"https:\/\/sbdresshop.com\/de\/wp-json\/wp\/v2\/comments?post=3"}],"version-history":[{"count":2,"href":"https:\/\/sbdresshop.com\/de\/wp-json\/wp\/v2\/pages\/3\/revisions"}],"predecessor-version":[{"id":7000,"href":"https:\/\/sbdresshop.com\/de\/wp-json\/wp\/v2\/pages\/3\/revisions\/7000"}],"wp:attachment":[{"href":"https:\/\/sbdresshop.com\/de\/wp-json\/wp\/v2\/media?parent=3"}],"curies":[{"name":"wp","href":"https:\/\/api.w.org\/{rel}","templated":true}]}}