{"id":6553,"date":"2024-11-17T04:16:34","date_gmt":"2024-11-17T03:16:34","guid":{"rendered":"https:\/\/sbdresshop.com\/?page_id=6553"},"modified":"2024-11-17T04:16:35","modified_gmt":"2024-11-17T03:16:35","slug":"a-propos-de-nous","status":"publish","type":"page","link":"https:\/\/sbdresshop.com\/de\/a-propos-de-nous\/","title":{"rendered":"\u00dcber uns"},"content":{"rendered":"<p>Willkommen bei <strong>Sbdressshop.com<\/strong>, Ihre Anlaufstelle f\u00fcr stilvolle und einzigartige Kleider, die Ihren Stil und Ihre Pers\u00f6nlichkeit widerspiegeln.<\/p><p>Wir bei Sbdressshop glauben, dass jede Frau es verdient, sich in ihrer Kleidung sch\u00f6n, selbstbewusst und wohl zu f\u00fchlen. Aus diesem Grund ist es uns ein Anliegen, sorgf\u00e4ltig ausgew\u00e4hlte Kollektionen anzubieten, die Qualit\u00e4t, Komfort und Trend vereinen.<\/p><h4 class=\"wp-block-heading\"><strong>Unsere Mission<\/strong><\/h4><p>Unsere Mission ist es, Ihnen Kleider anzubieten, die Sie inspirieren und f\u00fcr alle Anl\u00e4sse geeignet sind: elegante Abende, Hochzeiten oder entspannte Momente im Alltag. Wir arbeiten mit Leidenschaft daran, Ihnen ein angenehmes und sorgenfreies Online-Einkaufserlebnis zu bieten.<\/p><h4 class=\"wp-block-heading\"><strong>Unsere Werte<\/strong><\/h4><ul class=\"wp-block-list\"><li><strong>Qualit\u00e4t:<\/strong> Wir w\u00e4hlen Materialien und Designs, die den h\u00f6chsten Anspr\u00fcchen gen\u00fcgen.<\/li>\n\n<li><strong>Stil :<\/strong> Wir achten stets auf die neuesten Trends und heben moderne und zeitlose Modelle hervor.<\/li>\n\n<li><strong>Service :<\/strong> Ihre Zufriedenheit ist unsere Priorit\u00e4t. Ein engagiertes Team steht Ihnen zur Verf\u00fcgung, um Ihre Bed\u00fcrfnisse zu erf\u00fcllen.<\/li><\/ul><h4 class=\"wp-block-heading\"><strong>Warum uns w\u00e4hlen?<\/strong><\/h4><ul class=\"wp-block-list\"><li>Eine vielf\u00e4ltige Kollektion f\u00fcr jeden Geschmack.<\/li>\n\n<li>Aufmerksamer und reaktionsschneller Kundenservice.<\/li>\n\n<li>Schnelle und zuverl\u00e4ssige Lieferung.<\/li><\/ul><p>Erkunden Sie noch heute unseren Shop und entdecken Sie das perfekte Kleid f\u00fcr Sie. Im Haus von <strong>Sbdressshop<\/strong>Wir sind hier, um jeden Moment Ihres Lebens zu bereichern.<\/p><p><strong>Vielen Dank f\u00fcr Ihr Vertrauen!<\/strong><\/p>","protected":false},"excerpt":{"rendered":"<p>Bienvenue sur Sbdresshop.com, votre destination id\u00e9ale pour des robes \u00e9l\u00e9gantes et uniques qui refl\u00e8tent votre style et votre personnalit\u00e9. Chez Sbdresshop, nous croyons que chaque femme m\u00e9rite de se sentir belle, confiante et \u00e0 l\u2019aise dans ses v\u00eatements. C\u2019est pourquoi nous nous engageons \u00e0 offrir des collections soigneusement s\u00e9lectionn\u00e9es qui allient qualit\u00e9, confort et tendance. [&hellip;]<\/p>","protected":false},"author":1,"featured_media":0,"parent":0,"menu_order":0,"comment_status":"closed","ping_status":"closed","template":"","meta":{"footnotes":""},"class_list":["post-6553","page","type-page","status-publish","hentry"],"_links":{"self":[{"href":"https:\/\/sbdresshop.com\/de\/wp-json\/wp\/v2\/pages\/6553","targetHints":{"allow":["GET"]}}],"collection":[{"href":"https:\/\/sbdresshop.com\/de\/wp-json\/wp\/v2\/pages"}],"about":[{"href":"https:\/\/sbdresshop.com\/de\/wp-json\/wp\/v2\/types\/page"}],"author":[{"embeddable":true,"href":"https:\/\/sbdresshop.com\/de\/wp-json\/wp\/v2\/users\/1"}],"replies":[{"embeddable":true,"href":"https:\/\/sbdresshop.com\/de\/wp-json\/wp\/v2\/comments?post=6553"}],"version-history":[{"count":1,"href":"https:\/\/sbdresshop.com\/de\/wp-json\/wp\/v2\/pages\/6553\/revisions"}],"predecessor-version":[{"id":6554,"href":"https:\/\/sbdresshop.com\/de\/wp-json\/wp\/v2\/pages\/6553\/revisions\/6554"}],"wp:attachment":[{"href":"https:\/\/sbdresshop.com\/de\/wp-json\/wp\/v2\/media?parent=6553"}],"curies":[{"name":"wp","href":"https:\/\/api.w.org\/{rel}","templated":true}]}}