{"id":6562,"date":"2024-11-18T04:59:48","date_gmt":"2024-11-18T03:59:48","guid":{"rendered":"https:\/\/sbdresshop.com\/?page_id=6562"},"modified":"2024-12-08T11:33:07","modified_gmt":"2024-12-08T10:33:07","slug":"informations-sur-la-livraison","status":"publish","type":"page","link":"https:\/\/sbdresshop.com\/de\/informations-sur-la-livraison\/","title":{"rendered":"Lieferinformationen"},"content":{"rendered":"<p>Im Haus von <strong>sbdressshop.com<\/strong>Wir sind bestrebt, Ihnen ein angenehmes Einkaufserlebnis mit schneller und zuverl\u00e4ssiger Lieferung zu bieten. Hier finden Sie alle Informationen zu unseren Lieferm\u00f6glichkeiten:<\/p><h4 class=\"wp-block-heading\"><strong>1. Liefergebiete<\/strong><\/h4><p>Wir liefern in mehrere L\u00e4nder auf der ganzen Welt. Bitte pr\u00fcfen Sie bei der Bestellung, ob Ihre Region f\u00fcr die Lieferung geeignet ist.<\/p><h4 class=\"wp-block-heading\"><strong>2. Lieferzeiten<\/strong><\/h4><ul class=\"wp-block-list\"><li><strong>Standardversand:<\/strong> 5 bis 7 Werktage.<\/li>\n\n<li><strong>Expressversand:<\/strong> 2\u20133 Werktage (nur f\u00fcr ausgew\u00e4hlte Regionen verf\u00fcgbar).<\/li><\/ul><p>Die Lieferzeiten werden gesch\u00e4tzt und k\u00f6nnen je nach Zeiten hoher Nachfrage (Ausverkauf, Feiertage usw.) oder Verz\u00f6gerungen durch Spediteure variieren.<\/p><h4 class=\"wp-block-heading\"><strong><font style=\"vertical-align: inherit;\"><font style=\"vertical-align: inherit;\">3. Versandkosten<\/font><\/font><\/strong><\/h4><p><font style=\"vertical-align: inherit;\"><font style=\"vertical-align: inherit;\">Die genauen Geb\u00fchren h\u00e4ngen von Ihrem Standort und dem Gewicht Ihrer Bestellung ab.<\/font><\/font><\/p><p>In Frankreich: 8\u20ac-10\u20ac<\/p><p>15\u20ac-20\u20ac au\u00dferhalb Frankreichs<\/p><h4 class=\"wp-block-heading\"><strong>4. Auftragsverfolgung<\/strong><\/h4><p>Sobald Ihre Bestellung versandt wurde, erhalten Sie eine E-Mail mit einer Sendungsverfolgungsnummer. Sie k\u00f6nnen den Status Ihrer Lieferung direkt \u00fcber die Website des Spediteurs verfolgen.<\/p><h4 class=\"wp-block-heading\"><strong>5. Lieferprobleme<\/strong><\/h4><p>Wenn Sie ein Problem mit Ihrer Bestellung haben (Paket nicht erhalten, besch\u00e4digt oder unvollst\u00e4ndig), kontaktieren Sie uns bitte so schnell wie m\u00f6glich unter <a href=\"mailto:sb.dress57@gmail.com\">sb.dress57@gmail.com<\/a> Unser Team hilft Ihnen gerne weiter.<\/p><h4 class=\"wp-block-heading\"><strong>6. R\u00fcckgabe und Umtausch<\/strong><\/h4><p>Weitere Informationen zu unseren R\u00fcckgabe- und Umtauschrichtlinien finden Sie auf unserer speziellen Seite:  <a href=\"https:\/\/sbdresshop.com\/de\/conditions-de-retour-et-dechange\/\">R\u00fcckgabe- und Umtauschbedingungen<\/a><\/p><p><strong>Vielen Dank, dass Sie uns Ihren Kleidungskauf anvertrauen!<\/strong><\/p>","protected":false},"excerpt":{"rendered":"<p>Chez sbdresshop.com, nous nous engageons \u00e0 vous offrir une exp\u00e9rience d\u2019achat agr\u00e9able avec une livraison rapide et fiable. Voici toutes les informations concernant nos options de livraison : 1. Zones de Livraison Nous livrons dans plusieurs pays \u00e0 travers le monde. Lors de votre commande, veuillez v\u00e9rifier si votre r\u00e9gion est \u00e9ligible \u00e0 la livraison. [&hellip;]<\/p>","protected":false},"author":1,"featured_media":0,"parent":0,"menu_order":0,"comment_status":"closed","ping_status":"closed","template":"","meta":{"footnotes":""},"class_list":["post-6562","page","type-page","status-publish","hentry"],"_links":{"self":[{"href":"https:\/\/sbdresshop.com\/de\/wp-json\/wp\/v2\/pages\/6562","targetHints":{"allow":["GET"]}}],"collection":[{"href":"https:\/\/sbdresshop.com\/de\/wp-json\/wp\/v2\/pages"}],"about":[{"href":"https:\/\/sbdresshop.com\/de\/wp-json\/wp\/v2\/types\/page"}],"author":[{"embeddable":true,"href":"https:\/\/sbdresshop.com\/de\/wp-json\/wp\/v2\/users\/1"}],"replies":[{"embeddable":true,"href":"https:\/\/sbdresshop.com\/de\/wp-json\/wp\/v2\/comments?post=6562"}],"version-history":[{"count":5,"href":"https:\/\/sbdresshop.com\/de\/wp-json\/wp\/v2\/pages\/6562\/revisions"}],"predecessor-version":[{"id":7159,"href":"https:\/\/sbdresshop.com\/de\/wp-json\/wp\/v2\/pages\/6562\/revisions\/7159"}],"wp:attachment":[{"href":"https:\/\/sbdresshop.com\/de\/wp-json\/wp\/v2\/media?parent=6562"}],"curies":[{"name":"wp","href":"https:\/\/api.w.org\/{rel}","templated":true}]}}