{"id":6565,"date":"2024-11-18T05:02:26","date_gmt":"2024-11-18T04:02:26","guid":{"rendered":"https:\/\/sbdresshop.com\/?page_id=6565"},"modified":"2024-12-08T11:35:13","modified_gmt":"2024-12-08T10:35:13","slug":"conditions-de-retour-et-dechange","status":"publish","type":"page","link":"https:\/\/sbdresshop.com\/de\/conditions-de-retour-et-dechange\/","title":{"rendered":"Conditions de Retour et d&#8217;\u00c9change"},"content":{"rendered":"<ol class=\"wp-block-list\"><li><strong>R\u00fcckgabebedingungen.<\/strong><\/li><\/ol><p>Um f\u00fcr eine R\u00fcckgabe in Frage zu kommen, m\u00fcssen alle Artikel zur\u00fcckgegeben werden&nbsp;<strong>unbenutzt<\/strong>, im gleichen Zustand, in dem Sie sie erhalten haben und&nbsp;<strong>gr\u00fcndlich&nbsp;<\/strong><strong>verpackt<\/strong>. Artikel sollten nicht sein&nbsp;<strong>weder getragen<\/strong>\/<strong>noch gewaschen<\/strong>\/<strong>geruchlos<\/strong>&nbsp;(<strong><u>Ich rieche weder Zigaretten noch Parf\u00fcm<\/u><\/strong>). Die Artikel d\u00fcrfen keine Spuren von Make-up aufweisen.<\/p><p>Folglich sind die Renditen von&nbsp;<strong>gewaschene Kleidung<\/strong>&nbsp;und\/oder&nbsp;<strong>T\u00fcren<\/strong>&nbsp;<strong>werden nicht akzeptiert<\/strong>.<\/p><p><strong>Artikel, die zum Verkauf stehen oder der Ausverkaufsfrist unterliegen, k\u00f6nnen nicht zur\u00fcckgegeben werden. Auch nicht der Schmuck und die Strumpfhosen.&nbsp;<\/strong><\/p><ol start=\"2\" class=\"wp-block-list\"><li><strong>R\u00fcckkehrzeit<\/strong><\/li><\/ol><p>Gem\u00e4\u00df den Bestimmungen von Artikel L 121-23 des Verbraucherschutzgesetzes haben Sie eine Frist von&nbsp;<strong>7 Tage<\/strong>&nbsp;aus&nbsp;<strong>das Eingangsdatum<\/strong>&nbsp;seines Befehls zum Widerruf.&nbsp;<strong>Aufmerksamkeit<\/strong>, wenn die R\u00fcckgabefrist&nbsp;<strong>ist veraltet<\/strong>, wir werden dazu gezwungen sein&nbsp;<strong>akzeptiere es nicht<\/strong>&nbsp;und du wirst es m\u00fcssen&nbsp;<strong>Versandkosten zur\u00fcckerstatten<\/strong>.<\/p><ol start=\"3\" class=\"wp-block-list\"><li><strong>R\u00fccksendekosten<\/strong><\/li><\/ol><p>Die Kosten f\u00fcr die R\u00fccksendung (=Versand) betragen:&nbsp;<strong>Deine Last<\/strong>. Versandkosten&nbsp;<strong>sind nicht erstattungsf\u00e4hig<\/strong>. Au\u00dfer in Ausnahmef\u00e4llen, in denen es sich um einen Fehler unsererseits handelt (Fehler beim Modell\/Artikel\/Gr\u00f6\u00dfe\/Farbe).<\/p><p><strong>Wir decken nicht den Verlust\/Diebstahl eines Pakets. Es erfolgt keine R\u00fcckerstattung.&nbsp;<\/strong><\/p><p>Wenn Sie einen Artikel im Wert von mehr als 60 US-Dollar versenden, empfehlen wir Ihnen, einen Versandverfolgungsdienst zu nutzen oder Ihre Sendung zu versichern. Wir garantieren nicht, dass wir den zur\u00fcckgegebenen Artikel erhalten.<\/p><ol start=\"4\" class=\"wp-block-list\"><li><strong>Das f\u00fcr die R\u00fccksendung zu befolgende Verfahren<\/strong><\/li><\/ol><p>Avant de retourner le produit, envoyez-nous d&#8217;abord votre nom, pr\u00e9nom ainsi que les informations relatives \u00e0 votre commande par e-mail.<\/p><p><br>\u2013 Adresse : 2 Ter Rue de l&#8217;\u00e9tang 57510 puttelange aux lacs<br>\u2013 Gewicht (kg): Es liegt an Ihnen, es einzugeben (dies definiert den Versandpreis)\u00a0<\/p><p>- E-Mail-Adresse:&nbsp;<a href=\"mailto:sb.dress57@gmail.com\">sb.dress57@gmail.com<\/a><\/p><p>5- Nach Erhalt, ich&nbsp;<strong>Kontrolle<\/strong>&nbsp;den Artikel und nimmt die R\u00fcckerstattung vor.<\/p><p><\/p>","protected":false},"excerpt":{"rendered":"<p>Pour pouvoir b\u00e9n\u00e9ficier d\u2019un retour, tous les articles doivent \u00eatre&nbsp;inutilis\u00e9s, dans le m\u00eame \u00e9tat o\u00f9 vous les avez re\u00e7us et&nbsp;soigneusement&nbsp;emball\u00e9es. Les articles ne doivent \u00eatre&nbsp;ni port\u00e9s\/ni lav\u00e9s\/sans odeur&nbsp;(ne pas sentir la cigarette ou le parfum). Les articles ne doivent pas avoir des traces de maquillage. En cons\u00e9quence, les retours de&nbsp;v\u00eatements lav\u00e9s&nbsp;et\/ou&nbsp;port\u00e9s&nbsp;ne seront pas accept\u00e9s. Les [&hellip;]<\/p>","protected":false},"author":1,"featured_media":0,"parent":0,"menu_order":0,"comment_status":"closed","ping_status":"closed","template":"","meta":{"footnotes":""},"class_list":["post-6565","page","type-page","status-publish","hentry"],"_links":{"self":[{"href":"https:\/\/sbdresshop.com\/de\/wp-json\/wp\/v2\/pages\/6565","targetHints":{"allow":["GET"]}}],"collection":[{"href":"https:\/\/sbdresshop.com\/de\/wp-json\/wp\/v2\/pages"}],"about":[{"href":"https:\/\/sbdresshop.com\/de\/wp-json\/wp\/v2\/types\/page"}],"author":[{"embeddable":true,"href":"https:\/\/sbdresshop.com\/de\/wp-json\/wp\/v2\/users\/1"}],"replies":[{"embeddable":true,"href":"https:\/\/sbdresshop.com\/de\/wp-json\/wp\/v2\/comments?post=6565"}],"version-history":[{"count":7,"href":"https:\/\/sbdresshop.com\/de\/wp-json\/wp\/v2\/pages\/6565\/revisions"}],"predecessor-version":[{"id":7163,"href":"https:\/\/sbdresshop.com\/de\/wp-json\/wp\/v2\/pages\/6565\/revisions\/7163"}],"wp:attachment":[{"href":"https:\/\/sbdresshop.com\/de\/wp-json\/wp\/v2\/media?parent=6565"}],"curies":[{"name":"wp","href":"https:\/\/api.w.org\/{rel}","templated":true}]}}