{"id":6570,"date":"2024-11-18T05:09:02","date_gmt":"2024-11-18T04:09:02","guid":{"rendered":"https:\/\/sbdresshop.com\/?page_id=6570"},"modified":"2024-12-08T11:38:42","modified_gmt":"2024-12-08T10:38:42","slug":"foire-aux-questions-faq","status":"publish","type":"page","link":"https:\/\/sbdresshop.com\/de\/foire-aux-questions-faq\/","title":{"rendered":"H\u00e4ufig gestellte Fragen (FAQ)"},"content":{"rendered":"<h4 class=\"wp-block-heading\"><strong>1. Wie kann ich eine Bestellung aufgeben?<\/strong><\/h4><p>Pour passer une commande, ajoutez les articles de votre choix au panier, cliquez sur &#8220;Commander&#8221;, puis suivez les \u00e9tapes pour finaliser votre achat.<\/p><h4 class=\"wp-block-heading\"><strong>2. Welche Zahlungsarten werden akzeptiert?<\/strong><\/h4><p>Wir akzeptieren Zahlungen per Kreditkarte (Visa, Mastercard, American Express) und PayPal.<\/p><h4 class=\"wp-block-heading\"><strong>3. Kann ich meine Bestellung nach der Bestellung \u00e4ndern oder stornieren?<\/strong><\/h4><p>\u00c4nderungen oder Stornierungen sind m\u00f6glich, sofern die Bestellung noch nicht versandt wurde. Kontaktieren Sie uns schnell unter <a href=\"mailto:sb.dress57@gmail.com\">sb.dress57@gmail.com<\/a><\/p><h4 class=\"wp-block-heading\"><strong>4. Wie sind die Lieferzeiten?<\/strong><\/h4><ul class=\"wp-block-list\"><li><strong>Standardversand:<\/strong> 5 bis 7 Werktage.<\/li>\n\n<li><strong>Expressversand:<\/strong> 2 bis 3 Werktage.<br>Die Lieferzeiten k\u00f6nnen je nach Standort variieren.<\/li><\/ul><h4 class=\"wp-block-heading\"><strong>5. Wie kann ich meine Bestellung verfolgen?<\/strong><\/h4><p>Une fois votre commande exp\u00e9di\u00e9e, vous recevrez un e-mail avec un num\u00e9ro de suivi. Vous pouvez suivre l&#8217;\u00e9tat de la livraison sur le site du transporteur.<\/p><h4 class=\"wp-block-heading\"><strong>6. Kann ich einen Artikel zur\u00fcckgeben oder umtauschen?<\/strong><\/h4><p>Ja, Sie k\u00f6nnen einen Artikel innerhalb von 7 Tagen nach Erhalt zur\u00fcckgeben oder umtauschen, sofern er sich im Originalzustand befindet. Besuchen Sie unsere Seite <strong>R\u00fcckgabebedingungen<\/strong> f\u00fcr weitere Details.<\/p><h4 class=\"wp-block-heading\"><strong>7. Was soll ich tun, wenn ich einen defekten oder falschen Artikel erhalte?<\/strong><\/h4><p>Kontaktieren Sie uns umgehend unter <strong><a><a href=\"mailto:sb.dress57@gmail.com\">sb.dress57@gmail.com<\/a><\/a><\/strong> mit Fotos des defekten oder falschen Artikels. Wir \u00fcbernehmen die Kosten f\u00fcr die R\u00fccksendung und senden Ihnen einen Ersatz zu.<\/p><h4 class=\"wp-block-heading\"><strong>8. Bieten Sie Gr\u00f6\u00dfen f\u00fcr alle K\u00f6rpertypen an?<\/strong><\/h4><p>Ja, unsere Kollektion umfasst eine gro\u00dfe Auswahl an Gr\u00f6\u00dfen f\u00fcr alle K\u00f6rperformen. Sehen Sie sich unsere Gr\u00f6\u00dfen\u00fcbersicht an, um diejenige zu finden, die am besten zu Ihnen passt.<\/p><h4 class=\"wp-block-heading\"><strong>9. Kann ich Sie kontaktieren, wenn ich weitere Fragen habe?<\/strong><\/h4><p>Nat\u00fcrlich ! Sie erreichen uns per E-Mail unter <strong><a><a href=\"mailto:sb.dress57@gmail.com\">sb.dress57@gmail.com<\/a><\/a><\/strong>, <\/p><p><strong>Si vous avez d&#8217;autres questions, n&#8217;h\u00e9sitez pas \u00e0 nous contacter. Merci de faire confiance \u00e0 sbdresshop.com !<\/strong><\/p><p><\/p>","protected":false},"excerpt":{"rendered":"<p>1. Comment puis-je passer une commande ? Pour passer une commande, ajoutez les articles de votre choix au panier, cliquez sur &#8220;Commander&#8221;, puis suivez les \u00e9tapes pour finaliser votre achat. 2. Quels sont les modes de paiement accept\u00e9s ? Nous acceptons les paiements par carte bancaire (Visa, Mastercard, American Express) et PayPal. 3. Puis-je modifier [&hellip;]<\/p>","protected":false},"author":1,"featured_media":0,"parent":0,"menu_order":0,"comment_status":"closed","ping_status":"closed","template":"","meta":{"footnotes":""},"class_list":["post-6570","page","type-page","status-publish","hentry"],"_links":{"self":[{"href":"https:\/\/sbdresshop.com\/de\/wp-json\/wp\/v2\/pages\/6570","targetHints":{"allow":["GET"]}}],"collection":[{"href":"https:\/\/sbdresshop.com\/de\/wp-json\/wp\/v2\/pages"}],"about":[{"href":"https:\/\/sbdresshop.com\/de\/wp-json\/wp\/v2\/types\/page"}],"author":[{"embeddable":true,"href":"https:\/\/sbdresshop.com\/de\/wp-json\/wp\/v2\/users\/1"}],"replies":[{"embeddable":true,"href":"https:\/\/sbdresshop.com\/de\/wp-json\/wp\/v2\/comments?post=6570"}],"version-history":[{"count":4,"href":"https:\/\/sbdresshop.com\/de\/wp-json\/wp\/v2\/pages\/6570\/revisions"}],"predecessor-version":[{"id":7169,"href":"https:\/\/sbdresshop.com\/de\/wp-json\/wp\/v2\/pages\/6570\/revisions\/7169"}],"wp:attachment":[{"href":"https:\/\/sbdresshop.com\/de\/wp-json\/wp\/v2\/media?parent=6570"}],"curies":[{"name":"wp","href":"https:\/\/api.w.org\/{rel}","templated":true}]}}