{"id":6572,"date":"2024-11-18T05:11:36","date_gmt":"2024-11-18T04:11:36","guid":{"rendered":"https:\/\/sbdresshop.com\/?page_id=6572"},"modified":"2024-12-08T11:36:59","modified_gmt":"2024-12-08T10:36:59","slug":"a-propos-des-cookies","status":"publish","type":"page","link":"https:\/\/sbdresshop.com\/de\/a-propos-des-cookies\/","title":{"rendered":"\u00dcber Cookies"},"content":{"rendered":"<p>Im Haus von <strong>sbdressshop.com<\/strong>Wir verwenden Cookies, um Ihr Benutzererlebnis zu verbessern und das ordnungsgem\u00e4\u00dfe Funktionieren unserer Website sicherzustellen. Auf dieser Seite wird erkl\u00e4rt, was Cookies sind, wie wir sie verwenden und wie Sie Ihre Pr\u00e4ferenzen verwalten k\u00f6nnen.<\/p><h4 class=\"wp-block-heading\"><strong>1. Was sind Cookies?<\/strong><\/h4><p>Ein Cookie ist eine kleine Textdatei, die auf Ihrem Ger\u00e4t (Computer, Tablet, Smartphone) gespeichert wird, wenn Sie eine Website besuchen. Es erm\u00f6glicht Ihnen, sich Informationen \u00fcber Ihr Surfen zu merken, z. B. Ihre Pr\u00e4ferenzen oder Ihren Warenkorb.<\/p><h4 class=\"wp-block-heading\"><strong>2. Warum verwenden wir Cookies?<\/strong><\/h4><p>Wir verwenden Cookies aus folgenden Gr\u00fcnden:<\/p><ul class=\"wp-block-list\"><li><strong>Betrieb der Seite:<\/strong> Sicherstellen, dass unsere Website ordnungsgem\u00e4\u00df funktioniert (z. B. Behalten Ihrer Artikel im Warenkorb).<\/li>\n\n<li><strong>Personalisierung:<\/strong> Passen Sie Inhalte und Werbung an Ihre Interessen an.<\/li>\n\n<li><strong>Analyse:<\/strong> Verstehen Sie, wie Besucher unsere Website nutzen und verbessern Sie unsere Dienste.<\/li>\n\n<li><strong>Marketing:<\/strong> Messen Sie die Wirksamkeit unserer Werbekampagnen und schlagen Sie relevante Angebote vor.<\/li><\/ul><h4 class=\"wp-block-heading\"><strong>3. Arten von Cookies, die wir verwenden<\/strong><\/h4><ul class=\"wp-block-list\"><li><strong>Wesentliche Cookies:<\/strong> Notwendig f\u00fcr das ordnungsgem\u00e4\u00dfe Funktionieren der Website. Ohne sie w\u00e4ren bestimmte Funktionen nicht zug\u00e4nglich.<\/li>\n\n<li><strong>Leistungscookies:<\/strong> Wird verwendet, um die Nutzung der Website zu analysieren und Ihr Erlebnis zu verbessern.<\/li>\n\n<li><strong>Funktionalit\u00e4ts-Cookies:<\/strong> Erm\u00f6glicht das Speichern Ihrer Pr\u00e4ferenzen (Sprache, Region usw.).<\/li>\n\n<li><strong>Werbe-Cookies:<\/strong> Wird verwendet, um Ihnen auf Ihre Interessen zugeschnittene Werbung zukommen zu lassen.<\/li><\/ul><h4 class=\"wp-block-heading\"><strong>4. Cookie-Verwaltung<\/strong><\/h4><p>Bei Ihrem ersten Besuch auf unserer Website werden Sie \u00fcber ein Banner gebeten, Cookies zu akzeptieren oder abzulehnen. Sie k\u00f6nnen Ihre Pr\u00e4ferenzen auch jederzeit \u00e4ndern:<\/p><ul class=\"wp-block-list\"><li><strong>\u00dcber Ihre Browsereinstellungen:<\/strong> Sie k\u00f6nnen Cookies blockieren oder l\u00f6schen, indem Sie Ihre Browsereinstellungen \u00e4ndern. Sehen Sie im Hilfebereich Ihres Browsers nach, um zu erfahren, wie das geht.<\/li>\n\n<li><strong>Von unserer Website:<\/strong> Cliquez sur le lien &#8220;G\u00e9rer mes pr\u00e9f\u00e9rences en mati\u00e8re de cookies&#8221; (si disponible).<\/li><\/ul><h4 class=\"wp-block-heading\"><strong>5. Cookies von Drittanbietern<\/strong><\/h4><p>Wir arbeiten mit Drittpartnern zusammen, die m\u00f6glicherweise ebenfalls Cookies auf Ihrem Ger\u00e4t platzieren (z. B. Google Analytics, soziale Netzwerke). Diese Cookies unterliegen den Datenschutzrichtlinien der jeweiligen Drittanbieter.<\/p><h4 class=\"wp-block-heading\"><strong>6. \u00c4nderung der Cookie-Richtlinie<\/strong><\/h4><p>Wir behalten uns das Recht vor, diese Richtlinie jederzeit zu \u00e4ndern. Aktualisierungen werden auf dieser Seite mit einem Revisionsdatum ver\u00f6ffentlicht.<\/p><p><strong>Letzte Aktualisierung: [17. November 2024]<\/strong><\/p><h4 class=\"wp-block-heading\"><strong>Kontakt<\/strong><\/h4><p>Wenn Sie Fragen zu unserer Verwendung von Cookies haben, kontaktieren Sie uns unter <a href=\"mailto:sb.dress57@gmail.com\">sb.dress57@gmail.com<\/a><\/p>","protected":false},"excerpt":{"rendered":"<p>Chez sbdresshop.com, nous utilisons des cookies pour am\u00e9liorer votre exp\u00e9rience utilisateur et garantir le bon fonctionnement de notre site. Cette page explique ce que sont les cookies, comment nous les utilisons, et comment vous pouvez g\u00e9rer vos pr\u00e9f\u00e9rences. 1. Qu\u2019est-ce qu\u2019un cookie ? Un cookie est un petit fichier texte stock\u00e9 sur votre appareil (ordinateur, [&hellip;]<\/p>","protected":false},"author":1,"featured_media":0,"parent":0,"menu_order":0,"comment_status":"closed","ping_status":"closed","template":"","meta":{"footnotes":""},"class_list":["post-6572","page","type-page","status-publish","hentry"],"_links":{"self":[{"href":"https:\/\/sbdresshop.com\/de\/wp-json\/wp\/v2\/pages\/6572","targetHints":{"allow":["GET"]}}],"collection":[{"href":"https:\/\/sbdresshop.com\/de\/wp-json\/wp\/v2\/pages"}],"about":[{"href":"https:\/\/sbdresshop.com\/de\/wp-json\/wp\/v2\/types\/page"}],"author":[{"embeddable":true,"href":"https:\/\/sbdresshop.com\/de\/wp-json\/wp\/v2\/users\/1"}],"replies":[{"embeddable":true,"href":"https:\/\/sbdresshop.com\/de\/wp-json\/wp\/v2\/comments?post=6572"}],"version-history":[{"count":3,"href":"https:\/\/sbdresshop.com\/de\/wp-json\/wp\/v2\/pages\/6572\/revisions"}],"predecessor-version":[{"id":7167,"href":"https:\/\/sbdresshop.com\/de\/wp-json\/wp\/v2\/pages\/6572\/revisions\/7167"}],"wp:attachment":[{"href":"https:\/\/sbdresshop.com\/de\/wp-json\/wp\/v2\/media?parent=6572"}],"curies":[{"name":"wp","href":"https:\/\/api.w.org\/{rel}","templated":true}]}}