{"id":6760,"date":"2024-11-25T20:58:00","date_gmt":"2024-11-25T19:58:00","guid":{"rendered":"https:\/\/sbdresshop.com\/?post_type=product&#038;p=6760"},"modified":"2026-03-08T09:41:21","modified_gmt":"2026-03-08T08:41:21","slug":"robe-noir","status":"publish","type":"product","link":"https:\/\/sbdresshop.com\/de\/product\/robe-noir\/","title":{"rendered":"Schwarzes Kleid"},"content":{"rendered":"<p>Si son design \u00e0 manches longues vous aide \u00e0 conserver votre \u00e9l\u00e9gance m\u00eame par temps froid, il ajoute \u00e9galement une touche audacieuse avec sa fente. Il offre un confort d&#8217;utilisation gr\u00e2ce \u00e0 son tissu doux et flexible. En combinant votre robe avec des chaussures \u00e0 talons hauts \u00e9l\u00e9gantes et un sac \u00e9l\u00e9gant, vous pouvez attirer l&#8217;attention dans n&#8217;importe quel environnement.<\/p>","protected":false},"excerpt":{"rendered":"<p>Si son design \u00e0 manches longues vous aide \u00e0 conserver votre \u00e9l\u00e9gance m\u00eame par temps froid, il ajoute \u00e9galement une touche audacieuse avec sa fente. Il offre un confort d&#8217;utilisation gr\u00e2ce \u00e0 son tissu doux et flexible. En combinant votre robe avec des chaussures \u00e0 talons hauts \u00e9l\u00e9gantes et un sac \u00e9l\u00e9gant, vous pouvez attirer [&hellip;]<\/p>","protected":false},"featured_media":6730,"comment_status":"open","ping_status":"closed","template":"","meta":[],"product_cat":[147,130],"product_tag":[],"class_list":{"0":"post-6760","1":"product","2":"type-product","3":"status-publish","4":"has-post-thumbnail","6":"product_cat-robe-de-soiree","7":"product_cat-robes","9":"first","10":"instock","11":"sale","12":"shipping-taxable","13":"purchasable","14":"product-type-variable"},"_links":{"self":[{"href":"https:\/\/sbdresshop.com\/de\/wp-json\/wp\/v2\/product\/6760","targetHints":{"allow":["GET"]}}],"collection":[{"href":"https:\/\/sbdresshop.com\/de\/wp-json\/wp\/v2\/product"}],"about":[{"href":"https:\/\/sbdresshop.com\/de\/wp-json\/wp\/v2\/types\/product"}],"replies":[{"embeddable":true,"href":"https:\/\/sbdresshop.com\/de\/wp-json\/wp\/v2\/comments?post=6760"}],"wp:featuredmedia":[{"embeddable":true,"href":"https:\/\/sbdresshop.com\/de\/wp-json\/wp\/v2\/media\/6730"}],"wp:attachment":[{"href":"https:\/\/sbdresshop.com\/de\/wp-json\/wp\/v2\/media?parent=6760"}],"wp:term":[{"taxonomy":"product_cat","embeddable":true,"href":"https:\/\/sbdresshop.com\/de\/wp-json\/wp\/v2\/product_cat?post=6760"},{"taxonomy":"product_tag","embeddable":true,"href":"https:\/\/sbdresshop.com\/de\/wp-json\/wp\/v2\/product_tag?post=6760"}],"curies":[{"name":"wp","href":"https:\/\/api.w.org\/{rel}","templated":true}]}}