{"id":6762,"date":"2024-11-25T21:18:10","date_gmt":"2024-11-25T20:18:10","guid":{"rendered":"https:\/\/sbdresshop.com\/?post_type=product&#038;p=6762"},"modified":"2025-11-30T22:39:49","modified_gmt":"2025-11-30T21:39:49","slug":"prenses","status":"publish","type":"product","link":"https:\/\/sbdresshop.com\/de\/product\/prenses\/","title":{"rendered":"Preses-Kleid"},"content":{"rendered":"<p>Notre design brod\u00e9 et notre tissu confortable vous feront sentir sp\u00e9cial \u00e0 chaque pas que vous faites avec cette robe.<\/p>","protected":false},"excerpt":{"rendered":"<p>Notre design brod\u00e9 et notre tissu confortable vous feront sentir sp\u00e9cial \u00e0 chaque pas que vous faites avec cette robe.<\/p>","protected":false},"featured_media":6722,"comment_status":"open","ping_status":"closed","template":"","meta":[],"product_cat":[147,130],"product_tag":[],"class_list":{"0":"post-6762","1":"product","2":"type-product","3":"status-publish","4":"has-post-thumbnail","6":"product_cat-robe-de-soiree","7":"product_cat-robes","9":"first","10":"instock","11":"shipping-taxable","12":"purchasable","13":"product-type-variable"},"_links":{"self":[{"href":"https:\/\/sbdresshop.com\/de\/wp-json\/wp\/v2\/product\/6762","targetHints":{"allow":["GET"]}}],"collection":[{"href":"https:\/\/sbdresshop.com\/de\/wp-json\/wp\/v2\/product"}],"about":[{"href":"https:\/\/sbdresshop.com\/de\/wp-json\/wp\/v2\/types\/product"}],"replies":[{"embeddable":true,"href":"https:\/\/sbdresshop.com\/de\/wp-json\/wp\/v2\/comments?post=6762"}],"wp:featuredmedia":[{"embeddable":true,"href":"https:\/\/sbdresshop.com\/de\/wp-json\/wp\/v2\/media\/6722"}],"wp:attachment":[{"href":"https:\/\/sbdresshop.com\/de\/wp-json\/wp\/v2\/media?parent=6762"}],"wp:term":[{"taxonomy":"product_cat","embeddable":true,"href":"https:\/\/sbdresshop.com\/de\/wp-json\/wp\/v2\/product_cat?post=6762"},{"taxonomy":"product_tag","embeddable":true,"href":"https:\/\/sbdresshop.com\/de\/wp-json\/wp\/v2\/product_tag?post=6762"}],"curies":[{"name":"wp","href":"https:\/\/api.w.org\/{rel}","templated":true}]}}