{"id":7132,"date":"2024-12-03T20:07:25","date_gmt":"2024-12-03T19:07:25","guid":{"rendered":"https:\/\/sbdresshop.com\/?post_type=product&#038;p=7132"},"modified":"2025-09-23T15:16:43","modified_gmt":"2025-09-23T13:16:43","slug":"veste-avec-des-boutons-argentes","status":"publish","type":"product","link":"https:\/\/sbdresshop.com\/de\/product\/veste-avec-des-boutons-argentes\/","title":{"rendered":"Jacke mit silbernen Kn\u00f6pfen"},"content":{"rendered":"<p>Elegante Jacke aus schwarzem Tweed, verziert mit funkelnden Schmuckkn\u00f6pfen f\u00fcr einen raffinierten und zeitlosen Look. Sein leicht strukturierter Schnitt und raffinierte Details wie dezente Abschl\u00fcsse und gekn\u00f6pfte \u00c4rmel machen es perfekt f\u00fcr elegante Anl\u00e4sse oder schicke Alltagslooks.<\/p>","protected":false},"excerpt":{"rendered":"<p>Elegante Jacke aus schwarzem Tweed, verziert mit funkelnden Schmuckkn\u00f6pfen f\u00fcr einen raffinierten und zeitlosen Look. Sein leicht strukturierter Schnitt und raffinierte Details wie dezente Abschl\u00fcsse und gekn\u00f6pfte \u00c4rmel machen es perfekt f\u00fcr elegante Anl\u00e4sse oder schicke Alltagslooks.<\/p>","protected":false},"featured_media":7089,"comment_status":"open","ping_status":"closed","template":"","meta":[],"product_cat":[137],"product_tag":[],"class_list":{"0":"post-7132","1":"product","2":"type-product","3":"status-publish","4":"has-post-thumbnail","6":"product_cat-vestes-manteaux","8":"first","9":"instock","10":"sale","11":"shipping-taxable","12":"purchasable","13":"product-type-variable"},"_links":{"self":[{"href":"https:\/\/sbdresshop.com\/de\/wp-json\/wp\/v2\/product\/7132","targetHints":{"allow":["GET"]}}],"collection":[{"href":"https:\/\/sbdresshop.com\/de\/wp-json\/wp\/v2\/product"}],"about":[{"href":"https:\/\/sbdresshop.com\/de\/wp-json\/wp\/v2\/types\/product"}],"replies":[{"embeddable":true,"href":"https:\/\/sbdresshop.com\/de\/wp-json\/wp\/v2\/comments?post=7132"}],"wp:featuredmedia":[{"embeddable":true,"href":"https:\/\/sbdresshop.com\/de\/wp-json\/wp\/v2\/media\/7089"}],"wp:attachment":[{"href":"https:\/\/sbdresshop.com\/de\/wp-json\/wp\/v2\/media?parent=7132"}],"wp:term":[{"taxonomy":"product_cat","embeddable":true,"href":"https:\/\/sbdresshop.com\/de\/wp-json\/wp\/v2\/product_cat?post=7132"},{"taxonomy":"product_tag","embeddable":true,"href":"https:\/\/sbdresshop.com\/de\/wp-json\/wp\/v2\/product_tag?post=7132"}],"curies":[{"name":"wp","href":"https:\/\/api.w.org\/{rel}","templated":true}]}}