{"id":7184,"date":"2024-12-09T12:58:07","date_gmt":"2024-12-09T11:58:07","guid":{"rendered":"https:\/\/sbdresshop.com\/?post_type=product&#038;p=7184"},"modified":"2025-09-23T15:10:09","modified_gmt":"2025-09-23T13:10:09","slug":"pantalon","status":"publish","type":"product","link":"https:\/\/sbdresshop.com\/de\/product\/pantalon\/","title":{"rendered":"Hose"},"content":{"rendered":"<p>Diese schwarze Hose mit wei\u00dfen Streifen ist elegant und raffiniert. Die lockere Passform bietet optimalen Komfort und bleibt dennoch raffiniert. Vertikale Streifen verleihen einen Hauch von Modernit\u00e4t und verl\u00e4ngern die Silhouette. In Kombination mit einer passenden Jacke oder einem schlichten Oberteil eignen sich diese Hosen perfekt f\u00fcr einen professionellen Look oder einen besonderen Anlass-Look.<\/p>","protected":false},"excerpt":{"rendered":"<p>Ce pantalon noir \u00e0 rayures blanches est \u00e9l\u00e9gant et raffin\u00e9. Il a une coupe ample qui offre un confort optimal tout en restant sophistiqu\u00e9. Les rayures verticales ajoutent une touche de modernit\u00e9 et allongent la silhouette. Ce pantalon est parfait pour un look professionnel ou une occasion sp\u00e9ciale lorsque il est associ\u00e9 \u00e0 une veste [&hellip;]<\/p>","protected":false},"featured_media":7240,"comment_status":"open","ping_status":"closed","template":"","meta":[],"product_cat":[138],"product_tag":[],"class_list":{"0":"post-7184","1":"product","2":"type-product","3":"status-publish","4":"has-post-thumbnail","6":"product_cat-pantalons","8":"first","9":"instock","10":"sale","11":"shipping-taxable","12":"purchasable","13":"product-type-variable"},"_links":{"self":[{"href":"https:\/\/sbdresshop.com\/de\/wp-json\/wp\/v2\/product\/7184","targetHints":{"allow":["GET"]}}],"collection":[{"href":"https:\/\/sbdresshop.com\/de\/wp-json\/wp\/v2\/product"}],"about":[{"href":"https:\/\/sbdresshop.com\/de\/wp-json\/wp\/v2\/types\/product"}],"replies":[{"embeddable":true,"href":"https:\/\/sbdresshop.com\/de\/wp-json\/wp\/v2\/comments?post=7184"}],"wp:featuredmedia":[{"embeddable":true,"href":"https:\/\/sbdresshop.com\/de\/wp-json\/wp\/v2\/media\/7240"}],"wp:attachment":[{"href":"https:\/\/sbdresshop.com\/de\/wp-json\/wp\/v2\/media?parent=7184"}],"wp:term":[{"taxonomy":"product_cat","embeddable":true,"href":"https:\/\/sbdresshop.com\/de\/wp-json\/wp\/v2\/product_cat?post=7184"},{"taxonomy":"product_tag","embeddable":true,"href":"https:\/\/sbdresshop.com\/de\/wp-json\/wp\/v2\/product_tag?post=7184"}],"curies":[{"name":"wp","href":"https:\/\/api.w.org\/{rel}","templated":true}]}}