{"id":7356,"date":"2025-03-11T21:44:13","date_gmt":"2025-03-11T20:44:13","guid":{"rendered":"https:\/\/sbdresshop.com\/?post_type=product&#038;p=7356"},"modified":"2026-01-18T17:05:13","modified_gmt":"2026-01-18T16:05:13","slug":"pearl-elegance","status":"publish","type":"product","link":"https:\/\/sbdresshop.com\/de\/product\/pearl-elegance\/","title":{"rendered":"PEARL ELEGANCE"},"content":{"rendered":"<p>El\u00e9gante et raffin\u00e9e, cette robe de soir\u00e9e attirera tous les\u00a0 regards lors de vos occasions sp\u00e9ciales ! Son design asym\u00e9trique, son d\u00e9tail drap\u00e9 qui \u00e9pouse la silhouette et sa manche transparente orn\u00e9e de perles offrent une allure sophistiqu\u00e9e. Sa coupe ajust\u00e9e met en valeur la f\u00e9minit\u00e9, tandis que son tissu fluide assure une allure gracieuse. Un choix parfait pour les soir\u00e9e, les fian\u00e7ailles, les remises de dipl\u00f4mes et les \u00e9v\u00e9nements sp\u00e9ciaux!<\/p>","protected":false},"excerpt":{"rendered":"<p>El\u00e9gante et raffin\u00e9e, cette robe de soir\u00e9e attirera tous les\u00a0 regards lors de vos occasions sp\u00e9ciales ! Son design asym\u00e9trique, son d\u00e9tail drap\u00e9 qui \u00e9pouse la silhouette et sa manche transparente orn\u00e9e de perles offrent une allure sophistiqu\u00e9e. Sa coupe ajust\u00e9e met en valeur la f\u00e9minit\u00e9, tandis que son tissu fluide assure une allure gracieuse. [&hellip;]<\/p>","protected":false},"featured_media":7395,"comment_status":"open","ping_status":"closed","template":"","meta":[],"product_cat":[147,130],"product_tag":[],"class_list":{"0":"post-7356","1":"product","2":"type-product","3":"status-publish","4":"has-post-thumbnail","6":"product_cat-robe-de-soiree","7":"product_cat-robes","9":"first","10":"instock","11":"shipping-taxable","12":"purchasable","13":"product-type-variable"},"_links":{"self":[{"href":"https:\/\/sbdresshop.com\/de\/wp-json\/wp\/v2\/product\/7356","targetHints":{"allow":["GET"]}}],"collection":[{"href":"https:\/\/sbdresshop.com\/de\/wp-json\/wp\/v2\/product"}],"about":[{"href":"https:\/\/sbdresshop.com\/de\/wp-json\/wp\/v2\/types\/product"}],"replies":[{"embeddable":true,"href":"https:\/\/sbdresshop.com\/de\/wp-json\/wp\/v2\/comments?post=7356"}],"wp:featuredmedia":[{"embeddable":true,"href":"https:\/\/sbdresshop.com\/de\/wp-json\/wp\/v2\/media\/7395"}],"wp:attachment":[{"href":"https:\/\/sbdresshop.com\/de\/wp-json\/wp\/v2\/media?parent=7356"}],"wp:term":[{"taxonomy":"product_cat","embeddable":true,"href":"https:\/\/sbdresshop.com\/de\/wp-json\/wp\/v2\/product_cat?post=7356"},{"taxonomy":"product_tag","embeddable":true,"href":"https:\/\/sbdresshop.com\/de\/wp-json\/wp\/v2\/product_tag?post=7356"}],"curies":[{"name":"wp","href":"https:\/\/api.w.org\/{rel}","templated":true}]}}