{"id":7491,"date":"2025-05-18T09:25:34","date_gmt":"2025-05-18T07:25:34","guid":{"rendered":"https:\/\/sbdresshop.com\/?post_type=product&#038;p=7491"},"modified":"2026-03-08T09:23:25","modified_gmt":"2026-03-08T08:23:25","slug":"robe-luna-noir","status":"publish","type":"product","link":"https:\/\/sbdresshop.com\/de\/product\/robe-luna-noir\/","title":{"rendered":"Robe luna noir"},"content":{"rendered":"<p>Une \u00e9l\u00e9gance sophistiqu\u00e9e avec une touche moderne.La coupe met en valeur la silhouette, et les d\u00e9tails\u00a0 brillants au niveau de la taille ajoutent du glamour discret. Parfaite pour une soir\u00e9e chic.<\/p>","protected":false},"excerpt":{"rendered":"<p>Une \u00e9l\u00e9gance sophistiqu\u00e9e avec une touche moderne.La coupe met en valeur la silhouette, et les d\u00e9tails\u00a0 brillants au niveau de la taille ajoutent du glamour discret. Parfaite pour une soir\u00e9e chic.<\/p>","protected":false},"featured_media":7469,"comment_status":"open","ping_status":"closed","template":"","meta":[],"product_cat":[147,130],"product_tag":[],"class_list":{"0":"post-7491","1":"product","2":"type-product","3":"status-publish","4":"has-post-thumbnail","6":"product_cat-robe-de-soiree","7":"product_cat-robes","9":"first","10":"instock","11":"sale","12":"shipping-taxable","13":"purchasable","14":"product-type-variable"},"_links":{"self":[{"href":"https:\/\/sbdresshop.com\/de\/wp-json\/wp\/v2\/product\/7491","targetHints":{"allow":["GET"]}}],"collection":[{"href":"https:\/\/sbdresshop.com\/de\/wp-json\/wp\/v2\/product"}],"about":[{"href":"https:\/\/sbdresshop.com\/de\/wp-json\/wp\/v2\/types\/product"}],"replies":[{"embeddable":true,"href":"https:\/\/sbdresshop.com\/de\/wp-json\/wp\/v2\/comments?post=7491"}],"wp:featuredmedia":[{"embeddable":true,"href":"https:\/\/sbdresshop.com\/de\/wp-json\/wp\/v2\/media\/7469"}],"wp:attachment":[{"href":"https:\/\/sbdresshop.com\/de\/wp-json\/wp\/v2\/media?parent=7491"}],"wp:term":[{"taxonomy":"product_cat","embeddable":true,"href":"https:\/\/sbdresshop.com\/de\/wp-json\/wp\/v2\/product_cat?post=7491"},{"taxonomy":"product_tag","embeddable":true,"href":"https:\/\/sbdresshop.com\/de\/wp-json\/wp\/v2\/product_tag?post=7491"}],"curies":[{"name":"wp","href":"https:\/\/api.w.org\/{rel}","templated":true}]}}