{"id":7513,"date":"2025-05-19T14:44:33","date_gmt":"2025-05-19T12:44:33","guid":{"rendered":"https:\/\/sbdresshop.com\/?post_type=product&#038;p=7513"},"modified":"2025-09-23T16:06:48","modified_gmt":"2025-09-23T14:06:48","slug":"robe-gris-perle","status":"publish","type":"product","link":"https:\/\/sbdresshop.com\/de\/product\/robe-gris-perle\/","title":{"rendered":"Robe gris perl\u00e9"},"content":{"rendered":"<p>Confort absolu et \u00e9l\u00e9gance discr\u00e8te cette robe au tissu ultra l\u00e9ger \u00e9pouse la silhouette tout en offrant une libert\u00e9 de mouvement incomparable. Parfaite pour vos journ\u00e9es d&#8217;\u00e9t\u00e9 ou vos sorties \u00e9l\u00e9gantes.<\/p>","protected":false},"excerpt":{"rendered":"<p>Confort absolu et \u00e9l\u00e9gance discr\u00e8te cette robe au tissu ultra l\u00e9ger \u00e9pouse la silhouette tout en offrant une libert\u00e9 de mouvement incomparable. Parfaite pour vos journ\u00e9es d&#8217;\u00e9t\u00e9 ou vos sorties \u00e9l\u00e9gantes.<\/p>","protected":false},"featured_media":7471,"comment_status":"open","ping_status":"closed","template":"","meta":[],"product_cat":[147,130],"product_tag":[],"class_list":{"0":"post-7513","1":"product","2":"type-product","3":"status-publish","4":"has-post-thumbnail","6":"product_cat-robe-de-soiree","7":"product_cat-robes","9":"first","10":"instock","11":"sale","12":"shipping-taxable","13":"purchasable","14":"product-type-variable"},"_links":{"self":[{"href":"https:\/\/sbdresshop.com\/de\/wp-json\/wp\/v2\/product\/7513","targetHints":{"allow":["GET"]}}],"collection":[{"href":"https:\/\/sbdresshop.com\/de\/wp-json\/wp\/v2\/product"}],"about":[{"href":"https:\/\/sbdresshop.com\/de\/wp-json\/wp\/v2\/types\/product"}],"replies":[{"embeddable":true,"href":"https:\/\/sbdresshop.com\/de\/wp-json\/wp\/v2\/comments?post=7513"}],"wp:featuredmedia":[{"embeddable":true,"href":"https:\/\/sbdresshop.com\/de\/wp-json\/wp\/v2\/media\/7471"}],"wp:attachment":[{"href":"https:\/\/sbdresshop.com\/de\/wp-json\/wp\/v2\/media?parent=7513"}],"wp:term":[{"taxonomy":"product_cat","embeddable":true,"href":"https:\/\/sbdresshop.com\/de\/wp-json\/wp\/v2\/product_cat?post=7513"},{"taxonomy":"product_tag","embeddable":true,"href":"https:\/\/sbdresshop.com\/de\/wp-json\/wp\/v2\/product_tag?post=7513"}],"curies":[{"name":"wp","href":"https:\/\/api.w.org\/{rel}","templated":true}]}}