{"id":7555,"date":"2025-06-26T12:50:32","date_gmt":"2025-06-26T10:50:32","guid":{"rendered":"https:\/\/sbdresshop.com\/?post_type=product&#038;p=7555"},"modified":"2025-09-23T15:57:23","modified_gmt":"2025-09-23T13:57:23","slug":"robe-viola-confort","status":"publish","type":"product","link":"https:\/\/sbdresshop.com\/de\/product\/robe-viola-confort\/","title":{"rendered":"Robe Viola Confort"},"content":{"rendered":"<p>Alliez \u00e9l\u00e9gance et praticit\u00e9 au quotidien avec la robe viola confort, une pi\u00e8ce indispensable dans votre garde-robe. Grace \u00e0 son tissu sp\u00e9cial qui ne se froisse pas , elle est id\u00e9ale pour les journ\u00e9es charg\u00e9es : enfilez l\u00e0 et c`est parti! L\u00e9g\u00e8re mais totalement opaque, elle garantit\u00a0 confort et discr\u00e9tions. Sa taille \u00e9lastiqu\u00e9e met la silhouette en valeur tout en offrant une grande libert\u00e9 de mouvement. Les poches lat\u00e9rales ajoutent une touche pratique \u00e0 ce model\u00e9 \u00e0\u00a0 la fois chic et d\u00e9contract\u00e9. Parfaite pour l \u00e9t\u00e9, que ce soit en ville ou en vacances.<\/p>\n<p>DETAILS:<\/p>\n<p>.Ne n\u00e9cessite pas de repassage<\/p>\n<p>.Ne laisse pas apparaitre les sous-v\u00eatements<\/p>\n<p>.Avec poches lat\u00e9rales<\/p>\n<p>.Taille \u00e9lastiqu\u00e9e<\/p>\n<p>.Col boutonne<\/p>\n<p>.Couler: Vert olive\/brun<\/p>\n<p>.Longueur: Midi<\/p>","protected":false},"excerpt":{"rendered":"<p>Alliez \u00e9l\u00e9gance et praticit\u00e9 au quotidien avec la robe viola confort, une pi\u00e8ce indispensable dans votre garde-robe. Grace \u00e0 son tissu sp\u00e9cial qui ne se froisse pas , elle est id\u00e9ale pour les journ\u00e9es charg\u00e9es : enfilez l\u00e0 et c`est parti! L\u00e9g\u00e8re mais totalement opaque, elle garantit\u00a0 confort et discr\u00e9tions. Sa taille \u00e9lastiqu\u00e9e met la [&hellip;]<\/p>","protected":false},"featured_media":7549,"comment_status":"open","ping_status":"closed","template":"","meta":[],"product_cat":[130],"product_tag":[],"class_list":{"0":"post-7555","1":"product","2":"type-product","3":"status-publish","4":"has-post-thumbnail","6":"product_cat-robes","8":"first","9":"instock","10":"sale","11":"shipping-taxable","12":"purchasable","13":"product-type-variable"},"_links":{"self":[{"href":"https:\/\/sbdresshop.com\/de\/wp-json\/wp\/v2\/product\/7555","targetHints":{"allow":["GET"]}}],"collection":[{"href":"https:\/\/sbdresshop.com\/de\/wp-json\/wp\/v2\/product"}],"about":[{"href":"https:\/\/sbdresshop.com\/de\/wp-json\/wp\/v2\/types\/product"}],"replies":[{"embeddable":true,"href":"https:\/\/sbdresshop.com\/de\/wp-json\/wp\/v2\/comments?post=7555"}],"wp:featuredmedia":[{"embeddable":true,"href":"https:\/\/sbdresshop.com\/de\/wp-json\/wp\/v2\/media\/7549"}],"wp:attachment":[{"href":"https:\/\/sbdresshop.com\/de\/wp-json\/wp\/v2\/media?parent=7555"}],"wp:term":[{"taxonomy":"product_cat","embeddable":true,"href":"https:\/\/sbdresshop.com\/de\/wp-json\/wp\/v2\/product_cat?post=7555"},{"taxonomy":"product_tag","embeddable":true,"href":"https:\/\/sbdresshop.com\/de\/wp-json\/wp\/v2\/product_tag?post=7555"}],"curies":[{"name":"wp","href":"https:\/\/api.w.org\/{rel}","templated":true}]}}