{"id":855,"date":"2021-04-01T13:59:59","date_gmt":"2021-04-01T06:59:59","guid":{"rendered":"https:\/\/sbdresshop.com\/?page_id=855"},"modified":"2024-12-08T11:35:51","modified_gmt":"2024-12-08T10:35:51","slug":"termes-et-conditions","status":"publish","type":"page","link":"https:\/\/sbdresshop.com\/en\/termes-et-conditions\/","title":{"rendered":"Terms and Conditions"},"content":{"rendered":"<div data-elementor-type=\"wp-page\" data-elementor-id=\"855\" class=\"elementor elementor-855\">\n\t\t\t\t<div class=\"elementor-element elementor-element-14023d17 e-flex e-con-boxed e-con e-parent\" data-id=\"14023d17\" data-element_type=\"container\">\n\t\t\t\t\t<div class=\"e-con-inner\">\n\t\t\t\t<div class=\"elementor-element elementor-element-62aaa642 elementor-widget elementor-widget-text-editor\" data-id=\"62aaa642\" data-element_type=\"widget\" data-widget_type=\"text-editor.default\">\n\t\t\t\t<div class=\"elementor-widget-container\"><p>Welcome to <strong>sbdressshop.com<\/strong>. By using our site and placing an order, you agree to the following terms and conditions. Please read these terms carefully before completing your purchase.<\/p>\n<h3>1. <strong>Introduction<\/strong><\/h3>\n<p>These terms and conditions govern all transactions made on our site. By accessing sbdresshop.com, you agree to these terms in full.<\/p>\n<h3>2. <strong>Products<\/strong><\/h3>\n<ul>\n<li>All products offered on our site are described as accurately as possible.<\/li>\n<li>Product images are for illustrative purposes only and may differ slightly from the actual product.<\/li>\n<\/ul>\n<h3>3. <strong>Price and Payment<\/strong><\/h3>\n<ul>\n<li>All prices are displayed in [insert currency] and include applicable taxes.<\/li>\n<li>Accepted payment methods are detailed at the time of payment.<\/li>\n<\/ul>\n<h3>4. <strong>Order<\/strong><\/h3>\n<ul>\n<li>An order is confirmed once we have received your payment.<\/li>\n<li>Nous nous r\u00e9servons le droit de refuser ou d&#8217;annuler une commande pour des raisons l\u00e9gitimes (disponibilit\u00e9 du produit, probl\u00e8me de paiement, etc.).<\/li>\n<\/ul>\n<h3>5. <strong>Delivery<\/strong><\/h3>\n<ul>\n<li>Delivery costs and times are specified when finalizing your order.<\/li>\n<li>SBDressShop.com cannot be held responsible for delays due to unforeseen circumstances or external carriers.<\/li>\n<\/ul>\n<h3>6. <strong>Return and Refund Policy<\/strong><\/h3>\n<ul>\n<li>Vous avez le droit de retourner un produit dans un d\u00e9lai de 7 jours apr\u00e8s r\u00e9ception, \u00e0 condition qu&#8217;il soit dans son \u00e9tat d&#8217;origine.<\/li>\n<li>Les frais de retour sont \u00e0 votre charge, sauf en cas de produit d\u00e9fectueux ou d&#8217;erreur de notre part.<\/li>\n<\/ul>\n<h3>7. <strong>Data Protection<\/strong><\/h3>\n<ul>\n<li>Your personal information is collected and used in accordance with our Privacy Policy.<\/li>\n<\/ul>\n<h3>8. <strong>Responsibility<\/strong><\/h3>\n<ul>\n<li>sbdresshop.com ne peut \u00eatre tenu responsable des dommages indirects li\u00e9s \u00e0 l&#8217;utilisation de notre site ou de nos produits.<\/li>\n<\/ul>\n<h3>9. <strong>Changes to the Terms<\/strong><\/h3>\n<ul>\n<li>We reserve the right to modify these conditions at any time. The modifications will be applicable as soon as they are published on the site.<\/li>\n<\/ul><\/div>\n\t\t\t\t<\/div>\n\t\t\t\t\t<\/div>\n\t\t\t\t<\/div>\t\t<\/div>","protected":false},"excerpt":{"rendered":"<p>Welcome to sbdresshop.com. By using our site and placing an order, you agree to the following terms and conditions. Please read these terms carefully before completing your purchase. 1. Introduction These terms and conditions govern all transactions made on our site. By accessing sbdresshop.com, you agree to these terms in full. 2. Products [\u2026]<\/p>","protected":false},"author":1,"featured_media":0,"parent":0,"menu_order":0,"comment_status":"closed","ping_status":"closed","template":"","meta":{"footnotes":""},"class_list":["post-855","page","type-page","status-publish","hentry"],"_links":{"self":[{"href":"https:\/\/sbdresshop.com\/en\/wp-json\/wp\/v2\/pages\/855","targetHints":{"allow":["GET"]}}],"collection":[{"href":"https:\/\/sbdresshop.com\/en\/wp-json\/wp\/v2\/pages"}],"about":[{"href":"https:\/\/sbdresshop.com\/en\/wp-json\/wp\/v2\/types\/page"}],"author":[{"embeddable":true,"href":"https:\/\/sbdresshop.com\/en\/wp-json\/wp\/v2\/users\/1"}],"replies":[{"embeddable":true,"href":"https:\/\/sbdresshop.com\/en\/wp-json\/wp\/v2\/comments?post=855"}],"version-history":[{"count":16,"href":"https:\/\/sbdresshop.com\/en\/wp-json\/wp\/v2\/pages\/855\/revisions"}],"predecessor-version":[{"id":7166,"href":"https:\/\/sbdresshop.com\/en\/wp-json\/wp\/v2\/pages\/855\/revisions\/7166"}],"wp:attachment":[{"href":"https:\/\/sbdresshop.com\/en\/wp-json\/wp\/v2\/media?parent=855"}],"curies":[{"name":"wp","href":"https:\/\/api.w.org\/{rel}","templated":true}]}}