{"id":6741,"date":"2024-11-24T18:42:49","date_gmt":"2024-11-24T17:42:49","guid":{"rendered":"https:\/\/sbdresshop.com\/?post_type=product&#038;p=6741"},"modified":"2026-03-08T09:43:59","modified_gmt":"2026-03-08T08:43:59","slug":"leopar-takim-elbise-2","status":"publish","type":"product","link":"https:\/\/sbdresshop.com\/en\/product\/leopar-takim-elbise-2\/","title":{"rendered":"Leopard Jumpsuits"},"content":{"rendered":"<p>Vous souhaitez faire la diff\u00e9rence avec votre style et faire forte impression? Cette combinaison \u00e0 imprim\u00e9 l\u00e9opard est faite pour vous! Avec son design audacieux et \u00e9l\u00e9gant, vous pouvez facilement passer du jour \u00e0 la nuit et mettre en valeur votre \u00e9l\u00e9gance, dans n&#8217;importe quel environnement. Veuillez choisir une taille plus grande que votre taille habituelle.<\/p>","protected":false},"excerpt":{"rendered":"<p>Vous souhaitez faire la diff\u00e9rence avec votre style et faire forte impression? Cette combinaison \u00e0 imprim\u00e9 l\u00e9opard est faite pour vous! Avec son design audacieux et \u00e9l\u00e9gant, vous pouvez facilement passer du jour \u00e0 la nuit et mettre en valeur votre \u00e9l\u00e9gance, dans n&#8217;importe quel environnement. Veuillez choisir une taille plus grande que votre taille [&hellip;]<\/p>","protected":false},"featured_media":6742,"comment_status":"closed","ping_status":"closed","template":"","meta":[],"product_cat":[131],"product_tag":[],"class_list":{"0":"post-6741","1":"product","2":"type-product","3":"status-publish","4":"has-post-thumbnail","6":"product_cat-combinaisons","8":"first","9":"instock","10":"sale","11":"shipping-taxable","12":"purchasable","13":"product-type-variable"},"_links":{"self":[{"href":"https:\/\/sbdresshop.com\/en\/wp-json\/wp\/v2\/product\/6741","targetHints":{"allow":["GET"]}}],"collection":[{"href":"https:\/\/sbdresshop.com\/en\/wp-json\/wp\/v2\/product"}],"about":[{"href":"https:\/\/sbdresshop.com\/en\/wp-json\/wp\/v2\/types\/product"}],"replies":[{"embeddable":true,"href":"https:\/\/sbdresshop.com\/en\/wp-json\/wp\/v2\/comments?post=6741"}],"wp:featuredmedia":[{"embeddable":true,"href":"https:\/\/sbdresshop.com\/en\/wp-json\/wp\/v2\/media\/6742"}],"wp:attachment":[{"href":"https:\/\/sbdresshop.com\/en\/wp-json\/wp\/v2\/media?parent=6741"}],"wp:term":[{"taxonomy":"product_cat","embeddable":true,"href":"https:\/\/sbdresshop.com\/en\/wp-json\/wp\/v2\/product_cat?post=6741"},{"taxonomy":"product_tag","embeddable":true,"href":"https:\/\/sbdresshop.com\/en\/wp-json\/wp\/v2\/product_tag?post=6741"}],"curies":[{"name":"wp","href":"https:\/\/api.w.org\/{rel}","templated":true}]}}