{"id":6770,"date":"2024-11-26T09:29:49","date_gmt":"2024-11-26T08:29:49","guid":{"rendered":"https:\/\/sbdresshop.com\/?post_type=product&#038;p=6770"},"modified":"2025-11-27T20:28:49","modified_gmt":"2025-11-27T19:28:49","slug":"robe-leopar-gri","status":"publish","type":"product","link":"https:\/\/sbdresshop.com\/en\/product\/robe-leopar-gri\/","title":{"rendered":"Grey leopard dress"},"content":{"rendered":"<p>Cette magnifique robe, \u00e0 l&#8217;image de votre style, est con\u00e7ue pour ajouter de l&#8217;\u00e9l\u00e9gance \u00e0 chaque instant. Avec son tissu de haute qualit\u00e9 et ses d\u00e9tails soigneusement travaill\u00e9s, elle offre un look \u00e0 la fois confortable et chic.<\/p>","protected":false},"excerpt":{"rendered":"<p>Cette magnifique robe, \u00e0 l&#8217;image de votre style, est con\u00e7ue pour ajouter de l&#8217;\u00e9l\u00e9gance \u00e0 chaque instant. Avec son tissu de haute qualit\u00e9 et ses d\u00e9tails soigneusement travaill\u00e9s, elle offre un look \u00e0 la fois confortable et chic.<\/p>","protected":false},"featured_media":6752,"comment_status":"open","ping_status":"closed","template":"","meta":[],"product_cat":[147,130],"product_tag":[],"class_list":{"0":"post-6770","1":"product","2":"type-product","3":"status-publish","4":"has-post-thumbnail","6":"product_cat-robe-de-soiree","7":"product_cat-robes","9":"first","10":"instock","11":"sale","12":"shipping-taxable","13":"purchasable","14":"product-type-variable"},"_links":{"self":[{"href":"https:\/\/sbdresshop.com\/en\/wp-json\/wp\/v2\/product\/6770","targetHints":{"allow":["GET"]}}],"collection":[{"href":"https:\/\/sbdresshop.com\/en\/wp-json\/wp\/v2\/product"}],"about":[{"href":"https:\/\/sbdresshop.com\/en\/wp-json\/wp\/v2\/types\/product"}],"replies":[{"embeddable":true,"href":"https:\/\/sbdresshop.com\/en\/wp-json\/wp\/v2\/comments?post=6770"}],"wp:featuredmedia":[{"embeddable":true,"href":"https:\/\/sbdresshop.com\/en\/wp-json\/wp\/v2\/media\/6752"}],"wp:attachment":[{"href":"https:\/\/sbdresshop.com\/en\/wp-json\/wp\/v2\/media?parent=6770"}],"wp:term":[{"taxonomy":"product_cat","embeddable":true,"href":"https:\/\/sbdresshop.com\/en\/wp-json\/wp\/v2\/product_cat?post=6770"},{"taxonomy":"product_tag","embeddable":true,"href":"https:\/\/sbdresshop.com\/en\/wp-json\/wp\/v2\/product_tag?post=6770"}],"curies":[{"name":"wp","href":"https:\/\/api.w.org\/{rel}","templated":true}]}}