{"id":7044,"date":"2024-12-01T20:46:27","date_gmt":"2024-12-01T19:46:27","guid":{"rendered":"https:\/\/sbdresshop.com\/?post_type=product&#038;p=7044"},"modified":"2025-11-30T22:36:13","modified_gmt":"2025-11-30T21:36:13","slug":"moana","status":"publish","type":"product","link":"https:\/\/sbdresshop.com\/en\/product\/moana\/","title":{"rendered":"Moana dress"},"content":{"rendered":"<p>Cette robe noire \u00e9l\u00e9gante saura vous d\u00e9marquer. La noblesse du noir vous attend dans toute sa splendeur. Notre robe avec sa texture scintillante sera en parfaite harmonie avec vos accessoires \u00e9l\u00e9gants.\u00a0 \u00a0 \u00a0 \u00a0 \u00a0 \u00a0 \u00a0 \u00a0 \u00a0 \u00a0 \u00a0 \u00a0 \u00a0 \u00a0 \u00a0 \u00a0 \u00a0 \u00a0 \u00a0 \u00a0 \u00a0 \u00a0 \u00a0Polyester%100<\/p>","protected":false},"excerpt":{"rendered":"<p>Cette robe noire \u00e9l\u00e9gante saura vous d\u00e9marquer. La noblesse du noir vous attend dans toute sa splendeur. Notre robe avec sa texture scintillante sera en parfaite harmonie avec vos accessoires \u00e9l\u00e9gants.\u00a0 \u00a0 \u00a0 \u00a0 \u00a0 \u00a0 \u00a0 \u00a0 \u00a0 \u00a0 \u00a0 \u00a0 \u00a0 \u00a0 \u00a0 \u00a0 \u00a0 \u00a0 \u00a0 \u00a0 \u00a0 \u00a0 \u00a0Polyester%100<\/p>","protected":false},"featured_media":7040,"comment_status":"open","ping_status":"closed","template":"","meta":[],"product_cat":[147,130],"product_tag":[167],"class_list":{"0":"post-7044","1":"product","2":"type-product","3":"status-publish","4":"has-post-thumbnail","6":"product_cat-robe-de-soiree","7":"product_cat-robes","8":"product_tag-robe-moana","10":"first","11":"instock","12":"shipping-taxable","13":"purchasable","14":"product-type-variable"},"_links":{"self":[{"href":"https:\/\/sbdresshop.com\/en\/wp-json\/wp\/v2\/product\/7044","targetHints":{"allow":["GET"]}}],"collection":[{"href":"https:\/\/sbdresshop.com\/en\/wp-json\/wp\/v2\/product"}],"about":[{"href":"https:\/\/sbdresshop.com\/en\/wp-json\/wp\/v2\/types\/product"}],"replies":[{"embeddable":true,"href":"https:\/\/sbdresshop.com\/en\/wp-json\/wp\/v2\/comments?post=7044"}],"wp:featuredmedia":[{"embeddable":true,"href":"https:\/\/sbdresshop.com\/en\/wp-json\/wp\/v2\/media\/7040"}],"wp:attachment":[{"href":"https:\/\/sbdresshop.com\/en\/wp-json\/wp\/v2\/media?parent=7044"}],"wp:term":[{"taxonomy":"product_cat","embeddable":true,"href":"https:\/\/sbdresshop.com\/en\/wp-json\/wp\/v2\/product_cat?post=7044"},{"taxonomy":"product_tag","embeddable":true,"href":"https:\/\/sbdresshop.com\/en\/wp-json\/wp\/v2\/product_tag?post=7044"}],"curies":[{"name":"wp","href":"https:\/\/api.w.org\/{rel}","templated":true}]}}