{"id":7245,"date":"2025-02-25T15:56:29","date_gmt":"2025-02-25T14:56:29","guid":{"rendered":"https:\/\/sbdresshop.com\/?post_type=product&#038;p=7245"},"modified":"2026-03-08T09:35:16","modified_gmt":"2026-03-08T08:35:16","slug":"blazer-tailleurs-3-pieces","status":"publish","type":"product","link":"https:\/\/sbdresshop.com\/en\/product\/blazer-tailleurs-3-pieces\/","title":{"rendered":"BLAZER &#038;TAILLEURS 3 PIECES"},"content":{"rendered":"<p>Un choix parfait pour un look \u00e9l\u00e9gant et intemporel!<\/p>\n<p>Ce magnifique ensemble noir trois pi\u00e8ces , compos\u00e9 d&#8217;un pantalon fluide, d&#8217;un blazer moderne et d&#8217;un bustier raffine, allie confort et sophistication. Ideal pour le quotidien, les occasions sp\u00e9ciales ou le milieu professionnel.<\/p>\n<p>_Tissu de haute qualit\u00e9<br \/>\n_Coupe \u00e9l\u00e9gante et moderne<br \/>\n_Une pi\u00e8ce intemporelle pour toutes les occasions<\/p>\n<p>Pour commander ou obtenir\u00a0 plus d&#8217;informations, contactez nous!<\/p>","protected":false},"excerpt":{"rendered":"<p>Un choix parfait pour un look \u00e9l\u00e9gant et intemporel! Ce magnifique ensemble noir trois pi\u00e8ces , compos\u00e9 d&#8217;un pantalon fluide, d&#8217;un blazer moderne et d&#8217;un bustier raffine, allie confort et sophistication. Ideal pour le quotidien, les occasions sp\u00e9ciales ou le milieu professionnel. _Tissu de haute qualit\u00e9 _Coupe \u00e9l\u00e9gante et moderne _Une pi\u00e8ce intemporelle pour toutes [&hellip;]<\/p>","protected":false},"featured_media":7232,"comment_status":"closed","ping_status":"closed","template":"","meta":[],"product_cat":[136],"product_tag":[],"class_list":{"0":"post-7245","1":"product","2":"type-product","3":"status-publish","4":"has-post-thumbnail","6":"product_cat-blazers-tailleurs","8":"first","9":"instock","10":"sale","11":"shipping-taxable","12":"purchasable","13":"product-type-variable"},"_links":{"self":[{"href":"https:\/\/sbdresshop.com\/en\/wp-json\/wp\/v2\/product\/7245","targetHints":{"allow":["GET"]}}],"collection":[{"href":"https:\/\/sbdresshop.com\/en\/wp-json\/wp\/v2\/product"}],"about":[{"href":"https:\/\/sbdresshop.com\/en\/wp-json\/wp\/v2\/types\/product"}],"replies":[{"embeddable":true,"href":"https:\/\/sbdresshop.com\/en\/wp-json\/wp\/v2\/comments?post=7245"}],"wp:featuredmedia":[{"embeddable":true,"href":"https:\/\/sbdresshop.com\/en\/wp-json\/wp\/v2\/media\/7232"}],"wp:attachment":[{"href":"https:\/\/sbdresshop.com\/en\/wp-json\/wp\/v2\/media?parent=7245"}],"wp:term":[{"taxonomy":"product_cat","embeddable":true,"href":"https:\/\/sbdresshop.com\/en\/wp-json\/wp\/v2\/product_cat?post=7245"},{"taxonomy":"product_tag","embeddable":true,"href":"https:\/\/sbdresshop.com\/en\/wp-json\/wp\/v2\/product_tag?post=7245"}],"curies":[{"name":"wp","href":"https:\/\/api.w.org\/{rel}","templated":true}]}}