{"id":7808,"date":"2025-12-16T08:31:51","date_gmt":"2025-12-16T07:31:51","guid":{"rendered":"https:\/\/sbdresshop.com\/?post_type=product&#038;p=7808"},"modified":"2025-12-16T08:39:15","modified_gmt":"2025-12-16T07:39:15","slug":"nocturne","status":"publish","type":"product","link":"https:\/\/sbdresshop.com\/en\/product\/nocturne\/","title":{"rendered":"NOCTURNE"},"content":{"rendered":"<p>Nocturne est une veste au taillerin pr\u00e9cis, pens\u00e9e pour celles qui aiment l&#8217;\u00e9l\u00e9gance discr\u00e8te et le pouvoir du minimalisme. Sa coupe structur\u00e9e allonge la silhouette tandis que le noir profond \u00e9voque la noit, myst\u00e9rieuse et intemporelle. A la fois moderne et classique, elle se porte comme une signature: sans effort, avec assurance. Une\u00a0 pi\u00e8ce essentielle, faite pour traverser les saisons et les moments forts.<\/p>","protected":false},"excerpt":{"rendered":"<p>Nocturne est une veste au taillerin pr\u00e9cis, pens\u00e9e pour celles qui aiment l&#8217;\u00e9l\u00e9gance discr\u00e8te et le pouvoir du minimalisme. Sa coupe structur\u00e9e allonge la silhouette tandis que le noir profond \u00e9voque la noit, myst\u00e9rieuse et intemporelle. A la fois moderne et classique, elle se porte comme une signature: sans effort, avec assurance. Une\u00a0 pi\u00e8ce essentielle, [&hellip;]<\/p>","protected":false},"featured_media":7792,"comment_status":"open","ping_status":"closed","template":"","meta":[],"product_cat":[136],"product_tag":[],"class_list":{"0":"post-7808","1":"product","2":"type-product","3":"status-publish","4":"has-post-thumbnail","6":"product_cat-blazers-tailleurs","8":"first","9":"instock","10":"shipping-taxable","11":"purchasable","12":"product-type-variable"},"_links":{"self":[{"href":"https:\/\/sbdresshop.com\/en\/wp-json\/wp\/v2\/product\/7808","targetHints":{"allow":["GET"]}}],"collection":[{"href":"https:\/\/sbdresshop.com\/en\/wp-json\/wp\/v2\/product"}],"about":[{"href":"https:\/\/sbdresshop.com\/en\/wp-json\/wp\/v2\/types\/product"}],"replies":[{"embeddable":true,"href":"https:\/\/sbdresshop.com\/en\/wp-json\/wp\/v2\/comments?post=7808"}],"wp:featuredmedia":[{"embeddable":true,"href":"https:\/\/sbdresshop.com\/en\/wp-json\/wp\/v2\/media\/7792"}],"wp:attachment":[{"href":"https:\/\/sbdresshop.com\/en\/wp-json\/wp\/v2\/media?parent=7808"}],"wp:term":[{"taxonomy":"product_cat","embeddable":true,"href":"https:\/\/sbdresshop.com\/en\/wp-json\/wp\/v2\/product_cat?post=7808"},{"taxonomy":"product_tag","embeddable":true,"href":"https:\/\/sbdresshop.com\/en\/wp-json\/wp\/v2\/product_tag?post=7808"}],"curies":[{"name":"wp","href":"https:\/\/api.w.org\/{rel}","templated":true}]}}