{"id":7836,"date":"2026-01-14T20:32:49","date_gmt":"2026-01-14T19:32:49","guid":{"rendered":"https:\/\/sbdresshop.com\/?post_type=product&#038;p=7836"},"modified":"2026-01-23T15:19:04","modified_gmt":"2026-01-23T14:19:04","slug":"veste-terra","status":"publish","type":"product","link":"https:\/\/sbdresshop.com\/en\/product\/veste-terra\/","title":{"rendered":"VESTE TERRA"},"content":{"rendered":"<p>Veste en brun chocolat \u00e0 la coupe structur\u00e9e et ceintur\u00e9e. Une pi\u00e8ce \u00e9l\u00e9gante qui met en valeur la silhouette avec simplicit\u00e9 et caract\u00e8re.<\/p>","protected":false},"excerpt":{"rendered":"<p>Veste en brun chocolat \u00e0 la coupe structur\u00e9e et ceintur\u00e9e. Une pi\u00e8ce \u00e9l\u00e9gante qui met en valeur la silhouette avec simplicit\u00e9 et caract\u00e8re.<\/p>","protected":false},"featured_media":7835,"comment_status":"open","ping_status":"closed","template":"","meta":[],"product_cat":[136],"product_tag":[],"class_list":{"0":"post-7836","1":"product","2":"type-product","3":"status-publish","4":"has-post-thumbnail","6":"product_cat-blazers-tailleurs","8":"first","9":"instock","10":"shipping-taxable","11":"purchasable","12":"product-type-variable"},"_links":{"self":[{"href":"https:\/\/sbdresshop.com\/en\/wp-json\/wp\/v2\/product\/7836","targetHints":{"allow":["GET"]}}],"collection":[{"href":"https:\/\/sbdresshop.com\/en\/wp-json\/wp\/v2\/product"}],"about":[{"href":"https:\/\/sbdresshop.com\/en\/wp-json\/wp\/v2\/types\/product"}],"replies":[{"embeddable":true,"href":"https:\/\/sbdresshop.com\/en\/wp-json\/wp\/v2\/comments?post=7836"}],"wp:featuredmedia":[{"embeddable":true,"href":"https:\/\/sbdresshop.com\/en\/wp-json\/wp\/v2\/media\/7835"}],"wp:attachment":[{"href":"https:\/\/sbdresshop.com\/en\/wp-json\/wp\/v2\/media?parent=7836"}],"wp:term":[{"taxonomy":"product_cat","embeddable":true,"href":"https:\/\/sbdresshop.com\/en\/wp-json\/wp\/v2\/product_cat?post=7836"},{"taxonomy":"product_tag","embeddable":true,"href":"https:\/\/sbdresshop.com\/en\/wp-json\/wp\/v2\/product_tag?post=7836"}],"curies":[{"name":"wp","href":"https:\/\/api.w.org\/{rel}","templated":true}]}}