{"id":7884,"date":"2026-02-06T17:19:57","date_gmt":"2026-02-06T16:19:57","guid":{"rendered":"https:\/\/sbdresshop.com\/?post_type=product&#038;p=7884"},"modified":"2026-03-19T22:35:13","modified_gmt":"2026-03-19T21:35:13","slug":"la-noblesse","status":"publish","type":"product","link":"https:\/\/sbdresshop.com\/en\/product\/la-noblesse\/","title":{"rendered":"LA NOBLESSE"},"content":{"rendered":"<p>Notre \u00e9quipe incarne l&#8217;\u00e9l\u00e9gance intemporelle. Le noir n est pas seulement une couleur , c est une attitude. Chaque d\u00e9tail refl\u00e9t\u00e9 la noblesse , la coh\u00e9sion et une pr\u00e9sence forte.<\/p>","protected":false},"excerpt":{"rendered":"<p>Notre \u00e9quipe incarne l&#8217;\u00e9l\u00e9gance intemporelle. Le noir n est pas seulement une couleur , c est une attitude. Chaque d\u00e9tail refl\u00e9t\u00e9 la noblesse , la coh\u00e9sion et une pr\u00e9sence forte.<\/p>","protected":false},"featured_media":7876,"comment_status":"open","ping_status":"closed","template":"","meta":[],"product_cat":[136],"product_tag":[],"class_list":{"0":"post-7884","1":"product","2":"type-product","3":"status-publish","4":"has-post-thumbnail","6":"product_cat-blazers-tailleurs","8":"first","9":"instock","10":"shipping-taxable","11":"purchasable","12":"product-type-variable"},"_links":{"self":[{"href":"https:\/\/sbdresshop.com\/en\/wp-json\/wp\/v2\/product\/7884","targetHints":{"allow":["GET"]}}],"collection":[{"href":"https:\/\/sbdresshop.com\/en\/wp-json\/wp\/v2\/product"}],"about":[{"href":"https:\/\/sbdresshop.com\/en\/wp-json\/wp\/v2\/types\/product"}],"replies":[{"embeddable":true,"href":"https:\/\/sbdresshop.com\/en\/wp-json\/wp\/v2\/comments?post=7884"}],"wp:featuredmedia":[{"embeddable":true,"href":"https:\/\/sbdresshop.com\/en\/wp-json\/wp\/v2\/media\/7876"}],"wp:attachment":[{"href":"https:\/\/sbdresshop.com\/en\/wp-json\/wp\/v2\/media?parent=7884"}],"wp:term":[{"taxonomy":"product_cat","embeddable":true,"href":"https:\/\/sbdresshop.com\/en\/wp-json\/wp\/v2\/product_cat?post=7884"},{"taxonomy":"product_tag","embeddable":true,"href":"https:\/\/sbdresshop.com\/en\/wp-json\/wp\/v2\/product_tag?post=7884"}],"curies":[{"name":"wp","href":"https:\/\/api.w.org\/{rel}","templated":true}]}}