{"id":3,"date":"2024-11-14T05:47:54","date_gmt":"2024-11-14T04:47:54","guid":{"rendered":"https:\/\/sbdresshop.com\/?page_id=3"},"modified":"2024-11-30T10:52:49","modified_gmt":"2024-11-30T09:52:49","slug":"politique-de-confidentialite","status":"publish","type":"page","link":"https:\/\/sbdresshop.com\/es\/politique-de-confidentialite\/","title":{"rendered":"pol\u00edtica de privacidad"},"content":{"rendered":"<p>en la casa de <strong>Sbdressshop.com<\/strong>, damos gran importancia a la confidencialidad y protecci\u00f3n de sus datos personales. Esta pol\u00edtica de privacidad explica c\u00f3mo recopilamos, usamos, almacenamos y protegemos su informaci\u00f3n de acuerdo con las leyes aplicables.<\/p><h4 class=\"wp-block-heading\"><strong>1. Recopilaci\u00f3n de Datos Personales<\/strong><\/h4><p>Cuando utiliza nuestro sitio, podemos recopilar la siguiente informaci\u00f3n:<\/p><ul class=\"wp-block-list\"><li><strong>Informaci\u00f3n del contacto:<\/strong> Nombre, nombre, direcci\u00f3n de correo electr\u00f3nico, n\u00famero de tel\u00e9fono, direcci\u00f3n postal.<\/li>\n\n<li><strong>Informaci\u00f3n de pago:<\/strong> Datos necesarios para procesar sus pedidos (esta informaci\u00f3n es segura y nunca se comparte con terceros).<\/li>\n\n<li><strong>Datos de navegaci\u00f3n:<\/strong> Direcci\u00f3n IP, tipo de navegador, p\u00e1ginas visitadas, tiempo de conexi\u00f3n.<\/li><\/ul><h4 class=\"wp-block-heading\"><strong>2. Uso de datos<\/strong><\/h4><p>Sus datos se recogen con las siguientes finalidades:<\/p><ul class=\"wp-block-list\"><li>Procesamiento y env\u00edo de sus pedidos.<\/li>\n\n<li>Comunicaci\u00f3n relacionada con sus compras o nuestras ofertas promocionales.<\/li>\n\n<li>Mejorar nuestro sitio y su experiencia de usuario.<\/li>\n\n<li>Cumplimiento de obligaciones legales y reglamentarias.<\/li><\/ul><h4 class=\"wp-block-heading\"><strong>3. Intercambio de datos<\/strong><\/h4><p>Sus datos personales nunca se venden a terceros. Sin embargo, se pueden compartir con:<\/p><ul class=\"wp-block-list\"><li>Nuestros proveedores de servicios (transportistas, procesadores de pagos) \u00fanicamente para garantizar la correcta ejecuci\u00f3n de sus pedidos.<\/li>\n\n<li>Las autoridades competentes en caso de obligaci\u00f3n legal.<\/li><\/ul><h4 class=\"wp-block-heading\"><strong>4. Seguridad de los datos<\/strong><\/h4><p>Implementamos medidas de seguridad t\u00e9cnicas y organizativas para proteger sus datos contra el acceso no autorizado, p\u00e9rdida, alteraci\u00f3n o divulgaci\u00f3n.<\/p><h4 class=\"wp-block-heading\"><strong>5. Tus derechos<\/strong><\/h4><p>De acuerdo con la normativa vigente (en particular el RGPD), tienes los siguientes derechos:<\/p><ul class=\"wp-block-list\"><li><strong>Acceso :<\/strong> Puede solicitar una copia de los datos personales que tenemos sobre usted.<\/li>\n\n<li><strong>Correcci\u00f3n:<\/strong> Puede solicitar la correcci\u00f3n de informaci\u00f3n incorrecta o incompleta.<\/li>\n\n<li><strong>Supresi\u00f3n:<\/strong> Podr\u00e1s solicitar la supresi\u00f3n de tus datos personales, sujeto a obligaciones legales.<\/li>\n\n<li><strong>Oposici\u00f3n:<\/strong> Puede oponerse al uso de sus datos con fines de marketing directo.<\/li><\/ul><p>Para ejercer estos derechos, por favor p\u00f3ngase en contacto con nosotros en la siguiente direcci\u00f3n: <a href=\"mailto:sb.dress57@gmail.com\">sb.dress57@gmail.com<\/a><\/p><h4 class=\"wp-block-heading\"><strong>6. Galletas<\/strong><\/h4><p>Nuestro sitio utiliza cookies para mejorar su experiencia de usuario. Puede administrar sus preferencias de cookies a trav\u00e9s de la configuraci\u00f3n de su navegador.<\/p><h4 class=\"wp-block-heading\"><strong>7. Cambios en la Pol\u00edtica de Privacidad<\/strong><\/h4><p>Nos reservamos el derecho de modificar esta pol\u00edtica de privacidad en cualquier momento. Los cambios se publicar\u00e1n en esta p\u00e1gina con una fecha actualizada.<\/p>","protected":false},"excerpt":{"rendered":"<p>Chez Sbdresshop.com, nous accordons une grande importance \u00e0 la confidentialit\u00e9 et \u00e0 la protection de vos donn\u00e9es personnelles. Cette politique de confidentialit\u00e9 explique comment nous collectons, utilisons, stockons et prot\u00e9geons vos informations dans le respect des lois en vigueur. 1. Collecte des Donn\u00e9es Personnelles Lorsque vous utilisez notre site, nous pouvons recueillir les informations suivantes [&hellip;]<\/p>","protected":false},"author":1,"featured_media":0,"parent":0,"menu_order":0,"comment_status":"closed","ping_status":"open","template":"","meta":{"footnotes":""},"class_list":["post-3","page","type-page","status-publish","hentry"],"_links":{"self":[{"href":"https:\/\/sbdresshop.com\/es\/wp-json\/wp\/v2\/pages\/3","targetHints":{"allow":["GET"]}}],"collection":[{"href":"https:\/\/sbdresshop.com\/es\/wp-json\/wp\/v2\/pages"}],"about":[{"href":"https:\/\/sbdresshop.com\/es\/wp-json\/wp\/v2\/types\/page"}],"author":[{"embeddable":true,"href":"https:\/\/sbdresshop.com\/es\/wp-json\/wp\/v2\/users\/1"}],"replies":[{"embeddable":true,"href":"https:\/\/sbdresshop.com\/es\/wp-json\/wp\/v2\/comments?post=3"}],"version-history":[{"count":2,"href":"https:\/\/sbdresshop.com\/es\/wp-json\/wp\/v2\/pages\/3\/revisions"}],"predecessor-version":[{"id":7000,"href":"https:\/\/sbdresshop.com\/es\/wp-json\/wp\/v2\/pages\/3\/revisions\/7000"}],"wp:attachment":[{"href":"https:\/\/sbdresshop.com\/es\/wp-json\/wp\/v2\/media?parent=3"}],"curies":[{"name":"wp","href":"https:\/\/api.w.org\/{rel}","templated":true}]}}