{"id":6553,"date":"2024-11-17T04:16:34","date_gmt":"2024-11-17T03:16:34","guid":{"rendered":"https:\/\/sbdresshop.com\/?page_id=6553"},"modified":"2024-11-17T04:16:35","modified_gmt":"2024-11-17T03:16:35","slug":"a-propos-de-nous","status":"publish","type":"page","link":"https:\/\/sbdresshop.com\/es\/a-propos-de-nous\/","title":{"rendered":"Sobre nosotros"},"content":{"rendered":"<p>Bienvenido a <strong>Sbdressshop.com<\/strong>, tu destino ideal para vestidos elegantes y \u00fanicos que reflejen tu estilo y personalidad.<\/p><p>En Sbdressshop creemos que toda mujer merece sentirse bella, segura y c\u00f3moda con su ropa. Por eso apostamos por ofrecer colecciones cuidadosamente seleccionadas que combinan calidad, comodidad y tendencia.<\/p><h4 class=\"wp-block-heading\"><strong>Nuestra Misi\u00f3n<\/strong><\/h4><p>Nuestra misi\u00f3n es ofrecerte vestidos que te inspiren, adecuados para todas las ocasiones: veladas elegantes, bodas o momentos de relax cotidianos. Trabajamos con pasi\u00f3n para brindarle una experiencia de compra en l\u00ednea placentera y sin preocupaciones.<\/p><h4 class=\"wp-block-heading\"><strong>Nuestros Valores<\/strong><\/h4><ul class=\"wp-block-list\"><li><strong>Calidad :<\/strong> Elegimos materiales y dise\u00f1os que cumplen con los m\u00e1s altos est\u00e1ndares.<\/li>\n\n<li><strong>Estilo :<\/strong> Siempre atentos a las \u00faltimas tendencias, destacamos modelos modernos y atemporales.<\/li>\n\n<li><strong>Servicio :<\/strong> Su satisfacci\u00f3n es nuestra prioridad. Un equipo dedicado est\u00e1 disponible para satisfacer sus necesidades.<\/li><\/ul><h4 class=\"wp-block-heading\"><strong>\u00bfPor qu\u00e9 elegirnos?<\/strong><\/h4><ul class=\"wp-block-list\"><li>Una colecci\u00f3n diversa para todos los gustos.<\/li>\n\n<li>Servicio al cliente atento y responsivo.<\/li>\n\n<li>Entrega r\u00e1pida y confiable.<\/li><\/ul><p>Explora nuestra tienda hoy y descubre el vestido perfecto para ti. en la casa de <strong>sbdressshop<\/strong>, estamos aqu\u00ed para mejorar cada momento de tu vida.<\/p><p><strong>\u00a1Gracias por confiar en nosotros!<\/strong><\/p>","protected":false},"excerpt":{"rendered":"<p>Bienvenue sur Sbdresshop.com, votre destination id\u00e9ale pour des robes \u00e9l\u00e9gantes et uniques qui refl\u00e8tent votre style et votre personnalit\u00e9. Chez Sbdresshop, nous croyons que chaque femme m\u00e9rite de se sentir belle, confiante et \u00e0 l\u2019aise dans ses v\u00eatements. C\u2019est pourquoi nous nous engageons \u00e0 offrir des collections soigneusement s\u00e9lectionn\u00e9es qui allient qualit\u00e9, confort et tendance. [&hellip;]<\/p>","protected":false},"author":1,"featured_media":0,"parent":0,"menu_order":0,"comment_status":"closed","ping_status":"closed","template":"","meta":{"footnotes":""},"class_list":["post-6553","page","type-page","status-publish","hentry"],"_links":{"self":[{"href":"https:\/\/sbdresshop.com\/es\/wp-json\/wp\/v2\/pages\/6553","targetHints":{"allow":["GET"]}}],"collection":[{"href":"https:\/\/sbdresshop.com\/es\/wp-json\/wp\/v2\/pages"}],"about":[{"href":"https:\/\/sbdresshop.com\/es\/wp-json\/wp\/v2\/types\/page"}],"author":[{"embeddable":true,"href":"https:\/\/sbdresshop.com\/es\/wp-json\/wp\/v2\/users\/1"}],"replies":[{"embeddable":true,"href":"https:\/\/sbdresshop.com\/es\/wp-json\/wp\/v2\/comments?post=6553"}],"version-history":[{"count":1,"href":"https:\/\/sbdresshop.com\/es\/wp-json\/wp\/v2\/pages\/6553\/revisions"}],"predecessor-version":[{"id":6554,"href":"https:\/\/sbdresshop.com\/es\/wp-json\/wp\/v2\/pages\/6553\/revisions\/6554"}],"wp:attachment":[{"href":"https:\/\/sbdresshop.com\/es\/wp-json\/wp\/v2\/media?parent=6553"}],"curies":[{"name":"wp","href":"https:\/\/api.w.org\/{rel}","templated":true}]}}