{"id":6757,"date":"2024-11-25T18:02:20","date_gmt":"2024-11-25T17:02:20","guid":{"rendered":"https:\/\/sbdresshop.com\/?post_type=product&#038;p=6757"},"modified":"2025-11-30T22:41:49","modified_gmt":"2025-11-30T21:41:49","slug":"aurore","status":"publish","type":"product","link":"https:\/\/sbdresshop.com\/es\/product\/aurore\/","title":{"rendered":"vestido aurora"},"content":{"rendered":"<p>Este vestido que resalta tu confianza en ti misma se puede completar con un sencillo collar de cadena y un elegante bolso. Gracias a su posici\u00f3n c\u00f3moda y est\u00e9tica, podr\u00e1s reflejar tu estilo sin esfuerzo. \u00bfEst\u00e1s listo para ser el favorito en las bodas?<\/p>\n<p>&nbsp;<\/p>","protected":false},"excerpt":{"rendered":"<p>Este vestido que resalta tu confianza en ti misma se puede completar con un sencillo collar de cadena y un elegante bolso. Gracias a su posici\u00f3n c\u00f3moda y est\u00e9tica, podr\u00e1s reflejar tu estilo sin esfuerzo. \u00bfEst\u00e1s listo para ser el favorito en las bodas? &nbsp;<\/p>","protected":false},"featured_media":6713,"comment_status":"open","ping_status":"closed","template":"","meta":[],"product_cat":[147,130],"product_tag":[],"class_list":{"0":"post-6757","1":"product","2":"type-product","3":"status-publish","4":"has-post-thumbnail","6":"product_cat-robe-de-soiree","7":"product_cat-robes","9":"first","10":"instock","11":"shipping-taxable","12":"purchasable","13":"product-type-variable"},"_links":{"self":[{"href":"https:\/\/sbdresshop.com\/es\/wp-json\/wp\/v2\/product\/6757","targetHints":{"allow":["GET"]}}],"collection":[{"href":"https:\/\/sbdresshop.com\/es\/wp-json\/wp\/v2\/product"}],"about":[{"href":"https:\/\/sbdresshop.com\/es\/wp-json\/wp\/v2\/types\/product"}],"replies":[{"embeddable":true,"href":"https:\/\/sbdresshop.com\/es\/wp-json\/wp\/v2\/comments?post=6757"}],"wp:featuredmedia":[{"embeddable":true,"href":"https:\/\/sbdresshop.com\/es\/wp-json\/wp\/v2\/media\/6713"}],"wp:attachment":[{"href":"https:\/\/sbdresshop.com\/es\/wp-json\/wp\/v2\/media?parent=6757"}],"wp:term":[{"taxonomy":"product_cat","embeddable":true,"href":"https:\/\/sbdresshop.com\/es\/wp-json\/wp\/v2\/product_cat?post=6757"},{"taxonomy":"product_tag","embeddable":true,"href":"https:\/\/sbdresshop.com\/es\/wp-json\/wp\/v2\/product_tag?post=6757"}],"curies":[{"name":"wp","href":"https:\/\/api.w.org\/{rel}","templated":true}]}}