{"id":6761,"date":"2024-11-25T21:05:25","date_gmt":"2024-11-25T20:05:25","guid":{"rendered":"https:\/\/sbdresshop.com\/?post_type=product&#038;p=6761"},"modified":"2025-11-27T20:31:42","modified_gmt":"2025-11-27T19:31:42","slug":"robe-fussia","status":"publish","type":"product","link":"https:\/\/sbdresshop.com\/es\/product\/robe-fussia\/","title":{"rendered":"vestido fucsia"},"content":{"rendered":"<p>Cette robe qui attire l&#8217;attention par sa coupe moderne et ses d\u00e9tails \u00e9l\u00e9gants peut \u00eatre facilement port\u00e9e aussi bien au quotidien que pour les occasions sp\u00e9ciales. Ne manquez pas cette robe pour vous sentir sp\u00e9ciale!<\/p>\n<p>Elige una talla m\u00e1s grande.<\/p>","protected":false},"excerpt":{"rendered":"<p>Cette robe qui attire l&#8217;attention par sa coupe moderne et ses d\u00e9tails \u00e9l\u00e9gants peut \u00eatre facilement port\u00e9e aussi bien au quotidien que pour les occasions sp\u00e9ciales. Ne manquez pas cette robe pour vous sentir sp\u00e9ciale! Privil\u00e9giez une taille plus grande.<\/p>","protected":false},"featured_media":6677,"comment_status":"open","ping_status":"closed","template":"","meta":[],"product_cat":[147,130],"product_tag":[],"class_list":{"0":"post-6761","1":"product","2":"type-product","3":"status-publish","4":"has-post-thumbnail","6":"product_cat-robe-de-soiree","7":"product_cat-robes","9":"first","10":"instock","11":"sale","12":"shipping-taxable","13":"purchasable","14":"product-type-variable"},"_links":{"self":[{"href":"https:\/\/sbdresshop.com\/es\/wp-json\/wp\/v2\/product\/6761","targetHints":{"allow":["GET"]}}],"collection":[{"href":"https:\/\/sbdresshop.com\/es\/wp-json\/wp\/v2\/product"}],"about":[{"href":"https:\/\/sbdresshop.com\/es\/wp-json\/wp\/v2\/types\/product"}],"replies":[{"embeddable":true,"href":"https:\/\/sbdresshop.com\/es\/wp-json\/wp\/v2\/comments?post=6761"}],"wp:featuredmedia":[{"embeddable":true,"href":"https:\/\/sbdresshop.com\/es\/wp-json\/wp\/v2\/media\/6677"}],"wp:attachment":[{"href":"https:\/\/sbdresshop.com\/es\/wp-json\/wp\/v2\/media?parent=6761"}],"wp:term":[{"taxonomy":"product_cat","embeddable":true,"href":"https:\/\/sbdresshop.com\/es\/wp-json\/wp\/v2\/product_cat?post=6761"},{"taxonomy":"product_tag","embeddable":true,"href":"https:\/\/sbdresshop.com\/es\/wp-json\/wp\/v2\/product_tag?post=6761"}],"curies":[{"name":"wp","href":"https:\/\/api.w.org\/{rel}","templated":true}]}}