{"id":6764,"date":"2024-11-25T22:32:16","date_gmt":"2024-11-25T21:32:16","guid":{"rendered":"https:\/\/sbdresshop.com\/?post_type=product&#038;p=6764"},"modified":"2025-10-04T09:24:45","modified_gmt":"2025-10-04T07:24:45","slug":"robe-a-paillettes","status":"publish","type":"product","link":"https:\/\/sbdresshop.com\/es\/product\/robe-a-paillettes\/","title":{"rendered":"Vestido de lentejuelas"},"content":{"rendered":"<p>D\u00e9couvrez l&#8217;\u00e9l\u00e9gance \u00e9ternelle avec cette robe noire \u00e0 paillette, un m\u00e9lange subtil entre \u00e9clat et \u00e9l\u00e9gance. Les d\u00e9tails de paillettes scintillantes, d\u00e9licatement brod\u00e9s partout, cr\u00e9ent une atmosph\u00e8re \u00e9blouissante en attirant la lumi\u00e8re sur vous \u00e0 chaque pas.<\/p>","protected":false},"excerpt":{"rendered":"<p>D\u00e9couvrez l&#8217;\u00e9l\u00e9gance \u00e9ternelle avec cette robe noire \u00e0 paillette, un m\u00e9lange subtil entre \u00e9clat et \u00e9l\u00e9gance. Les d\u00e9tails de paillettes scintillantes, d\u00e9licatement brod\u00e9s partout, cr\u00e9ent une atmosph\u00e8re \u00e9blouissante en attirant la lumi\u00e8re sur vous \u00e0 chaque pas.<\/p>","protected":false},"featured_media":6753,"comment_status":"open","ping_status":"closed","template":"","meta":[],"product_cat":[147,130],"product_tag":[],"class_list":{"0":"post-6764","1":"product","2":"type-product","3":"status-publish","4":"has-post-thumbnail","6":"product_cat-robe-de-soiree","7":"product_cat-robes","9":"first","10":"instock","11":"sale","12":"shipping-taxable","13":"purchasable","14":"product-type-variable"},"_links":{"self":[{"href":"https:\/\/sbdresshop.com\/es\/wp-json\/wp\/v2\/product\/6764","targetHints":{"allow":["GET"]}}],"collection":[{"href":"https:\/\/sbdresshop.com\/es\/wp-json\/wp\/v2\/product"}],"about":[{"href":"https:\/\/sbdresshop.com\/es\/wp-json\/wp\/v2\/types\/product"}],"replies":[{"embeddable":true,"href":"https:\/\/sbdresshop.com\/es\/wp-json\/wp\/v2\/comments?post=6764"}],"wp:featuredmedia":[{"embeddable":true,"href":"https:\/\/sbdresshop.com\/es\/wp-json\/wp\/v2\/media\/6753"}],"wp:attachment":[{"href":"https:\/\/sbdresshop.com\/es\/wp-json\/wp\/v2\/media?parent=6764"}],"wp:term":[{"taxonomy":"product_cat","embeddable":true,"href":"https:\/\/sbdresshop.com\/es\/wp-json\/wp\/v2\/product_cat?post=6764"},{"taxonomy":"product_tag","embeddable":true,"href":"https:\/\/sbdresshop.com\/es\/wp-json\/wp\/v2\/product_tag?post=6764"}],"curies":[{"name":"wp","href":"https:\/\/api.w.org\/{rel}","templated":true}]}}