{"id":6781,"date":"2024-11-26T20:30:49","date_gmt":"2024-11-26T19:30:49","guid":{"rendered":"https:\/\/sbdresshop.com\/?post_type=product&#038;p=6781"},"modified":"2025-10-07T12:47:53","modified_gmt":"2025-10-07T10:47:53","slug":"robe-leopard","status":"publish","type":"product","link":"https:\/\/sbdresshop.com\/es\/product\/robe-leopard\/","title":{"rendered":"vestido de leopardo"},"content":{"rendered":"<p>Robe \u00e9l\u00e9gante noire avec des d\u00e9tails imprim\u00e9s l\u00e9opard sur la taille et la fente, offrant un design sophistiqu\u00e9. L\u00e0 fente profonde et la coupe crois\u00e9e apportent une touche f\u00e9minine, id\u00e9ale pour des occasions sp\u00e9ciales ou un style quotidien raffin\u00e9. Je vous recommande de choisir votre taille habituelle .<\/p>","protected":false},"excerpt":{"rendered":"<p>Robe \u00e9l\u00e9gante noire avec des d\u00e9tails imprim\u00e9s l\u00e9opard sur la taille et la fente, offrant un design sophistiqu\u00e9. L\u00e0 fente profonde et la coupe crois\u00e9e apportent une touche f\u00e9minine, id\u00e9ale pour des occasions sp\u00e9ciales ou un style quotidien raffin\u00e9. Je vous recommande de choisir votre taille habituelle .<\/p>","protected":false},"featured_media":7225,"comment_status":"open","ping_status":"closed","template":"","meta":[],"product_cat":[130],"product_tag":[],"class_list":{"0":"post-6781","1":"product","2":"type-product","3":"status-publish","4":"has-post-thumbnail","6":"product_cat-robes","8":"first","9":"instock","10":"sale","11":"shipping-taxable","12":"purchasable","13":"product-type-variable"},"_links":{"self":[{"href":"https:\/\/sbdresshop.com\/es\/wp-json\/wp\/v2\/product\/6781","targetHints":{"allow":["GET"]}}],"collection":[{"href":"https:\/\/sbdresshop.com\/es\/wp-json\/wp\/v2\/product"}],"about":[{"href":"https:\/\/sbdresshop.com\/es\/wp-json\/wp\/v2\/types\/product"}],"replies":[{"embeddable":true,"href":"https:\/\/sbdresshop.com\/es\/wp-json\/wp\/v2\/comments?post=6781"}],"wp:featuredmedia":[{"embeddable":true,"href":"https:\/\/sbdresshop.com\/es\/wp-json\/wp\/v2\/media\/7225"}],"wp:attachment":[{"href":"https:\/\/sbdresshop.com\/es\/wp-json\/wp\/v2\/media?parent=6781"}],"wp:term":[{"taxonomy":"product_cat","embeddable":true,"href":"https:\/\/sbdresshop.com\/es\/wp-json\/wp\/v2\/product_cat?post=6781"},{"taxonomy":"product_tag","embeddable":true,"href":"https:\/\/sbdresshop.com\/es\/wp-json\/wp\/v2\/product_tag?post=6781"}],"curies":[{"name":"wp","href":"https:\/\/api.w.org\/{rel}","templated":true}]}}