{"id":7256,"date":"2025-02-25T17:03:52","date_gmt":"2025-02-25T16:03:52","guid":{"rendered":"https:\/\/sbdresshop.com\/?post_type=product&#038;p=7256"},"modified":"2026-03-08T09:33:30","modified_gmt":"2026-03-08T08:33:30","slug":"robe-prenses-beige","status":"publish","type":"product","link":"https:\/\/sbdresshop.com\/es\/product\/robe-prenses-beige\/","title":{"rendered":"Robe prenses beige"},"content":{"rendered":"<p>Faites la diff\u00e9rence lors de vos occasions sp\u00e9ciales avec cette magnifique robe de soir\u00e9e. Con\u00e7ue dans une \u00e9l\u00e9gante teinte beige, elle est sublim\u00e9e par de d\u00e9licates broderies en perles et un drap\u00e9 sophistiqu\u00e9 sur l&#8217;\u00e9paules.Sa\u00a0 coupe fluide avec une traine majestueuse apporte une allure noble, tandis que les manches en tulle ajoutent une touche de finesse et de romantisme.<\/p>","protected":false},"excerpt":{"rendered":"<p>Faites la diff\u00e9rence lors de vos occasions sp\u00e9ciales avec cette magnifique robe de soir\u00e9e. Con\u00e7ue dans une \u00e9l\u00e9gante teinte beige, elle est sublim\u00e9e par de d\u00e9licates broderies en perles et un drap\u00e9 sophistiqu\u00e9 sur l&#8217;\u00e9paules.Sa\u00a0 coupe fluide avec une traine majestueuse apporte une allure noble, tandis que les manches en tulle ajoutent une touche de [&hellip;]<\/p>","protected":false},"featured_media":7231,"comment_status":"open","ping_status":"closed","template":"","meta":[],"product_cat":[147,130],"product_tag":[],"class_list":{"0":"post-7256","1":"product","2":"type-product","3":"status-publish","4":"has-post-thumbnail","6":"product_cat-robe-de-soiree","7":"product_cat-robes","9":"first","10":"instock","11":"sale","12":"shipping-taxable","13":"purchasable","14":"product-type-variable"},"_links":{"self":[{"href":"https:\/\/sbdresshop.com\/es\/wp-json\/wp\/v2\/product\/7256","targetHints":{"allow":["GET"]}}],"collection":[{"href":"https:\/\/sbdresshop.com\/es\/wp-json\/wp\/v2\/product"}],"about":[{"href":"https:\/\/sbdresshop.com\/es\/wp-json\/wp\/v2\/types\/product"}],"replies":[{"embeddable":true,"href":"https:\/\/sbdresshop.com\/es\/wp-json\/wp\/v2\/comments?post=7256"}],"wp:featuredmedia":[{"embeddable":true,"href":"https:\/\/sbdresshop.com\/es\/wp-json\/wp\/v2\/media\/7231"}],"wp:attachment":[{"href":"https:\/\/sbdresshop.com\/es\/wp-json\/wp\/v2\/media?parent=7256"}],"wp:term":[{"taxonomy":"product_cat","embeddable":true,"href":"https:\/\/sbdresshop.com\/es\/wp-json\/wp\/v2\/product_cat?post=7256"},{"taxonomy":"product_tag","embeddable":true,"href":"https:\/\/sbdresshop.com\/es\/wp-json\/wp\/v2\/product_tag?post=7256"}],"curies":[{"name":"wp","href":"https:\/\/api.w.org\/{rel}","templated":true}]}}