{"id":7482,"date":"2025-05-17T22:37:13","date_gmt":"2025-05-17T20:37:13","guid":{"rendered":"https:\/\/sbdresshop.com\/?post_type=product&#038;p=7482"},"modified":"2026-03-08T09:25:03","modified_gmt":"2026-03-08T08:25:03","slug":"robe-inci","status":"publish","type":"product","link":"https:\/\/sbdresshop.com\/es\/product\/robe-inci\/","title":{"rendered":"Robe  inci"},"content":{"rendered":"<p>Cette robe au design raffin\u00e9 marie la modernit\u00e9 \u00e0\u00a0 une\u00a0 touche classique, vous assurant une allure \u00e9blouissante \u00e0 chaque apparition. Son drap\u00e9 d\u00e9licat sur les \u00e9paules apporte une gr\u00e2ce naturelle, tandis que le corset orn\u00e9 de strass \u00e0 la taille dessine une silhouette f\u00e9minine et \u00e9lanc\u00e9e. Dans une teinte beige douce, elle offre un style sobre mais saisissant parfaite pour une soir\u00e9e chic, des fian\u00e7ailles ou toute autre occasion inoubliable.<\/p>","protected":false},"excerpt":{"rendered":"<p>Cette robe au design raffin\u00e9 marie la modernit\u00e9 \u00e0\u00a0 une\u00a0 touche classique, vous assurant une allure \u00e9blouissante \u00e0 chaque apparition. Son drap\u00e9 d\u00e9licat sur les \u00e9paules apporte une gr\u00e2ce naturelle, tandis que le corset orn\u00e9 de strass \u00e0 la taille dessine une silhouette f\u00e9minine et \u00e9lanc\u00e9e. Dans une teinte beige douce, elle offre un style [&hellip;]<\/p>","protected":false},"featured_media":7467,"comment_status":"open","ping_status":"closed","template":"","meta":[],"product_cat":[147,130],"product_tag":[],"class_list":{"0":"post-7482","1":"product","2":"type-product","3":"status-publish","4":"has-post-thumbnail","6":"product_cat-robe-de-soiree","7":"product_cat-robes","9":"first","10":"instock","11":"sale","12":"shipping-taxable","13":"purchasable","14":"product-type-variable"},"_links":{"self":[{"href":"https:\/\/sbdresshop.com\/es\/wp-json\/wp\/v2\/product\/7482","targetHints":{"allow":["GET"]}}],"collection":[{"href":"https:\/\/sbdresshop.com\/es\/wp-json\/wp\/v2\/product"}],"about":[{"href":"https:\/\/sbdresshop.com\/es\/wp-json\/wp\/v2\/types\/product"}],"replies":[{"embeddable":true,"href":"https:\/\/sbdresshop.com\/es\/wp-json\/wp\/v2\/comments?post=7482"}],"wp:featuredmedia":[{"embeddable":true,"href":"https:\/\/sbdresshop.com\/es\/wp-json\/wp\/v2\/media\/7467"}],"wp:attachment":[{"href":"https:\/\/sbdresshop.com\/es\/wp-json\/wp\/v2\/media?parent=7482"}],"wp:term":[{"taxonomy":"product_cat","embeddable":true,"href":"https:\/\/sbdresshop.com\/es\/wp-json\/wp\/v2\/product_cat?post=7482"},{"taxonomy":"product_tag","embeddable":true,"href":"https:\/\/sbdresshop.com\/es\/wp-json\/wp\/v2\/product_tag?post=7482"}],"curies":[{"name":"wp","href":"https:\/\/api.w.org\/{rel}","templated":true}]}}