{"id":7504,"date":"2025-05-19T14:07:30","date_gmt":"2025-05-19T12:07:30","guid":{"rendered":"https:\/\/sbdresshop.com\/?post_type=product&#038;p=7504"},"modified":"2026-03-09T16:40:13","modified_gmt":"2026-03-09T15:40:13","slug":"nuit-fumee","status":"publish","type":"product","link":"https:\/\/sbdresshop.com\/es\/product\/nuit-fumee\/","title":{"rendered":"Nuit fum\u00e9e"},"content":{"rendered":"<p>Avec sa coupe ajust\u00e9e et son imprim\u00e9 effet fum\u00e9e, cette robe incarne l&#8217;\u00e9l\u00e9gance moderne. Tissu l\u00e9ger , confort absolu, silhouette sublim\u00e9e id\u00e9ale pour briller lors d&#8217;une soir\u00e9e ou d&#8217;un \u00e9v\u00e9nement sp\u00e9cial.<\/p>","protected":false},"excerpt":{"rendered":"<p>Avec sa coupe ajust\u00e9e et son imprim\u00e9 effet fum\u00e9e, cette robe incarne l&#8217;\u00e9l\u00e9gance moderne. Tissu l\u00e9ger , confort absolu, silhouette sublim\u00e9e id\u00e9ale pour briller lors d&#8217;une soir\u00e9e ou d&#8217;un \u00e9v\u00e9nement sp\u00e9cial.<\/p>","protected":false},"featured_media":7478,"comment_status":"open","ping_status":"closed","template":"","meta":[],"product_cat":[147,130],"product_tag":[],"class_list":{"0":"post-7504","1":"product","2":"type-product","3":"status-publish","4":"has-post-thumbnail","6":"product_cat-robe-de-soiree","7":"product_cat-robes","9":"first","10":"instock","11":"sale","12":"shipping-taxable","13":"purchasable","14":"product-type-variable"},"_links":{"self":[{"href":"https:\/\/sbdresshop.com\/es\/wp-json\/wp\/v2\/product\/7504","targetHints":{"allow":["GET"]}}],"collection":[{"href":"https:\/\/sbdresshop.com\/es\/wp-json\/wp\/v2\/product"}],"about":[{"href":"https:\/\/sbdresshop.com\/es\/wp-json\/wp\/v2\/types\/product"}],"replies":[{"embeddable":true,"href":"https:\/\/sbdresshop.com\/es\/wp-json\/wp\/v2\/comments?post=7504"}],"wp:featuredmedia":[{"embeddable":true,"href":"https:\/\/sbdresshop.com\/es\/wp-json\/wp\/v2\/media\/7478"}],"wp:attachment":[{"href":"https:\/\/sbdresshop.com\/es\/wp-json\/wp\/v2\/media?parent=7504"}],"wp:term":[{"taxonomy":"product_cat","embeddable":true,"href":"https:\/\/sbdresshop.com\/es\/wp-json\/wp\/v2\/product_cat?post=7504"},{"taxonomy":"product_tag","embeddable":true,"href":"https:\/\/sbdresshop.com\/es\/wp-json\/wp\/v2\/product_tag?post=7504"}],"curies":[{"name":"wp","href":"https:\/\/api.w.org\/{rel}","templated":true}]}}