{"id":7602,"date":"2025-10-06T18:43:03","date_gmt":"2025-10-06T16:43:03","guid":{"rendered":"https:\/\/sbdresshop.com\/?post_type=product&#038;p=7602"},"modified":"2025-11-30T22:22:43","modified_gmt":"2025-11-30T21:22:43","slug":"le-parisien-anthracite","status":"publish","type":"product","link":"https:\/\/sbdresshop.com\/es\/product\/le-parisien-anthracite\/","title":{"rendered":"Le Parisien anthracite"},"content":{"rendered":"<div id=\"attachment_7604\" style=\"width: 187px\" class=\"wp-caption alignnone\"><img fetchpriority=\"high\" decoding=\"async\" aria-describedby=\"caption-attachment-7604\" class=\"size-medium wp-image-7604\" src=\"https:\/\/sbdresshop.com\/wp-content\/uploads\/2025\/10\/IMG_2453-1-177x300.jpeg\" alt=\"\" width=\"177\" height=\"300\" srcset=\"https:\/\/sbdresshop.com\/wp-content\/uploads\/2025\/10\/IMG_2453-1-177x300.jpeg 177w, https:\/\/sbdresshop.com\/wp-content\/uploads\/2025\/10\/IMG_2453-1-604x1024.jpeg 604w, https:\/\/sbdresshop.com\/wp-content\/uploads\/2025\/10\/IMG_2453-1-768x1302.jpeg 768w, https:\/\/sbdresshop.com\/wp-content\/uploads\/2025\/10\/IMG_2453-1-906x1536.jpeg 906w, https:\/\/sbdresshop.com\/wp-content\/uploads\/2025\/10\/IMG_2453-1-7x12.jpeg 7w, https:\/\/sbdresshop.com\/wp-content\/uploads\/2025\/10\/IMG_2453-1.jpeg 933w\" sizes=\"(max-width: 177px) 100vw, 177px\" \/><p id=\"caption-attachment-7604\" class=\"wp-caption-text\">Cj4KMlNuYXBjaGF0LzEzLjYxLjAuNDYgKGlQaG9uZTE1LDM7IGlPUyAxOC42LjI7IGd6aXApEgbbpeyu7AEgAg==<\/p><\/div>\n<div id=\"attachment_7605\" style=\"width: 152px\" class=\"wp-caption alignnone\"><img decoding=\"async\" aria-describedby=\"caption-attachment-7605\" class=\"size-medium wp-image-7605\" src=\"https:\/\/sbdresshop.com\/wp-content\/uploads\/2025\/10\/IMG_2467-142x300.jpeg\" alt=\"\" width=\"142\" height=\"300\" srcset=\"https:\/\/sbdresshop.com\/wp-content\/uploads\/2025\/10\/IMG_2467-142x300.jpeg 142w, https:\/\/sbdresshop.com\/wp-content\/uploads\/2025\/10\/IMG_2467-483x1024.jpeg 483w, https:\/\/sbdresshop.com\/wp-content\/uploads\/2025\/10\/IMG_2467-768x1628.jpeg 768w, https:\/\/sbdresshop.com\/wp-content\/uploads\/2025\/10\/IMG_2467-725x1536.jpeg 725w, https:\/\/sbdresshop.com\/wp-content\/uploads\/2025\/10\/IMG_2467-966x2048.jpeg 966w, https:\/\/sbdresshop.com\/wp-content\/uploads\/2025\/10\/IMG_2467-6x12.jpeg 6w, https:\/\/sbdresshop.com\/wp-content\/uploads\/2025\/10\/IMG_2467-1000x2120.jpeg 1000w, https:\/\/sbdresshop.com\/wp-content\/uploads\/2025\/10\/IMG_2467.jpeg 1041w\" sizes=\"(max-width: 142px) 100vw, 142px\" \/><p id=\"caption-attachment-7605\" class=\"wp-caption-text\">Cj4KMlNuYXBjaGF0LzEzLjYxLjAuNDYgKGlQaG9uZTE1LDM7IGlPUyAxOC42LjI7IGd6aXApEgbbpeyu7AEgAg==<\/p><\/div>\n<div id=\"attachment_7606\" style=\"width: 126px\" class=\"wp-caption alignnone\"><img decoding=\"async\" aria-describedby=\"caption-attachment-7606\" class=\"size-medium wp-image-7606\" src=\"https:\/\/sbdresshop.com\/wp-content\/uploads\/2025\/10\/IMG_2464-116x300.jpeg\" alt=\"\" width=\"116\" height=\"300\" srcset=\"https:\/\/sbdresshop.com\/wp-content\/uploads\/2025\/10\/IMG_2464-116x300.jpeg 116w, https:\/\/sbdresshop.com\/wp-content\/uploads\/2025\/10\/IMG_2464-396x1024.jpeg 396w, https:\/\/sbdresshop.com\/wp-content\/uploads\/2025\/10\/IMG_2464-768x1985.jpeg 768w, https:\/\/sbdresshop.com\/wp-content\/uploads\/2025\/10\/IMG_2464-594x1536.jpeg 594w, https:\/\/sbdresshop.com\/wp-content\/uploads\/2025\/10\/IMG_2464-792x2048.jpeg 792w, https:\/\/sbdresshop.com\/wp-content\/uploads\/2025\/10\/IMG_2464-5x12.jpeg 5w, https:\/\/sbdresshop.com\/wp-content\/uploads\/2025\/10\/IMG_2464.jpeg 825w\" sizes=\"(max-width: 116px) 100vw, 116px\" \/><p id=\"caption-attachment-7606\" class=\"wp-caption-text\">Cj4KMlNuYXBjaGF0LzEzLjYxLjAuNDYgKGlQaG9uZTE1LDM7IGlPUyAxOC42LjI7IGd6aXApEgbbpeyu7AEgAg==<\/p><\/div>","protected":false},"excerpt":{"rendered":"<p>\u00c9l\u00e9gant trench-coat gris anthracite long \u00e0 la coupe fluide et moderne.<br \/>\nSa couleur gris anthracite lui donne un style intemporel et facile \u00e0 assortir.<\/p>\n<p>La ceinture \u00e0 la taille permet d\u2019ajuster la silhouette selon l\u2019envie, tandis que les larges revers et les boutons ton sur ton ajoutent une touche chic et raffin\u00e9e.<br \/>\nEn parfait \u00e9tat, id\u00e9al pour la mi-saison ou l\u2019automne.<\/p>\n<p>Peut se porter avec des bottes ou des baskets pour un look \u00e0 la fois tendance et sophistiqu\u00e9.<\/p>","protected":false},"featured_media":7604,"comment_status":"open","ping_status":"closed","template":"","meta":[],"product_cat":[174],"product_tag":[],"class_list":{"0":"post-7602","1":"product","2":"type-product","3":"status-publish","4":"has-post-thumbnail","6":"product_cat-trench-coat","8":"first","9":"instock","10":"shipping-taxable","11":"purchasable","12":"product-type-variable"},"_links":{"self":[{"href":"https:\/\/sbdresshop.com\/es\/wp-json\/wp\/v2\/product\/7602","targetHints":{"allow":["GET"]}}],"collection":[{"href":"https:\/\/sbdresshop.com\/es\/wp-json\/wp\/v2\/product"}],"about":[{"href":"https:\/\/sbdresshop.com\/es\/wp-json\/wp\/v2\/types\/product"}],"replies":[{"embeddable":true,"href":"https:\/\/sbdresshop.com\/es\/wp-json\/wp\/v2\/comments?post=7602"}],"wp:featuredmedia":[{"embeddable":true,"href":"https:\/\/sbdresshop.com\/es\/wp-json\/wp\/v2\/media\/7604"}],"wp:attachment":[{"href":"https:\/\/sbdresshop.com\/es\/wp-json\/wp\/v2\/media?parent=7602"}],"wp:term":[{"taxonomy":"product_cat","embeddable":true,"href":"https:\/\/sbdresshop.com\/es\/wp-json\/wp\/v2\/product_cat?post=7602"},{"taxonomy":"product_tag","embeddable":true,"href":"https:\/\/sbdresshop.com\/es\/wp-json\/wp\/v2\/product_tag?post=7602"}],"curies":[{"name":"wp","href":"https:\/\/api.w.org\/{rel}","templated":true}]}}