{"id":7753,"date":"2025-11-15T22:08:28","date_gmt":"2025-11-15T21:08:28","guid":{"rendered":"https:\/\/sbdresshop.com\/?post_type=product&#038;p=7753"},"modified":"2026-03-13T15:34:07","modified_gmt":"2026-03-13T14:34:07","slug":"costume-bordeaux-prestige","status":"publish","type":"product","link":"https:\/\/sbdresshop.com\/es\/product\/costume-bordeaux-prestige\/","title":{"rendered":"COSTUME BORDEAUX PRESTIGE"},"content":{"rendered":"<p>Cet ensemble bordeaux se distingue par sa coupe moderne et son \u00e9l\u00e9gance raffin\u00e9e. Le\u00a0 blazer croise et le pantalon ample offrent un look chic et sophistiqu\u00e9, parfait pour les occasions sp\u00e9ciales comme pour un style quotidien haut de gamme.Un pi\u00e9ce incontournable pour celles qui recherchent allure et finesse.<\/p>","protected":false},"excerpt":{"rendered":"<p>Cet ensemble bordeaux se distingue par sa coupe moderne et son \u00e9l\u00e9gance raffin\u00e9e. Le\u00a0 blazer croise et le pantalon ample offrent un look chic et sophistiqu\u00e9, parfait pour les occasions sp\u00e9ciales comme pour un style quotidien haut de gamme.Un pi\u00e9ce incontournable pour celles qui recherchent allure et finesse.<\/p>","protected":false},"featured_media":0,"comment_status":"open","ping_status":"closed","template":"","meta":[],"product_cat":[136],"product_tag":[],"class_list":{"0":"post-7753","1":"product","2":"type-product","3":"status-publish","5":"product_cat-blazers-tailleurs","7":"first","8":"instock","9":"shipping-taxable","10":"purchasable","11":"product-type-variable"},"_links":{"self":[{"href":"https:\/\/sbdresshop.com\/es\/wp-json\/wp\/v2\/product\/7753","targetHints":{"allow":["GET"]}}],"collection":[{"href":"https:\/\/sbdresshop.com\/es\/wp-json\/wp\/v2\/product"}],"about":[{"href":"https:\/\/sbdresshop.com\/es\/wp-json\/wp\/v2\/types\/product"}],"replies":[{"embeddable":true,"href":"https:\/\/sbdresshop.com\/es\/wp-json\/wp\/v2\/comments?post=7753"}],"wp:attachment":[{"href":"https:\/\/sbdresshop.com\/es\/wp-json\/wp\/v2\/media?parent=7753"}],"wp:term":[{"taxonomy":"product_cat","embeddable":true,"href":"https:\/\/sbdresshop.com\/es\/wp-json\/wp\/v2\/product_cat?post=7753"},{"taxonomy":"product_tag","embeddable":true,"href":"https:\/\/sbdresshop.com\/es\/wp-json\/wp\/v2\/product_tag?post=7753"}],"curies":[{"name":"wp","href":"https:\/\/api.w.org\/{rel}","templated":true}]}}