{"id":7815,"date":"2025-12-16T10:14:01","date_gmt":"2025-12-16T09:14:01","guid":{"rendered":"https:\/\/sbdresshop.com\/?post_type=product&#038;p=7815"},"modified":"2025-12-17T18:03:33","modified_gmt":"2025-12-17T17:03:33","slug":"lensembe-sable","status":"publish","type":"product","link":"https:\/\/sbdresshop.com\/es\/product\/lensembe-sable\/","title":{"rendered":"L`ENSEMBE SABLE"},"content":{"rendered":"<p>Cet ensemble aux tons sable incarne une \u00e9l\u00e9gance naturelle et contemporaine. Sa coupe fluide offre un tombe l\u00e9ger et confortable, tandis que le haut aux lignes \u00e9pur\u00e9es apporte une allure moderne et effortless.Pense pour sublimer la silhouette sans contrainte, il se porte aussi bien au quotidien que pour des occasions plus raffin\u00e9es. Un essentiel chic, a la fois minimaliste et intemporel, a adopter sans hesiter.<\/p>","protected":false},"excerpt":{"rendered":"<p>Cet ensemble aux tons sable incarne une \u00e9l\u00e9gance naturelle et contemporaine. Sa coupe fluide offre un tombe l\u00e9ger et confortable, tandis que le haut aux lignes \u00e9pur\u00e9es apporte une allure moderne et effortless.Pense pour sublimer la silhouette sans contrainte, il se porte aussi bien au quotidien que pour des occasions plus raffin\u00e9es. Un essentiel chic, [&hellip;]<\/p>","protected":false},"featured_media":7794,"comment_status":"open","ping_status":"closed","template":"","meta":[],"product_cat":[15],"product_tag":[],"class_list":{"0":"post-7815","1":"product","2":"type-product","3":"status-publish","4":"has-post-thumbnail","6":"product_cat-uncategorized","8":"first","9":"instock","10":"shipping-taxable","11":"purchasable","12":"product-type-variable"},"_links":{"self":[{"href":"https:\/\/sbdresshop.com\/es\/wp-json\/wp\/v2\/product\/7815","targetHints":{"allow":["GET"]}}],"collection":[{"href":"https:\/\/sbdresshop.com\/es\/wp-json\/wp\/v2\/product"}],"about":[{"href":"https:\/\/sbdresshop.com\/es\/wp-json\/wp\/v2\/types\/product"}],"replies":[{"embeddable":true,"href":"https:\/\/sbdresshop.com\/es\/wp-json\/wp\/v2\/comments?post=7815"}],"wp:featuredmedia":[{"embeddable":true,"href":"https:\/\/sbdresshop.com\/es\/wp-json\/wp\/v2\/media\/7794"}],"wp:attachment":[{"href":"https:\/\/sbdresshop.com\/es\/wp-json\/wp\/v2\/media?parent=7815"}],"wp:term":[{"taxonomy":"product_cat","embeddable":true,"href":"https:\/\/sbdresshop.com\/es\/wp-json\/wp\/v2\/product_cat?post=7815"},{"taxonomy":"product_tag","embeddable":true,"href":"https:\/\/sbdresshop.com\/es\/wp-json\/wp\/v2\/product_tag?post=7815"}],"curies":[{"name":"wp","href":"https:\/\/api.w.org\/{rel}","templated":true}]}}