{"id":7843,"date":"2026-01-14T20:47:21","date_gmt":"2026-01-14T19:47:21","guid":{"rendered":"https:\/\/sbdresshop.com\/?post_type=product&#038;p=7843"},"modified":"2026-01-14T20:47:21","modified_gmt":"2026-01-14T19:47:21","slug":"veste-contour","status":"publish","type":"product","link":"https:\/\/sbdresshop.com\/es\/product\/veste-contour\/","title":{"rendered":"VESTE CONTOUR"},"content":{"rendered":"<p>Veste architecturale au volume pr\u00e9cis, soulign\u00e9e par une ceinture fine. Une pi\u00e8ce statement pour une allure moderne et assur\u00e9e.<\/p>","protected":false},"excerpt":{"rendered":"<p>Veste architecturale au volume pr\u00e9cis, soulign\u00e9e par une ceinture fine. Une pi\u00e8ce statement pour une allure moderne et assur\u00e9e.<\/p>","protected":false},"featured_media":7804,"comment_status":"open","ping_status":"closed","template":"","meta":[],"product_cat":[136],"product_tag":[],"class_list":{"0":"post-7843","1":"product","2":"type-product","3":"status-publish","4":"has-post-thumbnail","6":"product_cat-blazers-tailleurs","8":"first","9":"instock","10":"shipping-taxable","11":"purchasable","12":"product-type-variable"},"_links":{"self":[{"href":"https:\/\/sbdresshop.com\/es\/wp-json\/wp\/v2\/product\/7843","targetHints":{"allow":["GET"]}}],"collection":[{"href":"https:\/\/sbdresshop.com\/es\/wp-json\/wp\/v2\/product"}],"about":[{"href":"https:\/\/sbdresshop.com\/es\/wp-json\/wp\/v2\/types\/product"}],"replies":[{"embeddable":true,"href":"https:\/\/sbdresshop.com\/es\/wp-json\/wp\/v2\/comments?post=7843"}],"wp:featuredmedia":[{"embeddable":true,"href":"https:\/\/sbdresshop.com\/es\/wp-json\/wp\/v2\/media\/7804"}],"wp:attachment":[{"href":"https:\/\/sbdresshop.com\/es\/wp-json\/wp\/v2\/media?parent=7843"}],"wp:term":[{"taxonomy":"product_cat","embeddable":true,"href":"https:\/\/sbdresshop.com\/es\/wp-json\/wp\/v2\/product_cat?post=7843"},{"taxonomy":"product_tag","embeddable":true,"href":"https:\/\/sbdresshop.com\/es\/wp-json\/wp\/v2\/product_tag?post=7843"}],"curies":[{"name":"wp","href":"https:\/\/api.w.org\/{rel}","templated":true}]}}