{"id":7855,"date":"2026-01-21T09:40:36","date_gmt":"2026-01-21T08:40:36","guid":{"rendered":"https:\/\/sbdresshop.com\/?post_type=product&#038;p=7855"},"modified":"2026-01-25T00:04:46","modified_gmt":"2026-01-24T23:04:46","slug":"blazer-power-noir","status":"publish","type":"product","link":"https:\/\/sbdresshop.com\/es\/product\/blazer-power-noir\/","title":{"rendered":"BLAZER POWER NOIR"},"content":{"rendered":"<p>Le blazer power noir incarne la force et \u00e9l\u00e9gance. Sa coupe structur\u00e9e et sa boucle satin\u00e9e subliment la silhouette avec assurance. Un essentiel audacieux pour un look chic et puissant , du bureau au soir.<\/p>","protected":false},"excerpt":{"rendered":"<p>Le blazer power noir incarne la force et \u00e9l\u00e9gance. Sa coupe structur\u00e9e et sa boucle satin\u00e9e subliment la silhouette avec assurance. Un essentiel audacieux pour un look chic et puissant , du bureau au soir.<\/p>","protected":false},"featured_media":7854,"comment_status":"open","ping_status":"closed","template":"","meta":[],"product_cat":[136],"product_tag":[],"class_list":{"0":"post-7855","1":"product","2":"type-product","3":"status-publish","4":"has-post-thumbnail","6":"product_cat-blazers-tailleurs","8":"first","9":"instock","10":"shipping-taxable","11":"purchasable","12":"product-type-variable"},"_links":{"self":[{"href":"https:\/\/sbdresshop.com\/es\/wp-json\/wp\/v2\/product\/7855","targetHints":{"allow":["GET"]}}],"collection":[{"href":"https:\/\/sbdresshop.com\/es\/wp-json\/wp\/v2\/product"}],"about":[{"href":"https:\/\/sbdresshop.com\/es\/wp-json\/wp\/v2\/types\/product"}],"replies":[{"embeddable":true,"href":"https:\/\/sbdresshop.com\/es\/wp-json\/wp\/v2\/comments?post=7855"}],"wp:featuredmedia":[{"embeddable":true,"href":"https:\/\/sbdresshop.com\/es\/wp-json\/wp\/v2\/media\/7854"}],"wp:attachment":[{"href":"https:\/\/sbdresshop.com\/es\/wp-json\/wp\/v2\/media?parent=7855"}],"wp:term":[{"taxonomy":"product_cat","embeddable":true,"href":"https:\/\/sbdresshop.com\/es\/wp-json\/wp\/v2\/product_cat?post=7855"},{"taxonomy":"product_tag","embeddable":true,"href":"https:\/\/sbdresshop.com\/es\/wp-json\/wp\/v2\/product_tag?post=7855"}],"curies":[{"name":"wp","href":"https:\/\/api.w.org\/{rel}","templated":true}]}}