{"id":6562,"date":"2024-11-18T04:59:48","date_gmt":"2024-11-18T03:59:48","guid":{"rendered":"https:\/\/sbdresshop.com\/?page_id=6562"},"modified":"2024-12-08T11:33:07","modified_gmt":"2024-12-08T10:33:07","slug":"informations-sur-la-livraison","status":"publish","type":"page","link":"https:\/\/sbdresshop.com\/ru\/informations-sur-la-livraison\/","title":{"rendered":"\u0418\u043d\u0444\u043e\u0440\u043c\u0430\u0446\u0438\u044f \u043e \u0434\u043e\u0441\u0442\u0430\u0432\u043a\u0435"},"content":{"rendered":"<p>\u0412 \u0434\u043e\u043c\u0435 <strong>sbdresshop.com<\/strong>, \u043c\u044b \u0441\u0442\u0440\u0435\u043c\u0438\u043c\u0441\u044f \u043f\u0440\u0435\u0434\u043e\u0441\u0442\u0430\u0432\u0438\u0442\u044c \u0432\u0430\u043c \u043f\u0440\u0438\u044f\u0442\u043d\u044b\u0435 \u0432\u043f\u0435\u0447\u0430\u0442\u043b\u0435\u043d\u0438\u044f \u043e\u0442 \u043f\u043e\u043a\u0443\u043f\u043e\u043a \u0441 \u0431\u044b\u0441\u0442\u0440\u043e\u0439 \u0438 \u043d\u0430\u0434\u0435\u0436\u043d\u043e\u0439 \u0434\u043e\u0441\u0442\u0430\u0432\u043a\u043e\u0439. \u0412\u043e\u0442 \u0432\u0441\u044f \u0438\u043d\u0444\u043e\u0440\u043c\u0430\u0446\u0438\u044f \u043e \u043d\u0430\u0448\u0438\u0445 \u0432\u0430\u0440\u0438\u0430\u043d\u0442\u0430\u0445 \u0434\u043e\u0441\u0442\u0430\u0432\u043a\u0438:<\/p><h4 class=\"wp-block-heading\"><strong>1. \u0417\u043e\u043d\u044b \u0434\u043e\u0441\u0442\u0430\u0432\u043a\u0438<\/strong><\/h4><p>\u041e\u0441\u0443\u0449\u0435\u0441\u0442\u0432\u043b\u044f\u0435\u043c \u0434\u043e\u0441\u0442\u0430\u0432\u043a\u0443 \u0432 \u043d\u0435\u0441\u043a\u043e\u043b\u044c\u043a\u043e \u0441\u0442\u0440\u0430\u043d \u043c\u0438\u0440\u0430. \u041f\u0440\u0438 \u0437\u0430\u043a\u0430\u0437\u0435 \u043f\u0440\u043e\u0432\u0435\u0440\u044c\u0442\u0435, \u0434\u043e\u0441\u0442\u0443\u043f\u043d\u0430 \u043b\u0438 \u0434\u043e\u0441\u0442\u0430\u0432\u043a\u0430 \u0432 \u0432\u0430\u0448 \u0440\u0435\u0433\u0438\u043e\u043d.<\/p><h4 class=\"wp-block-heading\"><strong>2. \u0421\u0440\u043e\u043a\u0438 \u0434\u043e\u0441\u0442\u0430\u0432\u043a\u0438<\/strong><\/h4><ul class=\"wp-block-list\"><li><strong>\u0421\u0442\u0430\u043d\u0434\u0430\u0440\u0442\u043d\u0430\u044f \u0434\u043e\u0441\u0442\u0430\u0432\u043a\u0430:<\/strong> 5-7 \u0440\u0430\u0431\u043e\u0447\u0438\u0445 \u0434\u043d\u0435\u0439.<\/li>\n\n<li><strong>\u042d\u043a\u0441\u043f\u0440\u0435\u0441\u0441-\u0434\u043e\u0441\u0442\u0430\u0432\u043a\u0430:<\/strong> 2\u20133 \u0440\u0430\u0431\u043e\u0447\u0438\u0445 \u0434\u043d\u044f (\u0434\u043e\u0441\u0442\u0443\u043f\u043d\u043e \u0442\u043e\u043b\u044c\u043a\u043e \u0432 \u043d\u0435\u043a\u043e\u0442\u043e\u0440\u044b\u0445 \u0440\u0435\u0433\u0438\u043e\u043d\u0430\u0445).<\/li><\/ul><p>\u0421\u0440\u043e\u043a\u0438 \u0434\u043e\u0441\u0442\u0430\u0432\u043a\u0438 \u043f\u0440\u0438\u0431\u043b\u0438\u0437\u0438\u0442\u0435\u043b\u044c\u043d\u044b\u0435 \u0438 \u043c\u043e\u0433\u0443\u0442 \u0432\u0430\u0440\u044c\u0438\u0440\u043e\u0432\u0430\u0442\u044c\u0441\u044f \u0432 \u0437\u0430\u0432\u0438\u0441\u0438\u043c\u043e\u0441\u0442\u0438 \u043e\u0442 \u043f\u0435\u0440\u0438\u043e\u0434\u043e\u0432 \u0432\u044b\u0441\u043e\u043a\u043e\u0433\u043e \u0441\u043f\u0440\u043e\u0441\u0430 (\u0440\u0430\u0441\u043f\u0440\u043e\u0434\u0430\u0436\u0438, \u043f\u0440\u0430\u0437\u0434\u043d\u0438\u043a\u0438 \u0438 \u0442. \u0434.) \u0438\u043b\u0438 \u0437\u0430\u0434\u0435\u0440\u0436\u0435\u043a, \u0441\u0432\u044f\u0437\u0430\u043d\u043d\u044b\u0445 \u0441 \u043f\u0435\u0440\u0435\u0432\u043e\u0437\u0447\u0438\u043a\u0430\u043c\u0438.<\/p><h4 class=\"wp-block-heading\"><strong><font style=\"vertical-align: inherit;\"><font style=\"vertical-align: inherit;\">3. \u0421\u0442\u043e\u0438\u043c\u043e\u0441\u0442\u044c \u0434\u043e\u0441\u0442\u0430\u0432\u043a\u0438<\/font><\/font><\/strong><\/h4><p><font style=\"vertical-align: inherit;\"><font style=\"vertical-align: inherit;\">\u0422\u043e\u0447\u043d\u0430\u044f \u0441\u0442\u043e\u0438\u043c\u043e\u0441\u0442\u044c \u0437\u0430\u0432\u0438\u0441\u0438\u0442 \u043e\u0442 \u0432\u0430\u0448\u0435\u0433\u043e \u043c\u0435\u0441\u0442\u043e\u043f\u043e\u043b\u043e\u0436\u0435\u043d\u0438\u044f \u0438 \u0432\u0435\u0441\u0430 \u0432\u0430\u0448\u0435\u0433\u043e \u0437\u0430\u043a\u0430\u0437\u0430.<\/font><\/font><\/p><p>\u0412\u043e \u0424\u0440\u0430\u043d\u0446\u0438\u0438: 8\u201310 \u0435\u0432\u0440\u043e.<\/p><p>15\u20ac-20\u20ac \u0437\u0430 \u043f\u0440\u0435\u0434\u0435\u043b\u0430\u043c\u0438 \u0424\u0440\u0430\u043d\u0446\u0438\u0438<\/p><h4 class=\"wp-block-heading\"><strong>4. \u041e\u0442\u0441\u043b\u0435\u0436\u0438\u0432\u0430\u043d\u0438\u0435 \u0437\u0430\u043a\u0430\u0437\u043e\u0432<\/strong><\/h4><p>\u041a\u0430\u043a \u0442\u043e\u043b\u044c\u043a\u043e \u0432\u0430\u0448 \u0437\u0430\u043a\u0430\u0437 \u0431\u0443\u0434\u0435\u0442 \u043e\u0442\u043f\u0440\u0430\u0432\u043b\u0435\u043d, \u0432\u044b \u043f\u043e\u043b\u0443\u0447\u0438\u0442\u0435 \u044d\u043b\u0435\u043a\u0442\u0440\u043e\u043d\u043d\u043e\u0435 \u043f\u0438\u0441\u044c\u043c\u043e \u0441 \u043d\u043e\u043c\u0435\u0440\u043e\u043c \u043e\u0442\u0441\u043b\u0435\u0436\u0438\u0432\u0430\u043d\u0438\u044f. \u0412\u044b \u0441\u043c\u043e\u0436\u0435\u0442\u0435 \u0441\u043b\u0435\u0434\u0438\u0442\u044c \u0437\u0430 \u0441\u0442\u0430\u0442\u0443\u0441\u043e\u043c \u0441\u0432\u043e\u0435\u0439 \u0434\u043e\u0441\u0442\u0430\u0432\u043a\u0438 \u043d\u0435\u043f\u043e\u0441\u0440\u0435\u0434\u0441\u0442\u0432\u0435\u043d\u043d\u043e \u043d\u0430 \u0441\u0430\u0439\u0442\u0435 \u043f\u0435\u0440\u0435\u0432\u043e\u0437\u0447\u0438\u043a\u0430.<\/p><h4 class=\"wp-block-heading\"><strong>5. \u041f\u0440\u043e\u0431\u043b\u0435\u043c\u044b \u0441 \u0434\u043e\u0441\u0442\u0430\u0432\u043a\u043e\u0439<\/strong><\/h4><p>\u0415\u0441\u043b\u0438 \u0443 \u0432\u0430\u0441 \u0432\u043e\u0437\u043d\u0438\u043a\u043b\u0438 \u043f\u0440\u043e\u0431\u043b\u0435\u043c\u044b \u0441 \u0432\u0430\u0448\u0438\u043c \u0437\u0430\u043a\u0430\u0437\u043e\u043c (\u043f\u043e\u0441\u044b\u043b\u043a\u0430 \u043d\u0435 \u043f\u043e\u043b\u0443\u0447\u0435\u043d\u0430, \u043f\u043e\u0432\u0440\u0435\u0436\u0434\u0435\u043d\u0430 \u0438\u043b\u0438 \u043d\u0435\u043f\u043e\u043b\u043d\u0430\u044f), \u043f\u043e\u0436\u0430\u043b\u0443\u0439\u0441\u0442\u0430, \u0441\u0432\u044f\u0436\u0438\u0442\u0435\u0441\u044c \u0441 \u043d\u0430\u043c\u0438 \u043a\u0430\u043a \u043c\u043e\u0436\u043d\u043e \u0441\u043a\u043e\u0440\u0435\u0435 \u043f\u043e \u0430\u0434\u0440\u0435\u0441\u0443: <a href=\"mailto:sb.dress57@gmail.com\">sb.dress57@gmail.com<\/a> \u041d\u0430\u0448\u0430 \u043a\u043e\u043c\u0430\u043d\u0434\u0430 \u0431\u0443\u0434\u0435\u0442 \u0440\u0430\u0434\u0430 \u0432\u0430\u043c \u043f\u043e\u043c\u043e\u0447\u044c.<\/p><h4 class=\"wp-block-heading\"><strong>6. \u0412\u043e\u0437\u0432\u0440\u0430\u0442 \u0438 \u043e\u0431\u043c\u0435\u043d<\/strong><\/h4><p>\u0414\u043b\u044f \u043f\u043e\u043b\u0443\u0447\u0435\u043d\u0438\u044f \u0434\u043e\u043f\u043e\u043b\u043d\u0438\u0442\u0435\u043b\u044c\u043d\u043e\u0439 \u0438\u043d\u0444\u043e\u0440\u043c\u0430\u0446\u0438\u0438 \u043e \u043d\u0430\u0448\u0435\u0439 \u043f\u043e\u043b\u0438\u0442\u0438\u043a\u0435 \u0432\u043e\u0437\u0432\u0440\u0430\u0442\u0430 \u0438 \u043e\u0431\u043c\u0435\u043d\u0430 \u043f\u043e\u0441\u0435\u0442\u0438\u0442\u0435 \u043d\u0430\u0448\u0443 \u0441\u043f\u0435\u0446\u0438\u0430\u043b\u044c\u043d\u0443\u044e \u0441\u0442\u0440\u0430\u043d\u0438\u0446\u0443:  <a href=\"https:\/\/sbdresshop.com\/ru\/conditions-de-retour-et-dechange\/\">\u0423\u0441\u043b\u043e\u0432\u0438\u044f \u0432\u043e\u0437\u0432\u0440\u0430\u0442\u0430 \u0438 \u043e\u0431\u043c\u0435\u043d\u0430<\/a><\/p><p><strong>\u0421\u043f\u0430\u0441\u0438\u0431\u043e, \u0447\u0442\u043e \u0434\u043e\u0432\u0435\u0440\u044f\u0435\u0442\u0435 \u043d\u0430\u043c \u043f\u043e\u043a\u0443\u043f\u043a\u0443 \u043e\u0434\u0435\u0436\u0434\u044b!<\/strong><\/p>","protected":false},"excerpt":{"rendered":"<p>Chez sbdresshop.com, nous nous engageons \u00e0 vous offrir une exp\u00e9rience d\u2019achat agr\u00e9able avec une livraison rapide et fiable. Voici toutes les informations concernant nos options de livraison : 1. Zones de Livraison Nous livrons dans plusieurs pays \u00e0 travers le monde. Lors de votre commande, veuillez v\u00e9rifier si votre r\u00e9gion est \u00e9ligible \u00e0 la livraison. [&hellip;]<\/p>","protected":false},"author":1,"featured_media":0,"parent":0,"menu_order":0,"comment_status":"closed","ping_status":"closed","template":"","meta":{"footnotes":""},"class_list":["post-6562","page","type-page","status-publish","hentry"],"_links":{"self":[{"href":"https:\/\/sbdresshop.com\/ru\/wp-json\/wp\/v2\/pages\/6562","targetHints":{"allow":["GET"]}}],"collection":[{"href":"https:\/\/sbdresshop.com\/ru\/wp-json\/wp\/v2\/pages"}],"about":[{"href":"https:\/\/sbdresshop.com\/ru\/wp-json\/wp\/v2\/types\/page"}],"author":[{"embeddable":true,"href":"https:\/\/sbdresshop.com\/ru\/wp-json\/wp\/v2\/users\/1"}],"replies":[{"embeddable":true,"href":"https:\/\/sbdresshop.com\/ru\/wp-json\/wp\/v2\/comments?post=6562"}],"version-history":[{"count":5,"href":"https:\/\/sbdresshop.com\/ru\/wp-json\/wp\/v2\/pages\/6562\/revisions"}],"predecessor-version":[{"id":7159,"href":"https:\/\/sbdresshop.com\/ru\/wp-json\/wp\/v2\/pages\/6562\/revisions\/7159"}],"wp:attachment":[{"href":"https:\/\/sbdresshop.com\/ru\/wp-json\/wp\/v2\/media?parent=6562"}],"curies":[{"name":"wp","href":"https:\/\/api.w.org\/{rel}","templated":true}]}}