{"id":6565,"date":"2024-11-18T05:02:26","date_gmt":"2024-11-18T04:02:26","guid":{"rendered":"https:\/\/sbdresshop.com\/?page_id=6565"},"modified":"2024-12-08T11:35:13","modified_gmt":"2024-12-08T10:35:13","slug":"conditions-de-retour-et-dechange","status":"publish","type":"page","link":"https:\/\/sbdresshop.com\/ru\/conditions-de-retour-et-dechange\/","title":{"rendered":"Conditions de Retour et d&#8217;\u00c9change"},"content":{"rendered":"<ol class=\"wp-block-list\"><li><strong>\u0423\u0441\u043b\u043e\u0432\u0438\u044f \u0432\u043e\u0437\u0432\u0440\u0430\u0442\u0430.<\/strong><\/li><\/ol><p>\u0427\u0442\u043e\u0431\u044b \u0438\u043c\u0435\u0442\u044c \u043f\u0440\u0430\u0432\u043e \u043d\u0430 \u0432\u043e\u0437\u0432\u0440\u0430\u0442, \u0432\u0441\u0435 \u0442\u043e\u0432\u0430\u0440\u044b \u0434\u043e\u043b\u0436\u043d\u044b \u0431\u044b\u0442\u044c&nbsp;<strong>\u043d\u0435\u0438\u0441\u043f\u043e\u043b\u044c\u0437\u043e\u0432\u0430\u043d\u043d\u044b\u0439<\/strong>, \u0432 \u0442\u043e\u043c \u0436\u0435 \u0441\u043e\u0441\u0442\u043e\u044f\u043d\u0438\u0438, \u0432 \u043a\u043e\u0442\u043e\u0440\u043e\u043c \u0432\u044b \u0438\u0445 \u043f\u043e\u043b\u0443\u0447\u0438\u043b\u0438 \u0438&nbsp;<strong>\u0442\u0449\u0430\u0442\u0435\u043b\u044c\u043d\u043e&nbsp;<\/strong><strong>\u0443\u043f\u0430\u043a\u043e\u0432\u0430\u043d\u043d\u044b\u0439<\/strong>. \u041f\u0440\u0435\u0434\u043c\u0435\u0442\u044b \u043d\u0435 \u0434\u043e\u043b\u0436\u043d\u044b \u0431\u044b\u0442\u044c&nbsp;<strong>\u043d\u0438 \u043d\u043e\u0441\u0438\u0442\u044c<\/strong>\/<strong>\u043d\u0438 \u043c\u044b\u0442\u044c<\/strong>\/<strong>\u0431\u0435\u0437 \u0437\u0430\u043f\u0430\u0445\u0430<\/strong>&nbsp;(<strong><u>\u043d\u0435 \u0447\u0443\u0432\u0441\u0442\u0432\u043e\u0432\u0430\u0442\u044c \u0437\u0430\u043f\u0430\u0445 \u0441\u0438\u0433\u0430\u0440\u0435\u0442 \u0438\u043b\u0438 \u0434\u0443\u0445\u043e\u0432<\/u><\/strong>). \u041d\u0430 \u0438\u0437\u0434\u0435\u043b\u0438\u044f\u0445 \u043d\u0435 \u0434\u043e\u043b\u0436\u043d\u043e \u0431\u044b\u0442\u044c \u0441\u043b\u0435\u0434\u043e\u0432 \u043c\u0430\u043a\u0438\u044f\u0436\u0430.<\/p><p>\u0421\u043b\u0435\u0434\u043e\u0432\u0430\u0442\u0435\u043b\u044c\u043d\u043e, \u0434\u043e\u0445\u043e\u0434\u043d\u043e\u0441\u0442\u044c&nbsp;<strong>\u043f\u043e\u0441\u0442\u0438\u0440\u0430\u043d\u043d\u0430\u044f \u043e\u0434\u0435\u0436\u0434\u0430<\/strong>&nbsp;\u0438\/\u0438\u043b\u0438&nbsp;<strong>\u0434\u0432\u0435\u0440\u0438<\/strong>&nbsp;<strong>\u043d\u0435 \u0431\u0443\u0434\u0435\u0442 \u043f\u0440\u0438\u043d\u044f\u0442\u043e<\/strong>.<\/p><p><strong>\u0422\u043e\u0432\u0430\u0440\u044b, \u043f\u0440\u043e\u0434\u0430\u0432\u0430\u0435\u043c\u044b\u0435 \u0438\u043b\u0438 \u043f\u043e\u0434\u043b\u0435\u0436\u0430\u0449\u0438\u0435 \u0440\u0430\u0441\u043f\u0440\u043e\u0434\u0430\u0436\u0435, \u0432\u043e\u0437\u0432\u0440\u0430\u0442\u0443 \u043d\u0435 \u043f\u043e\u0434\u043b\u0435\u0436\u0430\u0442. \u041d\u0438 \u0443\u043a\u0440\u0430\u0448\u0435\u043d\u0438\u044f, \u043d\u0438 \u043a\u043e\u043b\u0433\u043e\u0442\u043a\u0438.&nbsp;<\/strong><\/p><ol start=\"2\" class=\"wp-block-list\"><li><strong>\u0412\u0440\u0435\u043c\u044f \u0432\u043e\u0437\u0432\u0440\u0430\u0442\u0430<\/strong><\/li><\/ol><p>\u0412 \u0441\u043e\u043e\u0442\u0432\u0435\u0442\u0441\u0442\u0432\u0438\u0438 \u0441 \u043f\u043e\u043b\u043e\u0436\u0435\u043d\u0438\u044f\u043c\u0438 \u0441\u0442\u0430\u0442\u044c\u0438 L 121-23 \u041f\u043e\u0442\u0440\u0435\u0431\u0438\u0442\u0435\u043b\u044c\u0441\u043a\u043e\u0433\u043e \u043a\u043e\u0434\u0435\u043a\u0441\u0430 \u0443 \u0432\u0430\u0441 \u0435\u0441\u0442\u044c \u0441\u0440\u043e\u043a&nbsp;<strong>7 \u0434\u043d\u0435\u0439<\/strong>&nbsp;\u043e\u0442&nbsp;<strong>\u0434\u0430\u0442\u0430 \u043f\u043e\u043b\u0443\u0447\u0435\u043d\u0438\u044f<\/strong>&nbsp;\u0435\u0433\u043e \u043f\u0440\u0438\u043a\u0430\u0437\u0430 \u043e\u0442\u043a\u0430\u0437\u0430\u0442\u044c\u0441\u044f.&nbsp;<strong>\u0412\u043d\u0438\u043c\u0430\u043d\u0438\u0435<\/strong>, \u0435\u0441\u043b\u0438 \u043f\u0435\u0440\u0438\u043e\u0434 \u0432\u043e\u0437\u0432\u0440\u0430\u0442\u0430&nbsp;<strong>\u0443\u0441\u0442\u0430\u0440\u0435\u043b<\/strong>, \u043c\u044b \u0431\u0443\u0434\u0435\u043c \u0432\u044b\u043d\u0443\u0436\u0434\u0435\u043d\u044b&nbsp;<strong>\u043d\u0435 \u043f\u0440\u0438\u043d\u0438\u043c\u0430\u0439 \u044d\u0442\u043e<\/strong>&nbsp;\u0438 \u0442\u0435\u0431\u0435 \u043f\u0440\u0438\u0434\u0435\u0442\u0441\u044f&nbsp;<strong>\u043e\u043f\u043b\u0430\u0442\u0438\u0442\u044c \u0434\u043e\u0441\u0442\u0430\u0432\u043a\u0443<\/strong>.<\/p><ol start=\"3\" class=\"wp-block-list\"><li><strong>\u0421\u0442\u043e\u0438\u043c\u043e\u0441\u0442\u044c \u0432\u043e\u0437\u0432\u0440\u0430\u0442\u0430<\/strong><\/li><\/ol><p>\u0421\u0442\u043e\u0438\u043c\u043e\u0441\u0442\u044c \u0432\u043e\u0437\u0432\u0440\u0430\u0442\u0430 (=\u0434\u043e\u0441\u0442\u0430\u0432\u043a\u0438) \u0441\u043e\u0441\u0442\u0430\u0432\u043b\u044f\u0435\u0442&nbsp;<strong>\u0442\u0432\u043e\u0435 \u0431\u0440\u0435\u043c\u044f<\/strong>. \u0421\u0442\u043e\u0438\u043c\u043e\u0441\u0442\u044c \u0434\u043e\u0441\u0442\u0430\u0432\u043a\u0438&nbsp;<strong>\u043d\u0435 \u043f\u043e\u0434\u043b\u0435\u0436\u0430\u0442 \u0432\u043e\u0437\u0432\u0440\u0430\u0442\u0443<\/strong>. \u0417\u0430 \u0438\u0441\u043a\u043b\u044e\u0447\u0435\u043d\u0438\u0435\u043c \u0442\u0435\u0445 \u0438\u0441\u043a\u043b\u044e\u0447\u0438\u0442\u0435\u043b\u044c\u043d\u044b\u0445 \u0441\u043b\u0443\u0447\u0430\u0435\u0432, \u043a\u043e\u0433\u0434\u0430 \u044d\u0442\u043e \u043e\u0448\u0438\u0431\u043a\u0430 \u0441 \u043d\u0430\u0448\u0435\u0439 \u0441\u0442\u043e\u0440\u043e\u043d\u044b (\u043e\u0448\u0438\u0431\u043a\u0430 \u0432 \u043c\u043e\u0434\u0435\u043b\u0438\/\u0442\u043e\u0432\u0430\u0440\u0435\/\u0440\u0430\u0437\u043c\u0435\u0440\u0435\/\u0446\u0432\u0435\u0442\u0435).<\/p><p><strong>\u041c\u044b \u043d\u0435 \u043f\u043e\u043a\u0440\u044b\u0432\u0430\u0435\u043c \u043f\u043e\u0442\u0435\u0440\u044e\/\u043a\u0440\u0430\u0436\u0443 \u043f\u043e\u0441\u044b\u043b\u043a\u0438. \u041d\u0438\u043a\u0430\u043a\u0438\u0435 \u0432\u043e\u0437\u0432\u0440\u0430\u0442\u044b \u043d\u0435 \u043f\u0440\u043e\u0438\u0437\u0432\u043e\u0434\u044f\u0442\u0441\u044f.&nbsp;<\/strong><\/p><p>\u0415\u0441\u043b\u0438 \u0432\u044b \u043e\u0442\u043f\u0440\u0430\u0432\u043b\u044f\u0435\u0442\u0435 \u0442\u043e\u0432\u0430\u0440 \u0441\u0442\u043e\u0438\u043c\u043e\u0441\u0442\u044c\u044e \u0431\u043e\u043b\u0435\u0435 60 \u0434\u043e\u043b\u043b\u0430\u0440\u043e\u0432 \u0421\u0428\u0410, \u043c\u044b \u0440\u0435\u043a\u043e\u043c\u0435\u043d\u0434\u0443\u0435\u043c \u0432\u043e\u0441\u043f\u043e\u043b\u044c\u0437\u043e\u0432\u0430\u0442\u044c\u0441\u044f \u0441\u043b\u0443\u0436\u0431\u043e\u0439 \u043e\u0442\u0441\u043b\u0435\u0436\u0438\u0432\u0430\u043d\u0438\u044f \u0434\u043e\u0441\u0442\u0430\u0432\u043a\u0438 \u0438\u043b\u0438 \u0437\u0430\u0441\u0442\u0440\u0430\u0445\u043e\u0432\u0430\u0442\u044c \u0432\u0430\u0448 \u0433\u0440\u0443\u0437. \u041c\u044b \u043d\u0435 \u0433\u0430\u0440\u0430\u043d\u0442\u0438\u0440\u0443\u0435\u043c, \u0447\u0442\u043e \u043f\u043e\u043b\u0443\u0447\u0438\u043c \u0432\u043e\u0437\u0432\u0440\u0430\u0449\u0435\u043d\u043d\u044b\u0439 \u0442\u043e\u0432\u0430\u0440.<\/p><ol start=\"4\" class=\"wp-block-list\"><li><strong>\u041f\u043e\u0440\u044f\u0434\u043e\u043a \u0434\u0435\u0439\u0441\u0442\u0432\u0438\u0439 \u043f\u0440\u0438 \u0432\u043e\u0437\u0432\u0440\u0430\u0442\u0435<\/strong><\/li><\/ol><p>Avant de retourner le produit, envoyez-nous d&#8217;abord votre nom, pr\u00e9nom ainsi que les informations relatives \u00e0 votre commande par e-mail.<\/p><p><br>\u2013 Adresse : 2 Ter Rue de l&#8217;\u00e9tang 57510 puttelange aux lacs<br>\u2013 \u0412\u0435\u0441 (\u043a\u0433): \u0443\u043a\u0430\u0436\u0438\u0442\u0435 \u0435\u0433\u043e \u0441\u0430\u043c\u043e\u0441\u0442\u043e\u044f\u0442\u0435\u043b\u044c\u043d\u043e (\u044d\u0442\u043e \u043e\u043f\u0440\u0435\u0434\u0435\u043b\u044f\u0435\u0442 \u0441\u0442\u043e\u0438\u043c\u043e\u0441\u0442\u044c \u0434\u043e\u0441\u0442\u0430\u0432\u043a\u0438)\u00a0<\/p><p>- \u0410\u0434\u0440\u0435\u0441 \u044d\u043b\u0435\u043a\u0442\u0440\u043e\u043d\u043d\u043e\u0439 \u043f\u043e\u0447\u0442\u044b:&nbsp;<a href=\"mailto:sb.dress57@gmail.com\">sb.dress57@gmail.com<\/a><\/p><p>5- \u041f\u043e\u0441\u043b\u0435 \u043f\u043e\u043b\u0443\u0447\u0435\u043d\u0438\u044f \u044f&nbsp;<strong>\u043a\u043e\u043d\u0442\u0440\u043e\u043b\u044c<\/strong>&nbsp;\u0442\u043e\u0432\u0430\u0440 \u0438 \u043e\u0441\u0443\u0449\u0435\u0441\u0442\u0432\u043b\u044f\u0435\u0442 \u0432\u043e\u0437\u0432\u0440\u0430\u0442 \u0441\u0440\u0435\u0434\u0441\u0442\u0432.<\/p><p><\/p>","protected":false},"excerpt":{"rendered":"<p>Pour pouvoir b\u00e9n\u00e9ficier d\u2019un retour, tous les articles doivent \u00eatre&nbsp;inutilis\u00e9s, dans le m\u00eame \u00e9tat o\u00f9 vous les avez re\u00e7us et&nbsp;soigneusement&nbsp;emball\u00e9es. Les articles ne doivent \u00eatre&nbsp;ni port\u00e9s\/ni lav\u00e9s\/sans odeur&nbsp;(ne pas sentir la cigarette ou le parfum). Les articles ne doivent pas avoir des traces de maquillage. En cons\u00e9quence, les retours de&nbsp;v\u00eatements lav\u00e9s&nbsp;et\/ou&nbsp;port\u00e9s&nbsp;ne seront pas accept\u00e9s. Les [&hellip;]<\/p>","protected":false},"author":1,"featured_media":0,"parent":0,"menu_order":0,"comment_status":"closed","ping_status":"closed","template":"","meta":{"footnotes":""},"class_list":["post-6565","page","type-page","status-publish","hentry"],"_links":{"self":[{"href":"https:\/\/sbdresshop.com\/ru\/wp-json\/wp\/v2\/pages\/6565","targetHints":{"allow":["GET"]}}],"collection":[{"href":"https:\/\/sbdresshop.com\/ru\/wp-json\/wp\/v2\/pages"}],"about":[{"href":"https:\/\/sbdresshop.com\/ru\/wp-json\/wp\/v2\/types\/page"}],"author":[{"embeddable":true,"href":"https:\/\/sbdresshop.com\/ru\/wp-json\/wp\/v2\/users\/1"}],"replies":[{"embeddable":true,"href":"https:\/\/sbdresshop.com\/ru\/wp-json\/wp\/v2\/comments?post=6565"}],"version-history":[{"count":7,"href":"https:\/\/sbdresshop.com\/ru\/wp-json\/wp\/v2\/pages\/6565\/revisions"}],"predecessor-version":[{"id":7163,"href":"https:\/\/sbdresshop.com\/ru\/wp-json\/wp\/v2\/pages\/6565\/revisions\/7163"}],"wp:attachment":[{"href":"https:\/\/sbdresshop.com\/ru\/wp-json\/wp\/v2\/media?parent=6565"}],"curies":[{"name":"wp","href":"https:\/\/api.w.org\/{rel}","templated":true}]}}