{"id":6570,"date":"2024-11-18T05:09:02","date_gmt":"2024-11-18T04:09:02","guid":{"rendered":"https:\/\/sbdresshop.com\/?page_id=6570"},"modified":"2024-12-08T11:38:42","modified_gmt":"2024-12-08T10:38:42","slug":"foire-aux-questions-faq","status":"publish","type":"page","link":"https:\/\/sbdresshop.com\/ru\/\u0447\u0430\u0441\u0442\u043e-\u0437\u0430\u0434\u0430\u0432\u0430\u0435\u043c\u044b\u0435-\u0432\u043e\u043f\u0440\u043e\u0441\u044b-\u0447\u0430\u0441\u0442\u043e-\u0437\u0430\u0434\u0430\u0432\/","title":{"rendered":"\u0427\u0430\u0441\u0442\u043e \u0437\u0430\u0434\u0430\u0432\u0430\u0435\u043c\u044b\u0435 \u0432\u043e\u043f\u0440\u043e\u0441\u044b (FAQ)"},"content":{"rendered":"<h4 class=\"wp-block-heading\"><strong>1. \u041a\u0430\u043a \u044f \u043c\u043e\u0433\u0443 \u0440\u0430\u0437\u043c\u0435\u0441\u0442\u0438\u0442\u044c \u0437\u0430\u043a\u0430\u0437?<\/strong><\/h4><p>Pour passer une commande, ajoutez les articles de votre choix au panier, cliquez sur &#8220;Commander&#8221;, puis suivez les \u00e9tapes pour finaliser votre achat.<\/p><h4 class=\"wp-block-heading\"><strong>2. \u041a\u0430\u043a\u0438\u0435 \u0441\u043f\u043e\u0441\u043e\u0431\u044b \u043e\u043f\u043b\u0430\u0442\u044b \u043f\u0440\u0438\u043d\u0438\u043c\u0430\u044e\u0442\u0441\u044f?<\/strong><\/h4><p>\u041c\u044b \u043f\u0440\u0438\u043d\u0438\u043c\u0430\u0435\u043c \u043e\u043f\u043b\u0430\u0442\u0443 \u043a\u0440\u0435\u0434\u0438\u0442\u043d\u044b\u043c\u0438 \u043a\u0430\u0440\u0442\u0430\u043c\u0438 (Visa, Mastercard, American Express) \u0438 PayPal.<\/p><h4 class=\"wp-block-heading\"><strong>3. \u041c\u043e\u0433\u0443 \u043b\u0438 \u044f \u0438\u0437\u043c\u0435\u043d\u0438\u0442\u044c \u0438\u043b\u0438 \u043e\u0442\u043c\u0435\u043d\u0438\u0442\u044c \u0441\u0432\u043e\u0439 \u0437\u0430\u043a\u0430\u0437 \u043f\u043e\u0441\u043b\u0435 \u0435\u0433\u043e \u0440\u0430\u0437\u043c\u0435\u0449\u0435\u043d\u0438\u044f?<\/strong><\/h4><p>\u0418\u0437\u043c\u0435\u043d\u0435\u043d\u0438\u044f \u0438\u043b\u0438 \u043e\u0442\u043c\u0435\u043d\u044b \u0432\u043e\u0437\u043c\u043e\u0436\u043d\u044b, \u0435\u0441\u043b\u0438 \u0437\u0430\u043a\u0430\u0437 \u0435\u0449\u0435 \u043d\u0435 \u043e\u0442\u043f\u0440\u0430\u0432\u043b\u0435\u043d. \u0421\u0432\u044f\u0436\u0438\u0442\u0435\u0441\u044c \u0441 \u043d\u0430\u043c\u0438 \u0431\u044b\u0441\u0442\u0440\u043e \u043f\u043e \u0430\u0434\u0440\u0435\u0441\u0443 <a href=\"mailto:sb.dress57@gmail.com\">sb.dress57@gmail.com<\/a><\/p><h4 class=\"wp-block-heading\"><strong>4. \u041a\u0430\u043a\u043e\u0432\u044b \u0441\u0440\u043e\u043a\u0438 \u0434\u043e\u0441\u0442\u0430\u0432\u043a\u0438?<\/strong><\/h4><ul class=\"wp-block-list\"><li><strong>\u0421\u0442\u0430\u043d\u0434\u0430\u0440\u0442\u043d\u0430\u044f \u0434\u043e\u0441\u0442\u0430\u0432\u043a\u0430:<\/strong> 5-7 \u0440\u0430\u0431\u043e\u0447\u0438\u0445 \u0434\u043d\u0435\u0439.<\/li>\n\n<li><strong>\u042d\u043a\u0441\u043f\u0440\u0435\u0441\u0441-\u0434\u043e\u0441\u0442\u0430\u0432\u043a\u0430:<\/strong> 2-3 \u0440\u0430\u0431\u043e\u0447\u0438\u0445 \u0434\u043d\u044f.<br>\u0421\u0440\u043e\u043a\u0438 \u0434\u043e\u0441\u0442\u0430\u0432\u043a\u0438 \u043c\u043e\u0433\u0443\u0442 \u0432\u0430\u0440\u044c\u0438\u0440\u043e\u0432\u0430\u0442\u044c\u0441\u044f \u0432 \u0437\u0430\u0432\u0438\u0441\u0438\u043c\u043e\u0441\u0442\u0438 \u043e\u0442 \u0432\u0430\u0448\u0435\u0433\u043e \u043c\u0435\u0441\u0442\u043e\u043f\u043e\u043b\u043e\u0436\u0435\u043d\u0438\u044f.<\/li><\/ul><h4 class=\"wp-block-heading\"><strong>5. \u041a\u0430\u043a \u043c\u043d\u0435 \u043e\u0442\u0441\u043b\u0435\u0434\u0438\u0442\u044c \u0441\u0432\u043e\u0439 \u0437\u0430\u043a\u0430\u0437?<\/strong><\/h4><p>Une fois votre commande exp\u00e9di\u00e9e, vous recevrez un e-mail avec un num\u00e9ro de suivi. Vous pouvez suivre l&#8217;\u00e9tat de la livraison sur le site du transporteur.<\/p><h4 class=\"wp-block-heading\"><strong>6. \u041c\u043e\u0433\u0443 \u043b\u0438 \u044f \u0432\u0435\u0440\u043d\u0443\u0442\u044c \u0438\u043b\u0438 \u043e\u0431\u043c\u0435\u043d\u044f\u0442\u044c \u0442\u043e\u0432\u0430\u0440?<\/strong><\/h4><p>\u0414\u0430, \u0432\u044b \u043c\u043e\u0436\u0435\u0442\u0435 \u0432\u0435\u0440\u043d\u0443\u0442\u044c \u0438\u043b\u0438 \u043e\u0431\u043c\u0435\u043d\u044f\u0442\u044c \u0442\u043e\u0432\u0430\u0440 \u0432 \u0442\u0435\u0447\u0435\u043d\u0438\u0435 7 \u0434\u043d\u0435\u0439 \u0441 \u043c\u043e\u043c\u0435\u043d\u0442\u0430 \u043f\u043e\u043b\u0443\u0447\u0435\u043d\u0438\u044f, \u043f\u0440\u0438 \u0443\u0441\u043b\u043e\u0432\u0438\u0438, \u0447\u0442\u043e \u043e\u043d \u043d\u0430\u0445\u043e\u0434\u0438\u0442\u0441\u044f \u0432 \u043f\u0435\u0440\u0432\u043e\u043d\u0430\u0447\u0430\u043b\u044c\u043d\u043e\u043c \u0441\u043e\u0441\u0442\u043e\u044f\u043d\u0438\u0438. \u041f\u043e\u0441\u0435\u0442\u0438\u0442\u0435 \u043d\u0430\u0448\u0443 \u0441\u0442\u0440\u0430\u043d\u0438\u0446\u0443 <strong>\u0423\u0441\u043b\u043e\u0432\u0438\u044f \u0432\u043e\u0437\u0432\u0440\u0430\u0442\u0430<\/strong> \u0434\u043b\u044f \u0431\u043e\u043b\u0435\u0435 \u043f\u043e\u0434\u0440\u043e\u0431\u043d\u043e\u0439 \u0438\u043d\u0444\u043e\u0440\u043c\u0430\u0446\u0438\u0438.<\/p><h4 class=\"wp-block-heading\"><strong>7. \u0427\u0442\u043e \u043c\u043d\u0435 \u0434\u0435\u043b\u0430\u0442\u044c, \u0435\u0441\u043b\u0438 \u044f \u043f\u043e\u043b\u0443\u0447\u0443 \u0434\u0435\u0444\u0435\u043a\u0442\u043d\u044b\u0439 \u0438\u043b\u0438 \u043d\u0435\u043f\u0440\u0430\u0432\u0438\u043b\u044c\u043d\u044b\u0439 \u0442\u043e\u0432\u0430\u0440?<\/strong><\/h4><p>\u0421\u0432\u044f\u0436\u0438\u0442\u0435\u0441\u044c \u0441 \u043d\u0430\u043c\u0438 \u043d\u0435\u043c\u0435\u0434\u043b\u0435\u043d\u043d\u043e \u043f\u043e \u0430\u0434\u0440\u0435\u0441\u0443 <strong><a><a href=\"mailto:sb.dress57@gmail.com\">sb.dress57@gmail.com<\/a><\/a><\/strong> \u0441 \u0444\u043e\u0442\u043e\u0433\u0440\u0430\u0444\u0438\u044f\u043c\u0438 \u0434\u0435\u0444\u0435\u043a\u0442\u043d\u043e\u0433\u043e \u0438\u043b\u0438 \u043d\u0435\u043f\u0440\u0430\u0432\u0438\u043b\u044c\u043d\u043e\u0433\u043e \u0442\u043e\u0432\u0430\u0440\u0430. \u041c\u044b \u043f\u043e\u043a\u0440\u043e\u0435\u043c \u0440\u0430\u0441\u0445\u043e\u0434\u044b \u043f\u043e \u0434\u043e\u0441\u0442\u0430\u0432\u043a\u0435 \u0438 \u043e\u0442\u043f\u0440\u0430\u0432\u0438\u043c \u0432\u0430\u043c \u0437\u0430\u043c\u0435\u043d\u0443.<\/p><h4 class=\"wp-block-heading\"><strong>8. \u041f\u0440\u0435\u0434\u043b\u0430\u0433\u0430\u0435\u0442\u0435 \u043b\u0438 \u0432\u044b \u0440\u0430\u0437\u043c\u0435\u0440\u044b \u0434\u043b\u044f \u0432\u0441\u0435\u0445 \u0442\u0438\u043f\u043e\u0432 \u0442\u0435\u043b\u043e\u0441\u043b\u043e\u0436\u0435\u043d\u0438\u044f?<\/strong><\/h4><p>\u0414\u0430, \u043d\u0430\u0448\u0430 \u043a\u043e\u043b\u043b\u0435\u043a\u0446\u0438\u044f \u0432\u043a\u043b\u044e\u0447\u0430\u0435\u0442 \u0432 \u0441\u0435\u0431\u044f \u0448\u0438\u0440\u043e\u043a\u0438\u0439 \u0434\u0438\u0430\u043f\u0430\u0437\u043e\u043d \u0440\u0430\u0437\u043c\u0435\u0440\u043e\u0432, \u043f\u043e\u0434\u0445\u043e\u0434\u044f\u0449\u0438\u0445 \u0434\u043b\u044f \u043b\u044e\u0431\u043e\u0439 \u0444\u0438\u0433\u0443\u0440\u044b. \u041e\u0437\u043d\u0430\u043a\u043e\u043c\u044c\u0442\u0435\u0441\u044c \u0441 \u043d\u0430\u0448\u0438\u043c \u0440\u0443\u043a\u043e\u0432\u043e\u0434\u0441\u0442\u0432\u043e\u043c \u043f\u043e \u0440\u0430\u0437\u043c\u0435\u0440\u0430\u043c, \u0447\u0442\u043e\u0431\u044b \u043d\u0430\u0439\u0442\u0438 \u0442\u043e\u0442, \u043a\u043e\u0442\u043e\u0440\u044b\u0439 \u043f\u043e\u0434\u043e\u0439\u0434\u0435\u0442 \u0432\u0430\u043c \u043b\u0443\u0447\u0448\u0435 \u0432\u0441\u0435\u0433\u043e.<\/p><h4 class=\"wp-block-heading\"><strong>9. \u041c\u043e\u0433\u0443 \u043b\u0438 \u044f \u0441\u0432\u044f\u0437\u0430\u0442\u044c\u0441\u044f \u0441 \u0432\u0430\u043c\u0438, \u0435\u0441\u043b\u0438 \u0443 \u043c\u0435\u043d\u044f \u0432\u043e\u0437\u043d\u0438\u043a\u043d\u0443\u0442 \u0434\u043e\u043f\u043e\u043b\u043d\u0438\u0442\u0435\u043b\u044c\u043d\u044b\u0435 \u0432\u043e\u043f\u0440\u043e\u0441\u044b?<\/strong><\/h4><p>\u041a\u043e\u043d\u0435\u0447\u043d\u043e ! \u0412\u044b \u043c\u043e\u0436\u0435\u0442\u0435 \u0441\u0432\u044f\u0437\u0430\u0442\u044c\u0441\u044f \u0441 \u043d\u0430\u043c\u0438 \u043f\u043e \u044d\u043b\u0435\u043a\u0442\u0440\u043e\u043d\u043d\u043e\u0439 \u043f\u043e\u0447\u0442\u0435 \u043f\u043e \u0430\u0434\u0440\u0435\u0441\u0443 <strong><a><a href=\"mailto:sb.dress57@gmail.com\">sb.dress57@gmail.com<\/a><\/a><\/strong>, <\/p><p><strong>Si vous avez d&#8217;autres questions, n&#8217;h\u00e9sitez pas \u00e0 nous contacter. Merci de faire confiance \u00e0 sbdresshop.com !<\/strong><\/p><p><\/p>","protected":false},"excerpt":{"rendered":"<p>1. Comment puis-je passer une commande ? Pour passer une commande, ajoutez les articles de votre choix au panier, cliquez sur &#8220;Commander&#8221;, puis suivez les \u00e9tapes pour finaliser votre achat. 2. Quels sont les modes de paiement accept\u00e9s ? Nous acceptons les paiements par carte bancaire (Visa, Mastercard, American Express) et PayPal. 3. Puis-je modifier [&hellip;]<\/p>","protected":false},"author":1,"featured_media":0,"parent":0,"menu_order":0,"comment_status":"closed","ping_status":"closed","template":"","meta":{"footnotes":""},"class_list":["post-6570","page","type-page","status-publish","hentry"],"_links":{"self":[{"href":"https:\/\/sbdresshop.com\/ru\/wp-json\/wp\/v2\/pages\/6570","targetHints":{"allow":["GET"]}}],"collection":[{"href":"https:\/\/sbdresshop.com\/ru\/wp-json\/wp\/v2\/pages"}],"about":[{"href":"https:\/\/sbdresshop.com\/ru\/wp-json\/wp\/v2\/types\/page"}],"author":[{"embeddable":true,"href":"https:\/\/sbdresshop.com\/ru\/wp-json\/wp\/v2\/users\/1"}],"replies":[{"embeddable":true,"href":"https:\/\/sbdresshop.com\/ru\/wp-json\/wp\/v2\/comments?post=6570"}],"version-history":[{"count":4,"href":"https:\/\/sbdresshop.com\/ru\/wp-json\/wp\/v2\/pages\/6570\/revisions"}],"predecessor-version":[{"id":7169,"href":"https:\/\/sbdresshop.com\/ru\/wp-json\/wp\/v2\/pages\/6570\/revisions\/7169"}],"wp:attachment":[{"href":"https:\/\/sbdresshop.com\/ru\/wp-json\/wp\/v2\/media?parent=6570"}],"curies":[{"name":"wp","href":"https:\/\/api.w.org\/{rel}","templated":true}]}}