{"id":6572,"date":"2024-11-18T05:11:36","date_gmt":"2024-11-18T04:11:36","guid":{"rendered":"https:\/\/sbdresshop.com\/?page_id=6572"},"modified":"2024-12-08T11:36:59","modified_gmt":"2024-12-08T10:36:59","slug":"a-propos-des-cookies","status":"publish","type":"page","link":"https:\/\/sbdresshop.com\/ru\/a-propos-des-cookies\/","title":{"rendered":"\u041e \u0444\u0430\u0439\u043b\u0430\u0445 cookie"},"content":{"rendered":"<p>\u0412 \u0434\u043e\u043c\u0435 <strong>sbdresshop.com<\/strong>\u043c\u044b \u0438\u0441\u043f\u043e\u043b\u044c\u0437\u0443\u0435\u043c \u0444\u0430\u0439\u043b\u044b cookie, \u0447\u0442\u043e\u0431\u044b \u0443\u043b\u0443\u0447\u0448\u0438\u0442\u044c \u0432\u0430\u0448 \u043f\u043e\u043b\u044c\u0437\u043e\u0432\u0430\u0442\u0435\u043b\u044c\u0441\u043a\u0438\u0439 \u043e\u043f\u044b\u0442 \u0438 \u043e\u0431\u0435\u0441\u043f\u0435\u0447\u0438\u0442\u044c \u043f\u0440\u0430\u0432\u0438\u043b\u044c\u043d\u043e\u0435 \u0444\u0443\u043d\u043a\u0446\u0438\u043e\u043d\u0438\u0440\u043e\u0432\u0430\u043d\u0438\u0435 \u043d\u0430\u0448\u0435\u0433\u043e \u0441\u0430\u0439\u0442\u0430. \u041d\u0430 \u044d\u0442\u043e\u0439 \u0441\u0442\u0440\u0430\u043d\u0438\u0446\u0435 \u043e\u0431\u044a\u044f\u0441\u043d\u044f\u0435\u0442\u0441\u044f, \u0447\u0442\u043e \u0442\u0430\u043a\u043e\u0435 \u0444\u0430\u0439\u043b\u044b cookie, \u043a\u0430\u043a \u043c\u044b \u0438\u0445 \u0438\u0441\u043f\u043e\u043b\u044c\u0437\u0443\u0435\u043c \u0438 \u043a\u0430\u043a \u0432\u044b \u043c\u043e\u0436\u0435\u0442\u0435 \u0443\u043f\u0440\u0430\u0432\u043b\u044f\u0442\u044c \u0441\u0432\u043e\u0438\u043c\u0438 \u043f\u0440\u0435\u0434\u043f\u043e\u0447\u0442\u0435\u043d\u0438\u044f\u043c\u0438.<\/p><h4 class=\"wp-block-heading\"><strong>1. \u0427\u0442\u043e \u0442\u0430\u043a\u043e\u0435 \u0444\u0430\u0439\u043b\u044b cookie?<\/strong><\/h4><p>\u0424\u0430\u0439\u043b cookie \u2014 \u044d\u0442\u043e \u043d\u0435\u0431\u043e\u043b\u044c\u0448\u043e\u0439 \u0442\u0435\u043a\u0441\u0442\u043e\u0432\u044b\u0439 \u0444\u0430\u0439\u043b, \u0441\u043e\u0445\u0440\u0430\u043d\u044f\u0435\u043c\u044b\u0439 \u043d\u0430 \u0432\u0430\u0448\u0435\u043c \u0443\u0441\u0442\u0440\u043e\u0439\u0441\u0442\u0432\u0435 (\u043a\u043e\u043c\u043f\u044c\u044e\u0442\u0435\u0440\u0435, \u043f\u043b\u0430\u043d\u0448\u0435\u0442\u0435, \u0441\u043c\u0430\u0440\u0442\u0444\u043e\u043d\u0435), \u043a\u043e\u0433\u0434\u0430 \u0432\u044b \u043f\u043e\u0441\u0435\u0449\u0430\u0435\u0442\u0435 \u0432\u0435\u0431-\u0441\u0430\u0439\u0442. \u042d\u0442\u043e \u043f\u043e\u0437\u0432\u043e\u043b\u044f\u0435\u0442 \u0432\u0430\u043c \u0437\u0430\u043f\u043e\u043c\u043d\u0438\u0442\u044c \u0438\u043d\u0444\u043e\u0440\u043c\u0430\u0446\u0438\u044e \u043e \u0432\u0430\u0448\u0435\u043c \u043f\u0440\u043e\u0441\u043c\u043e\u0442\u0440\u0435, \u043d\u0430\u043f\u0440\u0438\u043c\u0435\u0440 \u0432\u0430\u0448\u0438 \u043f\u0440\u0435\u0434\u043f\u043e\u0447\u0442\u0435\u043d\u0438\u044f \u0438\u043b\u0438 \u043a\u043e\u0440\u0437\u0438\u043d\u0443 \u043f\u043e\u043a\u0443\u043f\u043e\u043a.<\/p><h4 class=\"wp-block-heading\"><strong>2. \u041f\u043e\u0447\u0435\u043c\u0443 \u043c\u044b \u0438\u0441\u043f\u043e\u043b\u044c\u0437\u0443\u0435\u043c \u0444\u0430\u0439\u043b\u044b cookie?<\/strong><\/h4><p>\u041c\u044b \u0438\u0441\u043f\u043e\u043b\u044c\u0437\u0443\u0435\u043c \u0444\u0430\u0439\u043b\u044b cookie \u043f\u043e \u0441\u043b\u0435\u0434\u0443\u044e\u0449\u0438\u043c \u043f\u0440\u0438\u0447\u0438\u043d\u0430\u043c:<\/p><ul class=\"wp-block-list\"><li><strong>\u0420\u0430\u0431\u043e\u0442\u0430 \u0441\u0430\u0439\u0442\u0430:<\/strong> \u041e\u0431\u0435\u0441\u043f\u0435\u0447\u0435\u043d\u0438\u0435 \u043f\u0440\u0430\u0432\u0438\u043b\u044c\u043d\u043e\u0439 \u0440\u0430\u0431\u043e\u0442\u044b \u043d\u0430\u0448\u0435\u0433\u043e \u0441\u0430\u0439\u0442\u0430 (\u043d\u0430\u043f\u0440\u0438\u043c\u0435\u0440, \u0441\u043e\u0445\u0440\u0430\u043d\u0435\u043d\u0438\u0435 \u0432\u0430\u0448\u0438\u0445 \u0442\u043e\u0432\u0430\u0440\u043e\u0432 \u0432 \u043a\u043e\u0440\u0437\u0438\u043d\u0435).<\/li>\n\n<li><strong>\u041f\u0435\u0440\u0441\u043e\u043d\u0430\u043b\u0438\u0437\u0430\u0446\u0438\u044f:<\/strong> \u0410\u0434\u0430\u043f\u0442\u0438\u0440\u0443\u0439\u0442\u0435 \u043a\u043e\u043d\u0442\u0435\u043d\u0442 \u0438 \u0440\u0435\u043a\u043b\u0430\u043c\u0443 \u043a \u0441\u0432\u043e\u0438\u043c \u0438\u043d\u0442\u0435\u0440\u0435\u0441\u0430\u043c.<\/li>\n\n<li><strong>\u0410\u043d\u0430\u043b\u0438\u0437 :<\/strong> \u041f\u043e\u043d\u0438\u043c\u0430\u0439\u0442\u0435, \u043a\u0430\u043a \u043f\u043e\u0441\u0435\u0442\u0438\u0442\u0435\u043b\u0438 \u0438\u0441\u043f\u043e\u043b\u044c\u0437\u0443\u044e\u0442 \u043d\u0430\u0448 \u0441\u0430\u0439\u0442, \u0438 \u0443\u043b\u0443\u0447\u0448\u0430\u0439\u0442\u0435 \u043d\u0430\u0448\u0438 \u0443\u0441\u043b\u0443\u0433\u0438.<\/li>\n\n<li><strong>\u041c\u0430\u0440\u043a\u0435\u0442\u0438\u043d\u0433:<\/strong> \u0418\u0437\u043c\u0435\u0440\u044f\u0439\u0442\u0435 \u044d\u0444\u0444\u0435\u043a\u0442\u0438\u0432\u043d\u043e\u0441\u0442\u044c \u043d\u0430\u0448\u0438\u0445 \u0440\u0435\u043a\u043b\u0430\u043c\u043d\u044b\u0445 \u043a\u0430\u043c\u043f\u0430\u043d\u0438\u0439 \u0438 \u043f\u0440\u0435\u0434\u043b\u0430\u0433\u0430\u0439\u0442\u0435 \u0430\u043a\u0442\u0443\u0430\u043b\u044c\u043d\u044b\u0435 \u043f\u0440\u0435\u0434\u043b\u043e\u0436\u0435\u043d\u0438\u044f.<\/li><\/ul><h4 class=\"wp-block-heading\"><strong>3. \u0422\u0438\u043f\u044b \u0444\u0430\u0439\u043b\u043e\u0432 cookie, \u043a\u043e\u0442\u043e\u0440\u044b\u0435 \u043c\u044b \u0438\u0441\u043f\u043e\u043b\u044c\u0437\u0443\u0435\u043c<\/strong><\/h4><ul class=\"wp-block-list\"><li><strong>\u041e\u0441\u043d\u043e\u0432\u043d\u044b\u0435 \u0444\u0430\u0439\u043b\u044b cookie:<\/strong> \u041d\u0435\u043e\u0431\u0445\u043e\u0434\u0438\u043c \u0434\u043b\u044f \u043a\u043e\u0440\u0440\u0435\u043a\u0442\u043d\u043e\u0439 \u0440\u0430\u0431\u043e\u0442\u044b \u0441\u0430\u0439\u0442\u0430. \u0411\u0435\u0437 \u043d\u0438\u0445 \u043d\u0435\u043a\u043e\u0442\u043e\u0440\u044b\u0435 \u0444\u0443\u043d\u043a\u0446\u0438\u0438 \u0431\u044b\u043b\u0438 \u0431\u044b \u043d\u0435\u0434\u043e\u0441\u0442\u0443\u043f\u043d\u044b.<\/li>\n\n<li><strong>\u0424\u0430\u0439\u043b\u044b cookie \u043f\u0440\u043e\u0438\u0437\u0432\u043e\u0434\u0438\u0442\u0435\u043b\u044c\u043d\u043e\u0441\u0442\u0438:<\/strong> \u0418\u0441\u043f\u043e\u043b\u044c\u0437\u0443\u0435\u0442\u0441\u044f \u0434\u043b\u044f \u0430\u043d\u0430\u043b\u0438\u0437\u0430 \u0438\u0441\u043f\u043e\u043b\u044c\u0437\u043e\u0432\u0430\u043d\u0438\u044f \u0441\u0430\u0439\u0442\u0430 \u0438 \u0443\u043b\u0443\u0447\u0448\u0435\u043d\u0438\u044f \u0432\u0430\u0448\u0435\u0433\u043e \u043e\u043f\u044b\u0442\u0430.<\/li>\n\n<li><strong>\u0424\u0443\u043d\u043a\u0446\u0438\u043e\u043d\u0430\u043b\u044c\u043d\u044b\u0435 \u0444\u0430\u0439\u043b\u044b cookie:<\/strong> \u041f\u043e\u0437\u0432\u043e\u043b\u044f\u0435\u0442 \u0437\u0430\u043f\u043e\u043c\u043d\u0438\u0442\u044c \u0432\u0430\u0448\u0438 \u043f\u0440\u0435\u0434\u043f\u043e\u0447\u0442\u0435\u043d\u0438\u044f (\u044f\u0437\u044b\u043a, \u0440\u0435\u0433\u0438\u043e\u043d \u0438 \u0442. \u0434.).<\/li>\n\n<li><strong>\u0420\u0435\u043a\u043b\u0430\u043c\u043d\u044b\u0435 \u0444\u0430\u0439\u043b\u044b cookie:<\/strong> \u0418\u0441\u043f\u043e\u043b\u044c\u0437\u0443\u0435\u0442\u0441\u044f \u0434\u043b\u044f \u043f\u0440\u0435\u0434\u043e\u0441\u0442\u0430\u0432\u043b\u0435\u043d\u0438\u044f \u0432\u0430\u043c \u0440\u0435\u043a\u043b\u0430\u043c\u044b, \u0441\u043e\u043e\u0442\u0432\u0435\u0442\u0441\u0442\u0432\u0443\u044e\u0449\u0435\u0439 \u0432\u0430\u0448\u0438\u043c \u0438\u043d\u0442\u0435\u0440\u0435\u0441\u0430\u043c.<\/li><\/ul><h4 class=\"wp-block-heading\"><strong>4. \u0423\u043f\u0440\u0430\u0432\u043b\u0435\u043d\u0438\u0435 \u0444\u0430\u0439\u043b\u0430\u043c\u0438 cookie<\/strong><\/h4><p>\u0412\u043e \u0432\u0440\u0435\u043c\u044f \u0432\u0430\u0448\u0435\u0433\u043e \u043f\u0435\u0440\u0432\u043e\u0433\u043e \u043f\u043e\u0441\u0435\u0449\u0435\u043d\u0438\u044f \u043d\u0430\u0448\u0435\u0433\u043e \u0441\u0430\u0439\u0442\u0430 \u0432\u0430\u043c \u0431\u0443\u0434\u0435\u0442 \u043f\u0440\u0435\u0434\u043b\u043e\u0436\u0435\u043d\u043e \u043f\u0440\u0438\u043d\u044f\u0442\u044c \u0438\u043b\u0438 \u043e\u0442\u043a\u0430\u0437\u0430\u0442\u044c\u0441\u044f \u043e\u0442 \u0444\u0430\u0439\u043b\u043e\u0432 cookie \u0441 \u043f\u043e\u043c\u043e\u0449\u044c\u044e \u0431\u0430\u043d\u043d\u0435\u0440\u0430. \u0412\u044b \u0442\u0430\u043a\u0436\u0435 \u043c\u043e\u0436\u0435\u0442\u0435 \u0438\u0437\u043c\u0435\u043d\u0438\u0442\u044c \u0441\u0432\u043e\u0438 \u043f\u0440\u0435\u0434\u043f\u043e\u0447\u0442\u0435\u043d\u0438\u044f \u0432 \u043b\u044e\u0431\u043e\u0435 \u0432\u0440\u0435\u043c\u044f:<\/p><ul class=\"wp-block-list\"><li><strong>\u0418\u0437 \u043d\u0430\u0441\u0442\u0440\u043e\u0435\u043a \u0432\u0430\u0448\u0435\u0433\u043e \u0431\u0440\u0430\u0443\u0437\u0435\u0440\u0430:<\/strong> \u0412\u044b \u043c\u043e\u0436\u0435\u0442\u0435 \u0437\u0430\u0431\u043b\u043e\u043a\u0438\u0440\u043e\u0432\u0430\u0442\u044c \u0438\u043b\u0438 \u0443\u0434\u0430\u043b\u0438\u0442\u044c \u0444\u0430\u0439\u043b\u044b cookie, \u0438\u0437\u043c\u0435\u043d\u0438\u0432 \u043d\u0430\u0441\u0442\u0440\u043e\u0439\u043a\u0438 \u0431\u0440\u0430\u0443\u0437\u0435\u0440\u0430. \u0427\u0442\u043e\u0431\u044b \u0443\u0437\u043d\u0430\u0442\u044c, \u043a\u0430\u043a \u044d\u0442\u043e \u0441\u0434\u0435\u043b\u0430\u0442\u044c, \u043f\u043e\u0441\u0435\u0442\u0438\u0442\u0435 \u0440\u0430\u0437\u0434\u0435\u043b \u0441\u043f\u0440\u0430\u0432\u043a\u0438 \u0432\u0430\u0448\u0435\u0433\u043e \u0431\u0440\u0430\u0443\u0437\u0435\u0440\u0430.<\/li>\n\n<li><strong>\u0421 \u043d\u0430\u0448\u0435\u0433\u043e \u0441\u0430\u0439\u0442\u0430:<\/strong> Cliquez sur le lien &#8220;G\u00e9rer mes pr\u00e9f\u00e9rences en mati\u00e8re de cookies&#8221; (si disponible).<\/li><\/ul><h4 class=\"wp-block-heading\"><strong>5. \u0421\u0442\u043e\u0440\u043e\u043d\u043d\u0438\u0435 \u0444\u0430\u0439\u043b\u044b cookie<\/strong><\/h4><p>\u041c\u044b \u0440\u0430\u0431\u043e\u0442\u0430\u0435\u043c \u0441\u043e \u0441\u0442\u043e\u0440\u043e\u043d\u043d\u0438\u043c\u0438 \u043f\u0430\u0440\u0442\u043d\u0435\u0440\u0430\u043c\u0438, \u043a\u043e\u0442\u043e\u0440\u044b\u0435 \u0442\u0430\u043a\u0436\u0435 \u043c\u043e\u0433\u0443\u0442 \u0440\u0430\u0437\u043c\u0435\u0449\u0430\u0442\u044c \u0444\u0430\u0439\u043b\u044b cookie \u043d\u0430 \u0432\u0430\u0448\u0435\u043c \u0443\u0441\u0442\u0440\u043e\u0439\u0441\u0442\u0432\u0435 (\u043d\u0430\u043f\u0440\u0438\u043c\u0435\u0440, Google Analytics, \u0441\u043e\u0446\u0438\u0430\u043b\u044c\u043d\u044b\u0435 \u0441\u0435\u0442\u0438). \u041d\u0430 \u044d\u0442\u0438 \u0444\u0430\u0439\u043b\u044b cookie \u0440\u0430\u0441\u043f\u0440\u043e\u0441\u0442\u0440\u0430\u043d\u044f\u0435\u0442\u0441\u044f \u043f\u043e\u043b\u0438\u0442\u0438\u043a\u0430 \u043a\u043e\u043d\u0444\u0438\u0434\u0435\u043d\u0446\u0438\u0430\u043b\u044c\u043d\u043e\u0441\u0442\u0438 \u0441\u043e\u043e\u0442\u0432\u0435\u0442\u0441\u0442\u0432\u0443\u044e\u0449\u0438\u0445 \u0442\u0440\u0435\u0442\u044c\u0438\u0445 \u0441\u0442\u043e\u0440\u043e\u043d.<\/p><h4 class=\"wp-block-heading\"><strong>6. \u0418\u0437\u043c\u0435\u043d\u0435\u043d\u0438\u0435 \u043f\u043e\u043b\u0438\u0442\u0438\u043a\u0438 \u0438\u0441\u043f\u043e\u043b\u044c\u0437\u043e\u0432\u0430\u043d\u0438\u044f \u0444\u0430\u0439\u043b\u043e\u0432 cookie<\/strong><\/h4><p>\u041c\u044b \u043e\u0441\u0442\u0430\u0432\u043b\u044f\u0435\u043c \u0437\u0430 \u0441\u043e\u0431\u043e\u0439 \u043f\u0440\u0430\u0432\u043e \u0438\u0437\u043c\u0435\u043d\u044f\u0442\u044c \u044d\u0442\u0443 \u043f\u043e\u043b\u0438\u0442\u0438\u043a\u0443 \u0432 \u043b\u044e\u0431\u043e\u0435 \u0432\u0440\u0435\u043c\u044f. \u041e\u0431\u043d\u043e\u0432\u043b\u0435\u043d\u0438\u044f \u0431\u0443\u0434\u0443\u0442 \u043f\u0443\u0431\u043b\u0438\u043a\u043e\u0432\u0430\u0442\u044c\u0441\u044f \u043d\u0430 \u044d\u0442\u043e\u0439 \u0441\u0442\u0440\u0430\u043d\u0438\u0446\u0435 \u0441 \u0443\u043a\u0430\u0437\u0430\u043d\u0438\u0435\u043c \u0434\u0430\u0442\u044b \u0438\u0437\u043c\u0435\u043d\u0435\u043d\u0438\u044f.<\/p><p><strong>\u041f\u043e\u0441\u043b\u0435\u0434\u043d\u0435\u0435 \u043e\u0431\u043d\u043e\u0432\u043b\u0435\u043d\u0438\u0435: [17 \u043d\u043e\u044f\u0431\u0440\u044f 2024 \u0433.]<\/strong><\/p><h4 class=\"wp-block-heading\"><strong>\u041a\u043e\u043d\u0442\u0430\u043a\u0442<\/strong><\/h4><p>\u0415\u0441\u043b\u0438 \u0443 \u0432\u0430\u0441 \u0435\u0441\u0442\u044c \u043a\u0430\u043a\u0438\u0435-\u043b\u0438\u0431\u043e \u0432\u043e\u043f\u0440\u043e\u0441\u044b \u043e\u0431 \u0438\u0441\u043f\u043e\u043b\u044c\u0437\u043e\u0432\u0430\u043d\u0438\u0438 \u043d\u0430\u043c\u0438 \u0444\u0430\u0439\u043b\u043e\u0432 cookie, \u0441\u0432\u044f\u0436\u0438\u0442\u0435\u0441\u044c \u0441 \u043d\u0430\u043c\u0438 \u043f\u043e \u0430\u0434\u0440\u0435\u0441\u0443: <a href=\"mailto:sb.dress57@gmail.com\">sb.dress57@gmail.com<\/a><\/p>","protected":false},"excerpt":{"rendered":"<p>Chez sbdresshop.com, nous utilisons des cookies pour am\u00e9liorer votre exp\u00e9rience utilisateur et garantir le bon fonctionnement de notre site. Cette page explique ce que sont les cookies, comment nous les utilisons, et comment vous pouvez g\u00e9rer vos pr\u00e9f\u00e9rences. 1. Qu\u2019est-ce qu\u2019un cookie ? Un cookie est un petit fichier texte stock\u00e9 sur votre appareil (ordinateur, [&hellip;]<\/p>","protected":false},"author":1,"featured_media":0,"parent":0,"menu_order":0,"comment_status":"closed","ping_status":"closed","template":"","meta":{"footnotes":""},"class_list":["post-6572","page","type-page","status-publish","hentry"],"_links":{"self":[{"href":"https:\/\/sbdresshop.com\/ru\/wp-json\/wp\/v2\/pages\/6572","targetHints":{"allow":["GET"]}}],"collection":[{"href":"https:\/\/sbdresshop.com\/ru\/wp-json\/wp\/v2\/pages"}],"about":[{"href":"https:\/\/sbdresshop.com\/ru\/wp-json\/wp\/v2\/types\/page"}],"author":[{"embeddable":true,"href":"https:\/\/sbdresshop.com\/ru\/wp-json\/wp\/v2\/users\/1"}],"replies":[{"embeddable":true,"href":"https:\/\/sbdresshop.com\/ru\/wp-json\/wp\/v2\/comments?post=6572"}],"version-history":[{"count":3,"href":"https:\/\/sbdresshop.com\/ru\/wp-json\/wp\/v2\/pages\/6572\/revisions"}],"predecessor-version":[{"id":7167,"href":"https:\/\/sbdresshop.com\/ru\/wp-json\/wp\/v2\/pages\/6572\/revisions\/7167"}],"wp:attachment":[{"href":"https:\/\/sbdresshop.com\/ru\/wp-json\/wp\/v2\/media?parent=6572"}],"curies":[{"name":"wp","href":"https:\/\/api.w.org\/{rel}","templated":true}]}}