{"id":7184,"date":"2024-12-09T12:58:07","date_gmt":"2024-12-09T11:58:07","guid":{"rendered":"https:\/\/sbdresshop.com\/?post_type=product&#038;p=7184"},"modified":"2025-09-23T15:10:09","modified_gmt":"2025-09-23T13:10:09","slug":"pantalon","status":"publish","type":"product","link":"https:\/\/sbdresshop.com\/ru\/product\/\u0431\u0440\u044e\u043a\u0438\/","title":{"rendered":"\u0411\u0440\u044e\u043a\u0438"},"content":{"rendered":"<p>\u042d\u0442\u0438 \u0447\u0435\u0440\u043d\u044b\u0435 \u0431\u0440\u044e\u043a\u0438 \u0441 \u0431\u0435\u043b\u044b\u043c\u0438 \u043f\u043e\u043b\u043e\u0441\u043a\u0430\u043c\u0438 \u044d\u043b\u0435\u0433\u0430\u043d\u0442\u043d\u044b \u0438 \u0438\u0437\u044b\u0441\u043a\u0430\u043d\u043d\u044b. \u041e\u043d \u0438\u043c\u0435\u0435\u0442 \u0441\u0432\u043e\u0431\u043e\u0434\u043d\u044b\u0439 \u043a\u0440\u043e\u0439, \u043a\u043e\u0442\u043e\u0440\u044b\u0439 \u043e\u0431\u0435\u0441\u043f\u0435\u0447\u0438\u0432\u0430\u0435\u0442 \u043e\u043f\u0442\u0438\u043c\u0430\u043b\u044c\u043d\u044b\u0439 \u043a\u043e\u043c\u0444\u043e\u0440\u0442, \u043e\u0441\u0442\u0430\u0432\u0430\u044f\u0441\u044c \u043f\u0440\u0438 \u044d\u0442\u043e\u043c \u0438\u0437\u044b\u0441\u043a\u0430\u043d\u043d\u044b\u043c. \u0412\u0435\u0440\u0442\u0438\u043a\u0430\u043b\u044c\u043d\u044b\u0435 \u043f\u043e\u043b\u043e\u0441\u043a\u0438 \u043f\u0440\u0438\u0434\u0430\u044e\u0442 \u043d\u043e\u0442\u043a\u0443 \u0441\u043e\u0432\u0440\u0435\u043c\u0435\u043d\u043d\u043e\u0441\u0442\u0438 \u0438 \u0443\u0434\u043b\u0438\u043d\u044f\u044e\u0442 \u0441\u0438\u043b\u0443\u044d\u0442. \u042d\u0442\u0438 \u0431\u0440\u044e\u043a\u0438 \u0438\u0434\u0435\u0430\u043b\u044c\u043d\u043e \u043f\u043e\u0434\u0445\u043e\u0434\u044f\u0442 \u0434\u043b\u044f \u043f\u0440\u043e\u0444\u0435\u0441\u0441\u0438\u043e\u043d\u0430\u043b\u044c\u043d\u043e\u0433\u043e \u043e\u0431\u0440\u0430\u0437\u0430 \u0438\u043b\u0438 \u043e\u0431\u0440\u0430\u0437\u0430 \u0434\u043b\u044f \u043e\u0441\u043e\u0431\u043e\u0433\u043e \u0441\u043b\u0443\u0447\u0430\u044f \u0432 \u0441\u043e\u0447\u0435\u0442\u0430\u043d\u0438\u0438 \u0441 \u043f\u043e\u0434\u0445\u043e\u0434\u044f\u0449\u0438\u043c \u0436\u0430\u043a\u0435\u0442\u043e\u043c \u0438\u043b\u0438 \u043f\u0440\u043e\u0441\u0442\u044b\u043c \u0442\u043e\u043f\u043e\u043c.<\/p>","protected":false},"excerpt":{"rendered":"<p>Ce pantalon noir \u00e0 rayures blanches est \u00e9l\u00e9gant et raffin\u00e9. Il a une coupe ample qui offre un confort optimal tout en restant sophistiqu\u00e9. Les rayures verticales ajoutent une touche de modernit\u00e9 et allongent la silhouette. Ce pantalon est parfait pour un look professionnel ou une occasion sp\u00e9ciale lorsque il est associ\u00e9 \u00e0 une veste [&hellip;]<\/p>","protected":false},"featured_media":7240,"comment_status":"open","ping_status":"closed","template":"","meta":[],"product_cat":[138],"product_tag":[],"class_list":{"0":"post-7184","1":"product","2":"type-product","3":"status-publish","4":"has-post-thumbnail","6":"product_cat-pantalons","8":"first","9":"instock","10":"sale","11":"shipping-taxable","12":"purchasable","13":"product-type-variable"},"_links":{"self":[{"href":"https:\/\/sbdresshop.com\/ru\/wp-json\/wp\/v2\/product\/7184","targetHints":{"allow":["GET"]}}],"collection":[{"href":"https:\/\/sbdresshop.com\/ru\/wp-json\/wp\/v2\/product"}],"about":[{"href":"https:\/\/sbdresshop.com\/ru\/wp-json\/wp\/v2\/types\/product"}],"replies":[{"embeddable":true,"href":"https:\/\/sbdresshop.com\/ru\/wp-json\/wp\/v2\/comments?post=7184"}],"wp:featuredmedia":[{"embeddable":true,"href":"https:\/\/sbdresshop.com\/ru\/wp-json\/wp\/v2\/media\/7240"}],"wp:attachment":[{"href":"https:\/\/sbdresshop.com\/ru\/wp-json\/wp\/v2\/media?parent=7184"}],"wp:term":[{"taxonomy":"product_cat","embeddable":true,"href":"https:\/\/sbdresshop.com\/ru\/wp-json\/wp\/v2\/product_cat?post=7184"},{"taxonomy":"product_tag","embeddable":true,"href":"https:\/\/sbdresshop.com\/ru\/wp-json\/wp\/v2\/product_tag?post=7184"}],"curies":[{"name":"wp","href":"https:\/\/api.w.org\/{rel}","templated":true}]}}