{"id":7406,"date":"2025-04-14T18:14:37","date_gmt":"2025-04-14T16:14:37","guid":{"rendered":"https:\/\/sbdresshop.com\/?post_type=product&#038;p=7406"},"modified":"2025-06-26T13:06:04","modified_gmt":"2025-06-26T11:06:04","slug":"robe-diana","status":"publish","type":"product","link":"https:\/\/sbdresshop.com\/ru\/product\/robe-diana\/","title":{"rendered":"ROBE DIANA"},"content":{"rendered":"<p>Avec son design \u00e9l\u00e9gant, cette robe de soir\u00e9e couleur lilas est pr\u00eate \u00e0 faire de vous la star de toutes vos occasions sp\u00e9ciales. Le bustier drap\u00e9 sans bretelles offre une allure f\u00e9minine, tandis que le corset orn\u00e9 de strass met magnifiquement en valeur la silhouette. L\u00e0 jupe fendue qui tombe gracieusement \u00e0 partir des hanches ajoute une touche de sophistication tout en assurant une libert\u00e9 de mouvement. Parfaite pour les fian\u00e7ailles, les c\u00e9r\u00e9monies, les remises de dipl\u00f4me ou les soir\u00e9es \u00e9l\u00e9gantes!<\/p>","protected":false},"excerpt":{"rendered":"<p>Avec son design \u00e9l\u00e9gant, cette robe de soir\u00e9e couleur lilas est pr\u00eate \u00e0 faire de vous la star de toutes vos occasions sp\u00e9ciales. Le bustier drap\u00e9 sans bretelles offre une allure f\u00e9minine, tandis que le corset orn\u00e9 de strass met magnifiquement en valeur la silhouette. L\u00e0 jupe fendue qui tombe gracieusement \u00e0 partir des hanches [&hellip;]<\/p>","protected":false},"featured_media":7399,"comment_status":"open","ping_status":"closed","template":"","meta":[],"product_cat":[147,130],"product_tag":[],"class_list":{"0":"post-7406","1":"product","2":"type-product","3":"status-publish","4":"has-post-thumbnail","6":"product_cat-robe-de-soiree","7":"product_cat-robes","9":"first","10":"outofstock","11":"sale","12":"shipping-taxable","13":"purchasable","14":"product-type-variable"},"_links":{"self":[{"href":"https:\/\/sbdresshop.com\/ru\/wp-json\/wp\/v2\/product\/7406","targetHints":{"allow":["GET"]}}],"collection":[{"href":"https:\/\/sbdresshop.com\/ru\/wp-json\/wp\/v2\/product"}],"about":[{"href":"https:\/\/sbdresshop.com\/ru\/wp-json\/wp\/v2\/types\/product"}],"replies":[{"embeddable":true,"href":"https:\/\/sbdresshop.com\/ru\/wp-json\/wp\/v2\/comments?post=7406"}],"wp:featuredmedia":[{"embeddable":true,"href":"https:\/\/sbdresshop.com\/ru\/wp-json\/wp\/v2\/media\/7399"}],"wp:attachment":[{"href":"https:\/\/sbdresshop.com\/ru\/wp-json\/wp\/v2\/media?parent=7406"}],"wp:term":[{"taxonomy":"product_cat","embeddable":true,"href":"https:\/\/sbdresshop.com\/ru\/wp-json\/wp\/v2\/product_cat?post=7406"},{"taxonomy":"product_tag","embeddable":true,"href":"https:\/\/sbdresshop.com\/ru\/wp-json\/wp\/v2\/product_tag?post=7406"}],"curies":[{"name":"wp","href":"https:\/\/api.w.org\/{rel}","templated":true}]}}