{"id":6553,"date":"2024-11-17T04:16:34","date_gmt":"2024-11-17T03:16:34","guid":{"rendered":"https:\/\/sbdresshop.com\/?page_id=6553"},"modified":"2024-11-17T04:16:35","modified_gmt":"2024-11-17T03:16:35","slug":"a-propos-de-nous","status":"publish","type":"page","link":"https:\/\/sbdresshop.com\/tr\/hakkimizda\/","title":{"rendered":"Hakk\u0131m\u0131zda"},"content":{"rendered":"<p>Ho\u015f geldiniz <strong>Sbdressshop.com<\/strong>Tarz\u0131n\u0131z\u0131 ve ki\u015fili\u011finizi yans\u0131tan \u015f\u0131k ve benzersiz elbiseler i\u00e7in adresiniz.<\/p><p>Sbdresshop olarak her kad\u0131n\u0131n k\u0131yafetleri i\u00e7inde kendini g\u00fczel, kendinden emin ve rahat hissetmeyi hak etti\u011fine inan\u0131yoruz. Bu nedenle kaliteyi, konforu ve trendi bir araya getiren \u00f6zenle se\u00e7ilmi\u015f koleksiyonlar sunmaya kararl\u0131y\u0131z.<\/p><h4 class=\"wp-block-heading\"><strong>Misyonumuz<\/strong><\/h4><p>Misyonumuz, size ilham veren, t\u00fcm durumlara uygun elbiseler sunmakt\u0131r: zarif ak\u015famlar, d\u00fc\u011f\u00fcnler veya g\u00fcnl\u00fck rahatlat\u0131c\u0131 anlar. Size keyifli ve sorunsuz bir \u00e7evrimi\u00e7i al\u0131\u015fveri\u015f deneyimi sunmak i\u00e7in tutkuyla \u00e7al\u0131\u015f\u0131yoruz.<\/p><h4 class=\"wp-block-heading\"><strong>De\u011ferlerimiz<\/strong><\/h4><ul class=\"wp-block-list\"><li><strong>Kalite :<\/strong> En y\u00fcksek standartlar\u0131 kar\u015f\u0131layan malzeme ve tasar\u0131mlar\u0131 se\u00e7iyoruz.<\/li>\n\n<li><strong>Stil :<\/strong> Her zaman en yeni trendleri takip ederek modern ve zamans\u0131z modelleri \u00f6n plana \u00e7\u0131kar\u0131yoruz.<\/li>\n\n<li><strong>Hizmet :<\/strong> Memnuniyetiniz bizim \u00f6nceli\u011fimizdir. \u0130htiya\u00e7lar\u0131n\u0131z\u0131 kar\u015f\u0131lamak i\u00e7in \u00f6zel bir ekip hizmetinizdedir.<\/li><\/ul><h4 class=\"wp-block-heading\"><strong>Neden Bizi Se\u00e7melisiniz?<\/strong><\/h4><ul class=\"wp-block-list\"><li>Her zevke uygun \u00e7ok \u00e7e\u015fitli bir koleksiyon.<\/li>\n\n<li>Dikkatli ve duyarl\u0131 m\u00fc\u015fteri hizmetleri.<\/li>\n\n<li>H\u0131zl\u0131 ve g\u00fcvenilir teslimat.<\/li><\/ul><p>Bug\u00fcn ma\u011fazam\u0131z\u0131 ke\u015ffedin ve sizin i\u00e7in m\u00fckemmel elbiseyi ke\u015ffedin. evinde <strong>Sbdressshop<\/strong>, hayat\u0131n\u0131z\u0131n her an\u0131n\u0131 g\u00fczelle\u015ftirmek i\u00e7in buraday\u0131z.<\/p><p><strong>Bize g\u00fcvendi\u011finiz i\u00e7in te\u015fekk\u00fcr ederiz!<\/strong><\/p>","protected":false},"excerpt":{"rendered":"<p>Bienvenue sur Sbdresshop.com, votre destination id\u00e9ale pour des robes \u00e9l\u00e9gantes et uniques qui refl\u00e8tent votre style et votre personnalit\u00e9. Chez Sbdresshop, nous croyons que chaque femme m\u00e9rite de se sentir belle, confiante et \u00e0 l\u2019aise dans ses v\u00eatements. C\u2019est pourquoi nous nous engageons \u00e0 offrir des collections soigneusement s\u00e9lectionn\u00e9es qui allient qualit\u00e9, confort et tendance. [&hellip;]<\/p>","protected":false},"author":1,"featured_media":0,"parent":0,"menu_order":0,"comment_status":"closed","ping_status":"closed","template":"","meta":{"footnotes":""},"class_list":["post-6553","page","type-page","status-publish","hentry"],"_links":{"self":[{"href":"https:\/\/sbdresshop.com\/tr\/wp-json\/wp\/v2\/pages\/6553","targetHints":{"allow":["GET"]}}],"collection":[{"href":"https:\/\/sbdresshop.com\/tr\/wp-json\/wp\/v2\/pages"}],"about":[{"href":"https:\/\/sbdresshop.com\/tr\/wp-json\/wp\/v2\/types\/page"}],"author":[{"embeddable":true,"href":"https:\/\/sbdresshop.com\/tr\/wp-json\/wp\/v2\/users\/1"}],"replies":[{"embeddable":true,"href":"https:\/\/sbdresshop.com\/tr\/wp-json\/wp\/v2\/comments?post=6553"}],"version-history":[{"count":1,"href":"https:\/\/sbdresshop.com\/tr\/wp-json\/wp\/v2\/pages\/6553\/revisions"}],"predecessor-version":[{"id":6554,"href":"https:\/\/sbdresshop.com\/tr\/wp-json\/wp\/v2\/pages\/6553\/revisions\/6554"}],"wp:attachment":[{"href":"https:\/\/sbdresshop.com\/tr\/wp-json\/wp\/v2\/media?parent=6553"}],"curies":[{"name":"wp","href":"https:\/\/api.w.org\/{rel}","templated":true}]}}