{"id":6562,"date":"2024-11-18T04:59:48","date_gmt":"2024-11-18T03:59:48","guid":{"rendered":"https:\/\/sbdresshop.com\/?page_id=6562"},"modified":"2024-12-08T11:33:07","modified_gmt":"2024-12-08T10:33:07","slug":"informations-sur-la-livraison","status":"publish","type":"page","link":"https:\/\/sbdresshop.com\/tr\/teslimat-bilgileri\/","title":{"rendered":"Teslimat Bilgileri"},"content":{"rendered":"<p>evinde <strong>sbdressshop.com<\/strong>, h\u0131zl\u0131 ve g\u00fcvenilir teslimatla sizlere keyifli bir al\u0131\u015fveri\u015f deneyimi ya\u015fatmay\u0131 taahh\u00fct ediyoruz. Teslimat se\u00e7eneklerimizle ilgili t\u00fcm bilgiler:<\/p><h4 class=\"wp-block-heading\"><strong>1. Teslimat B\u00f6lgeleri<\/strong><\/h4><p>D\u00fcnyan\u0131n bir\u00e7ok \u00fclkesine teslimat yap\u0131yoruz. Sipari\u015finizi verirken l\u00fctfen b\u00f6lgenizin teslimata uygun olup olmad\u0131\u011f\u0131n\u0131 kontrol ediniz.<\/p><h4 class=\"wp-block-heading\"><strong>2. Teslimat S\u00fcreleri<\/strong><\/h4><ul class=\"wp-block-list\"><li><strong>Standart Teslimat:<\/strong> 5 ila 7 i\u015f g\u00fcn\u00fc.<\/li>\n\n<li><strong>Ekspres Teslimat:<\/strong> 2-3 i\u015f g\u00fcn\u00fc (yaln\u0131zca belirli b\u00f6lgelerde ge\u00e7erlidir).<\/li><\/ul><p>Teslimat s\u00fcreleri tahminidir ve talebin yo\u011fun oldu\u011fu d\u00f6nemlere (indirimler, tatiller vb.) veya ta\u015f\u0131y\u0131c\u0131larla ba\u011flant\u0131l\u0131 gecikmelere ba\u011fl\u0131 olarak de\u011fi\u015fiklik g\u00f6sterebilir.<\/p><h4 class=\"wp-block-heading\"><strong><font style=\"vertical-align: inherit;\"><font style=\"vertical-align: inherit;\">3. Teslimat oranlar\u0131<\/font><\/font><\/strong><\/h4><p><font style=\"vertical-align: inherit;\"><font style=\"vertical-align: inherit;\">Kesin \u00fccretler konumunuza ve sipari\u015finizin a\u011f\u0131rl\u0131\u011f\u0131na ba\u011fl\u0131d\u0131r.<\/font><\/font><\/p><p>Fransa&#039;da: 8\u20ac-10\u20ac<\/p><p>Fransa d\u0131\u015f\u0131nda 15\u20ac-20\u20ac<\/p><h4 class=\"wp-block-heading\"><strong>4. Sipari\u015f Takibi<\/strong><\/h4><p>Sipari\u015finiz g\u00f6nderildikten sonra takip numaras\u0131n\u0131 i\u00e7eren bir e-posta alacaks\u0131n\u0131z. Teslimat\u0131n\u0131z\u0131n durumunu do\u011frudan ta\u015f\u0131y\u0131c\u0131n\u0131n web sitesi \u00fczerinden takip edebileceksiniz.<\/p><h4 class=\"wp-block-heading\"><strong>5. Teslimat Sorunlar\u0131<\/strong><\/h4><p>Sipari\u015finizle ilgili bir sorunla kar\u015f\u0131la\u015f\u0131rsan\u0131z (paketin teslim al\u0131nmamas\u0131, hasarl\u0131 veya eksik olmas\u0131) l\u00fctfen en k\u0131sa s\u00fcrede bizimle ileti\u015fime ge\u00e7in: <a href=\"mailto:sb.dress57@gmail.com\">sb.dress57@gmail.com<\/a> Ekibimiz size yard\u0131mc\u0131 olmaktan mutluluk duyacakt\u0131r.<\/p><h4 class=\"wp-block-heading\"><strong>6. \u0130ade ve De\u011fi\u015fim<\/strong><\/h4><p>\u0130ade ve de\u011fi\u015fim politikalar\u0131m\u0131z hakk\u0131nda daha fazla bilgi i\u00e7in l\u00fctfen \u00f6zel sayfam\u0131z\u0131 ziyaret edin:  <a href=\"https:\/\/sbdresshop.com\/tr\/conditions-de-retour-et-dechange\/\">\u0130ade ve De\u011fi\u015fim Ko\u015fullar\u0131<\/a><\/p><p><strong>Giyim sat\u0131n al\u0131mlar\u0131n\u0131zda bize g\u00fcvendi\u011finiz i\u00e7in te\u015fekk\u00fcr ederiz!<\/strong><\/p>","protected":false},"excerpt":{"rendered":"<p>Chez sbdresshop.com, nous nous engageons \u00e0 vous offrir une exp\u00e9rience d\u2019achat agr\u00e9able avec une livraison rapide et fiable. Voici toutes les informations concernant nos options de livraison : 1. Zones de Livraison Nous livrons dans plusieurs pays \u00e0 travers le monde. Lors de votre commande, veuillez v\u00e9rifier si votre r\u00e9gion est \u00e9ligible \u00e0 la livraison. [&hellip;]<\/p>","protected":false},"author":1,"featured_media":0,"parent":0,"menu_order":0,"comment_status":"closed","ping_status":"closed","template":"","meta":{"footnotes":""},"class_list":["post-6562","page","type-page","status-publish","hentry"],"_links":{"self":[{"href":"https:\/\/sbdresshop.com\/tr\/wp-json\/wp\/v2\/pages\/6562","targetHints":{"allow":["GET"]}}],"collection":[{"href":"https:\/\/sbdresshop.com\/tr\/wp-json\/wp\/v2\/pages"}],"about":[{"href":"https:\/\/sbdresshop.com\/tr\/wp-json\/wp\/v2\/types\/page"}],"author":[{"embeddable":true,"href":"https:\/\/sbdresshop.com\/tr\/wp-json\/wp\/v2\/users\/1"}],"replies":[{"embeddable":true,"href":"https:\/\/sbdresshop.com\/tr\/wp-json\/wp\/v2\/comments?post=6562"}],"version-history":[{"count":5,"href":"https:\/\/sbdresshop.com\/tr\/wp-json\/wp\/v2\/pages\/6562\/revisions"}],"predecessor-version":[{"id":7159,"href":"https:\/\/sbdresshop.com\/tr\/wp-json\/wp\/v2\/pages\/6562\/revisions\/7159"}],"wp:attachment":[{"href":"https:\/\/sbdresshop.com\/tr\/wp-json\/wp\/v2\/media?parent=6562"}],"curies":[{"name":"wp","href":"https:\/\/api.w.org\/{rel}","templated":true}]}}