{"id":6565,"date":"2024-11-18T05:02:26","date_gmt":"2024-11-18T04:02:26","guid":{"rendered":"https:\/\/sbdresshop.com\/?page_id=6565"},"modified":"2024-12-08T11:35:13","modified_gmt":"2024-12-08T10:35:13","slug":"conditions-de-retour-et-dechange","status":"publish","type":"page","link":"https:\/\/sbdresshop.com\/tr\/conditions-de-retour-et-dechange\/","title":{"rendered":"Conditions de Retour et d&#8217;\u00c9change"},"content":{"rendered":"<ol class=\"wp-block-list\"><li><strong>\u0130ade ko\u015fullar\u0131.<\/strong><\/li><\/ol><p>\u0130adeye hak kazanabilmek i\u00e7in t\u00fcm \u00f6\u011felerin&nbsp;<strong>kullan\u0131lmayan<\/strong>bunlar\u0131 ald\u0131\u011f\u0131n\u0131z ayn\u0131 durumda ve&nbsp;<strong>iyice&nbsp;<\/strong><strong>paketlenmi\u015f<\/strong>. \u00d6\u011feler olmamal\u0131d\u0131r&nbsp;<strong>ikisi de giyilmemi\u015f<\/strong>\/<strong>ne de y\u0131kanm\u0131\u015f<\/strong>\/<strong>kokusuz<\/strong>&nbsp;(<strong><u>sigara veya parf\u00fcm kokusu almamak<\/u><\/strong>). E\u015fyalarda makyaj izleri olmamal\u0131d\u0131r.<\/p><p>Sonu\u00e7 olarak, getirileri&nbsp;<strong>y\u0131kanm\u0131\u015f giysiler<\/strong>&nbsp;ve\/veya&nbsp;<strong>kap\u0131lar<\/strong>&nbsp;<strong>kabul edilmeyecek<\/strong>.<\/p><p><strong>\u0130ndirimli veya indirime tabi \u00fcr\u00fcnler iade edilemez. Ne de m\u00fccevherler ve taytlar.&nbsp;<\/strong><\/p><ol start=\"2\" class=\"wp-block-list\"><li><strong>D\u00f6n\u00fc\u015f zaman\u0131<\/strong><\/li><\/ol><p>T\u00fcketici Kanunu&#039;nun L 121-23 maddesi h\u00fck\u00fcmleri gere\u011fince,&nbsp;<strong>7 g\u00fcn<\/strong>&nbsp;itibaren&nbsp;<strong>al\u0131nd\u0131\u011f\u0131 tarih<\/strong>&nbsp;geri \u00e7ekilme emrini verdi.&nbsp;<strong>Dikkat<\/strong>iade s\u00fcresi ise&nbsp;<strong>modas\u0131 ge\u00e7mi\u015f<\/strong>, mecbur kalaca\u011f\u0131z&nbsp;<strong>kabul etme<\/strong>&nbsp;ve bunu yapmak zorunda kalacaks\u0131n&nbsp;<strong>nakliyeyi geri \u00f6de<\/strong>.<\/p><ol start=\"3\" class=\"wp-block-list\"><li><strong>\u0130ade masraflar\u0131<\/strong><\/li><\/ol><p>\u0130ade (=g\u00f6nderim) masraflar\u0131 \u015fu \u015fekildedir:&nbsp;<strong>senin y\u00fck\u00fcn<\/strong>. Nakliye masraflar\u0131&nbsp;<strong>iade edilmez<\/strong>. Bizim taraf\u0131m\u0131zdan kaynaklanan bir hatan\u0131n oldu\u011fu istisnai durum hari\u00e7 (model\/\u00fcr\u00fcn\/beden\/renk hatas\u0131).<\/p><p><strong>Paketin kaybolmas\u0131\/\u00e7al\u0131nmas\u0131 durumunda sigorta kapsam\u0131na girmiyoruz. Herhangi bir geri \u00f6deme yap\u0131lmayacakt\u0131r.&nbsp;<\/strong><\/p><p>De\u011feri 60 dolardan fazla olan bir \u00fcr\u00fcn g\u00f6nderiyorsan\u0131z, kargo takip hizmeti kullanman\u0131z\u0131 veya g\u00f6nderinizi sigorta ettirmenizi \u00f6neririz. \u0130ade edilen \u00fcr\u00fcn\u00fc alaca\u011f\u0131m\u0131z\u0131 garanti etmiyoruz.<\/p><ol start=\"4\" class=\"wp-block-list\"><li><strong>\u0130ade i\u00e7in izlenecek prosed\u00fcr<\/strong><\/li><\/ol><p>Avant de retourner le produit, envoyez-nous d&#8217;abord votre nom, pr\u00e9nom ainsi que les informations relatives \u00e0 votre commande par e-mail.<\/p><p><br>\u2013 Adresse : 2 Ter Rue de l&#8217;\u00e9tang 57510 puttelange aux lacs<br>\u2013 A\u011f\u0131rl\u0131k (kg): girmek size kalm\u0131\u015f (nakliye fiyat\u0131n\u0131 bu belirler)\u00a0<\/p><p>\u2013 E-posta adresi:&nbsp;<a href=\"mailto:sb.dress57@gmail.com\">sb.dress57@gmail.com<\/a><\/p><p>5- Ald\u0131\u011f\u0131mda,&nbsp;<strong>kontrol<\/strong>&nbsp;\u00d6\u011feyi ve geri \u00f6demeyi yapar.<\/p><p><\/p>","protected":false},"excerpt":{"rendered":"<p>Pour pouvoir b\u00e9n\u00e9ficier d\u2019un retour, tous les articles doivent \u00eatre&nbsp;inutilis\u00e9s, dans le m\u00eame \u00e9tat o\u00f9 vous les avez re\u00e7us et&nbsp;soigneusement&nbsp;emball\u00e9es. Les articles ne doivent \u00eatre&nbsp;ni port\u00e9s\/ni lav\u00e9s\/sans odeur&nbsp;(ne pas sentir la cigarette ou le parfum). Les articles ne doivent pas avoir des traces de maquillage. En cons\u00e9quence, les retours de&nbsp;v\u00eatements lav\u00e9s&nbsp;et\/ou&nbsp;port\u00e9s&nbsp;ne seront pas accept\u00e9s. Les [&hellip;]<\/p>","protected":false},"author":1,"featured_media":0,"parent":0,"menu_order":0,"comment_status":"closed","ping_status":"closed","template":"","meta":{"footnotes":""},"class_list":["post-6565","page","type-page","status-publish","hentry"],"_links":{"self":[{"href":"https:\/\/sbdresshop.com\/tr\/wp-json\/wp\/v2\/pages\/6565","targetHints":{"allow":["GET"]}}],"collection":[{"href":"https:\/\/sbdresshop.com\/tr\/wp-json\/wp\/v2\/pages"}],"about":[{"href":"https:\/\/sbdresshop.com\/tr\/wp-json\/wp\/v2\/types\/page"}],"author":[{"embeddable":true,"href":"https:\/\/sbdresshop.com\/tr\/wp-json\/wp\/v2\/users\/1"}],"replies":[{"embeddable":true,"href":"https:\/\/sbdresshop.com\/tr\/wp-json\/wp\/v2\/comments?post=6565"}],"version-history":[{"count":7,"href":"https:\/\/sbdresshop.com\/tr\/wp-json\/wp\/v2\/pages\/6565\/revisions"}],"predecessor-version":[{"id":7163,"href":"https:\/\/sbdresshop.com\/tr\/wp-json\/wp\/v2\/pages\/6565\/revisions\/7163"}],"wp:attachment":[{"href":"https:\/\/sbdresshop.com\/tr\/wp-json\/wp\/v2\/media?parent=6565"}],"curies":[{"name":"wp","href":"https:\/\/api.w.org\/{rel}","templated":true}]}}