{"id":6570,"date":"2024-11-18T05:09:02","date_gmt":"2024-11-18T04:09:02","guid":{"rendered":"https:\/\/sbdresshop.com\/?page_id=6570"},"modified":"2024-12-08T11:38:42","modified_gmt":"2024-12-08T10:38:42","slug":"foire-aux-questions-faq","status":"publish","type":"page","link":"https:\/\/sbdresshop.com\/tr\/sik-sorulan-sorular-sss\/","title":{"rendered":"S\u0131k\u00e7a Sorulan Sorular (SSS)"},"content":{"rendered":"<h4 class=\"wp-block-heading\"><strong>1. Nas\u0131l sipari\u015f verebilirim?<\/strong><\/h4><p>Pour passer une commande, ajoutez les articles de votre choix au panier, cliquez sur &#8220;Commander&#8221;, puis suivez les \u00e9tapes pour finaliser votre achat.<\/p><h4 class=\"wp-block-heading\"><strong>2. Hangi \u00f6deme y\u00f6ntemleri kabul ediliyor?<\/strong><\/h4><p>\u00d6demeleri kredi kart\u0131 (Visa, Mastercard, American Express) ve PayPal ile kabul ediyoruz.<\/p><h4 class=\"wp-block-heading\"><strong>3. Sipari\u015fimi verdikten sonra de\u011fi\u015ftirebilir veya iptal edebilir miyim?<\/strong><\/h4><p>Sipari\u015f hen\u00fcz kargoya verilmemi\u015fse de\u011fi\u015fiklik veya iptal m\u00fcmk\u00fcnd\u00fcr. H\u0131zl\u0131 bir \u015fekilde bizimle ileti\u015fime ge\u00e7in <a href=\"mailto:sb.dress57@gmail.com\">sb.dress57@gmail.com<\/a><\/p><h4 class=\"wp-block-heading\"><strong>4. Teslimat s\u00fcreleri nedir?<\/strong><\/h4><ul class=\"wp-block-list\"><li><strong>Standart Teslimat:<\/strong> 5 ila 7 i\u015f g\u00fcn\u00fc.<\/li>\n\n<li><strong>Ekspres Teslimat:<\/strong> 2 ila 3 i\u015f g\u00fcn\u00fc.<br>Teslimat s\u00fcreleri bulundu\u011funuz yere g\u00f6re de\u011fi\u015fiklik g\u00f6sterebilir.<\/li><\/ul><h4 class=\"wp-block-heading\"><strong>5. Sipari\u015fimi nas\u0131l takip edebilirim?<\/strong><\/h4><p>Une fois votre commande exp\u00e9di\u00e9e, vous recevrez un e-mail avec un num\u00e9ro de suivi. Vous pouvez suivre l&#8217;\u00e9tat de la livraison sur le site du transporteur.<\/p><h4 class=\"wp-block-heading\"><strong>6. Bir \u00fcr\u00fcn\u00fc iade edebilir veya de\u011fi\u015ftirebilir miyim?<\/strong><\/h4><p>Evet, \u00fcr\u00fcn\u00fc orijinal haliyle oldu\u011fu s\u00fcrece teslim ald\u0131\u011f\u0131n\u0131z tarihten itibaren 7 g\u00fcn i\u00e7inde iade edebilir veya de\u011fi\u015ftirebilirsiniz. Sayfam\u0131z\u0131 ziyaret edin <strong>\u0130ade Ko\u015fullar\u0131<\/strong> daha fazla ayr\u0131nt\u0131 i\u00e7in.<\/p><h4 class=\"wp-block-heading\"><strong>7. Ar\u0131zal\u0131 veya yanl\u0131\u015f bir \u00fcr\u00fcn al\u0131rsam ne yapmal\u0131y\u0131m?<\/strong><\/h4><p>Hemen bizimle ileti\u015fime ge\u00e7in <strong><a><a href=\"mailto:sb.dress57@gmail.com\">sb.dress57@gmail.com<\/a><\/a><\/strong> Ar\u0131zal\u0131 veya yanl\u0131\u015f \u00f6\u011fenin foto\u011fraflar\u0131 ile. \u0130ade nakliye masraflar\u0131n\u0131 kar\u015f\u0131layaca\u011f\u0131z ve size yenisini g\u00f6nderece\u011fiz.<\/p><h4 class=\"wp-block-heading\"><strong>8. T\u00fcm v\u00fccut tiplerine uygun bedenler sunuyor musunuz?<\/strong><\/h4><p>Evet, koleksiyonumuzda her v\u00fccut \u015fekline uyacak geni\u015f bir beden yelpazesi bulunmaktad\u0131r. Size en uygun olan\u0131 bulmak i\u00e7in beden k\u0131lavuzumuza g\u00f6z at\u0131n.<\/p><h4 class=\"wp-block-heading\"><strong>9. Ba\u015fka sorum olursa sizinle ileti\u015fime ge\u00e7ebilir miyim?<\/strong><\/h4><p>Elbette ! Bize e-posta yoluyla ula\u015fabilirsiniz. <strong><a><a href=\"mailto:sb.dress57@gmail.com\">sb.dress57@gmail.com<\/a><\/a><\/strong>, <\/p><p><strong>Si vous avez d&#8217;autres questions, n&#8217;h\u00e9sitez pas \u00e0 nous contacter. Merci de faire confiance \u00e0 sbdresshop.com !<\/strong><\/p><p><\/p>","protected":false},"excerpt":{"rendered":"<p>1. Comment puis-je passer une commande ? Pour passer une commande, ajoutez les articles de votre choix au panier, cliquez sur &#8220;Commander&#8221;, puis suivez les \u00e9tapes pour finaliser votre achat. 2. Quels sont les modes de paiement accept\u00e9s ? Nous acceptons les paiements par carte bancaire (Visa, Mastercard, American Express) et PayPal. 3. Puis-je modifier [&hellip;]<\/p>","protected":false},"author":1,"featured_media":0,"parent":0,"menu_order":0,"comment_status":"closed","ping_status":"closed","template":"","meta":{"footnotes":""},"class_list":["post-6570","page","type-page","status-publish","hentry"],"_links":{"self":[{"href":"https:\/\/sbdresshop.com\/tr\/wp-json\/wp\/v2\/pages\/6570","targetHints":{"allow":["GET"]}}],"collection":[{"href":"https:\/\/sbdresshop.com\/tr\/wp-json\/wp\/v2\/pages"}],"about":[{"href":"https:\/\/sbdresshop.com\/tr\/wp-json\/wp\/v2\/types\/page"}],"author":[{"embeddable":true,"href":"https:\/\/sbdresshop.com\/tr\/wp-json\/wp\/v2\/users\/1"}],"replies":[{"embeddable":true,"href":"https:\/\/sbdresshop.com\/tr\/wp-json\/wp\/v2\/comments?post=6570"}],"version-history":[{"count":4,"href":"https:\/\/sbdresshop.com\/tr\/wp-json\/wp\/v2\/pages\/6570\/revisions"}],"predecessor-version":[{"id":7169,"href":"https:\/\/sbdresshop.com\/tr\/wp-json\/wp\/v2\/pages\/6570\/revisions\/7169"}],"wp:attachment":[{"href":"https:\/\/sbdresshop.com\/tr\/wp-json\/wp\/v2\/media?parent=6570"}],"curies":[{"name":"wp","href":"https:\/\/api.w.org\/{rel}","templated":true}]}}