{"id":6735,"date":"2024-11-24T18:25:37","date_gmt":"2024-11-24T17:25:37","guid":{"rendered":"https:\/\/sbdresshop.com\/?post_type=product&#038;p=6735"},"modified":"2025-11-30T22:31:18","modified_gmt":"2025-11-30T21:31:18","slug":"robe-elsa","status":"publish","type":"product","link":"https:\/\/sbdresshop.com\/tr\/product\/elsa-elbise\/","title":{"rendered":"Elsa&#039;n\u0131n elbisesi"},"content":{"rendered":"<p>G\u00f6z al\u0131c\u0131 \u015f\u0131kl\u0131k arayanlar i\u00e7in harika bir se\u00e7im. Kendinizi \u00f6zel hissetmek i\u00e7in bu elbiseyi ka\u00e7\u0131rmay\u0131n.<\/p>\n<p>&nbsp;<\/p>","protected":false},"excerpt":{"rendered":"<p>G\u00f6z al\u0131c\u0131 \u015f\u0131kl\u0131k arayanlar i\u00e7in harika bir se\u00e7im. Kendinizi \u00f6zel hissetmek i\u00e7in bu elbiseyi ka\u00e7\u0131rmay\u0131n. &nbsp;<\/p>","protected":false},"featured_media":6715,"comment_status":"open","ping_status":"closed","template":"","meta":[],"product_cat":[147,130],"product_tag":[],"class_list":{"0":"post-6735","1":"product","2":"type-product","3":"status-publish","4":"has-post-thumbnail","6":"product_cat-robe-de-soiree","7":"product_cat-robes","9":"first","10":"instock","11":"shipping-taxable","12":"purchasable","13":"product-type-variable"},"_links":{"self":[{"href":"https:\/\/sbdresshop.com\/tr\/wp-json\/wp\/v2\/product\/6735","targetHints":{"allow":["GET"]}}],"collection":[{"href":"https:\/\/sbdresshop.com\/tr\/wp-json\/wp\/v2\/product"}],"about":[{"href":"https:\/\/sbdresshop.com\/tr\/wp-json\/wp\/v2\/types\/product"}],"replies":[{"embeddable":true,"href":"https:\/\/sbdresshop.com\/tr\/wp-json\/wp\/v2\/comments?post=6735"}],"wp:featuredmedia":[{"embeddable":true,"href":"https:\/\/sbdresshop.com\/tr\/wp-json\/wp\/v2\/media\/6715"}],"wp:attachment":[{"href":"https:\/\/sbdresshop.com\/tr\/wp-json\/wp\/v2\/media?parent=6735"}],"wp:term":[{"taxonomy":"product_cat","embeddable":true,"href":"https:\/\/sbdresshop.com\/tr\/wp-json\/wp\/v2\/product_cat?post=6735"},{"taxonomy":"product_tag","embeddable":true,"href":"https:\/\/sbdresshop.com\/tr\/wp-json\/wp\/v2\/product_tag?post=6735"}],"curies":[{"name":"wp","href":"https:\/\/api.w.org\/{rel}","templated":true}]}}