{"id":6780,"date":"2024-11-26T19:51:10","date_gmt":"2024-11-26T18:51:10","guid":{"rendered":"https:\/\/sbdresshop.com\/?post_type=product&#038;p=6780"},"modified":"2026-03-08T09:39:00","modified_gmt":"2026-03-08T08:39:00","slug":"ensembe-veste-et-pantalon","status":"publish","type":"product","link":"https:\/\/sbdresshop.com\/tr\/product\/ceket-ve-pantolon-takimi\/","title":{"rendered":"Boncuklu blazer tak\u0131m"},"content":{"rendered":"<p>C&#8217;est une pi\u00e8ce \u00e9l\u00e9gante et styl\u00e9e que chaque femme devrait avoir dans sa garde-robe. Ce costume alliant la noblesse du noir et la l\u00e9g\u00e8ret\u00e9 du tulle vous fera sentir comme une princesse. L&#8217;utilisation de perles et de pierres brod\u00e9es sur tulle augmente l&#8217;\u00e9l\u00e9gance et de l&#8217;ensemble. Cette\u00a0 pi\u00e8ce peut s&#8217;adapter \u00e0 toutes sortes d&#8217;invitations et d&#8217;\u00e9v\u00e9nements sp\u00e9ciaux. Des f\u00eates du nouvel an mariages aux r\u00e9unions d&#8217;affaires.<\/p>","protected":false},"excerpt":{"rendered":"<p>C&#8217;est une pi\u00e8ce \u00e9l\u00e9gante et styl\u00e9e que chaque femme devrait avoir dans sa garde-robe. Ce costume alliant la noblesse du noir et la l\u00e9g\u00e8ret\u00e9 du tulle vous fera sentir comme une princesse. L&#8217;utilisation de perles et de pierres brod\u00e9es sur tulle augmente l&#8217;\u00e9l\u00e9gance et de l&#8217;ensemble. Cette\u00a0 pi\u00e8ce peut s&#8217;adapter \u00e0 toutes sortes d&#8217;invitations et [&hellip;]<\/p>","protected":false},"featured_media":6774,"comment_status":"open","ping_status":"closed","template":"","meta":[],"product_cat":[136],"product_tag":[],"class_list":{"0":"post-6780","1":"product","2":"type-product","3":"status-publish","4":"has-post-thumbnail","6":"product_cat-blazers-tailleurs","8":"first","9":"instock","10":"sale","11":"shipping-taxable","12":"purchasable","13":"product-type-variable"},"_links":{"self":[{"href":"https:\/\/sbdresshop.com\/tr\/wp-json\/wp\/v2\/product\/6780","targetHints":{"allow":["GET"]}}],"collection":[{"href":"https:\/\/sbdresshop.com\/tr\/wp-json\/wp\/v2\/product"}],"about":[{"href":"https:\/\/sbdresshop.com\/tr\/wp-json\/wp\/v2\/types\/product"}],"replies":[{"embeddable":true,"href":"https:\/\/sbdresshop.com\/tr\/wp-json\/wp\/v2\/comments?post=6780"}],"wp:featuredmedia":[{"embeddable":true,"href":"https:\/\/sbdresshop.com\/tr\/wp-json\/wp\/v2\/media\/6774"}],"wp:attachment":[{"href":"https:\/\/sbdresshop.com\/tr\/wp-json\/wp\/v2\/media?parent=6780"}],"wp:term":[{"taxonomy":"product_cat","embeddable":true,"href":"https:\/\/sbdresshop.com\/tr\/wp-json\/wp\/v2\/product_cat?post=6780"},{"taxonomy":"product_tag","embeddable":true,"href":"https:\/\/sbdresshop.com\/tr\/wp-json\/wp\/v2\/product_tag?post=6780"}],"curies":[{"name":"wp","href":"https:\/\/api.w.org\/{rel}","templated":true}]}}