{"id":6830,"date":"2024-11-27T20:34:42","date_gmt":"2024-11-27T19:34:42","guid":{"rendered":"https:\/\/sbdresshop.com\/?post_type=product&#038;p=6830"},"modified":"2025-11-30T22:34:37","modified_gmt":"2025-11-30T21:34:37","slug":"sindirella","status":"publish","type":"product","link":"https:\/\/sbdresshop.com\/tr\/product\/sindirella\/","title":{"rendered":"Sindirella"},"content":{"rendered":"<p>Minimalizmin \u015f\u0131k detaylarla bulu\u015ftu\u011fu bu asimetrik mavi elbise, sofistike bir \u015f\u0131kl\u0131k sunuyor. Tarz\u0131n\u0131zla b\u00fcy\u00fcleyin, mavi rengin asaleti ile \u00f6n plana \u00e7\u0131k\u0131n.<\/p>","protected":false},"excerpt":{"rendered":"<p>Minimalizmin \u015f\u0131k detaylarla bulu\u015ftu\u011fu bu asimetrik mavi elbise, sofistike bir \u015f\u0131kl\u0131k sunuyor. Tarz\u0131n\u0131zla b\u00fcy\u00fcleyin, mavi rengin asaleti ile \u00f6n plana \u00e7\u0131k\u0131n.<\/p>","protected":false},"featured_media":6710,"comment_status":"open","ping_status":"closed","template":"","meta":[],"product_cat":[147,130],"product_tag":[],"class_list":{"0":"post-6830","1":"product","2":"type-product","3":"status-publish","4":"has-post-thumbnail","6":"product_cat-robe-de-soiree","7":"product_cat-robes","9":"first","10":"instock","11":"shipping-taxable","12":"purchasable","13":"product-type-variable"},"_links":{"self":[{"href":"https:\/\/sbdresshop.com\/tr\/wp-json\/wp\/v2\/product\/6830","targetHints":{"allow":["GET"]}}],"collection":[{"href":"https:\/\/sbdresshop.com\/tr\/wp-json\/wp\/v2\/product"}],"about":[{"href":"https:\/\/sbdresshop.com\/tr\/wp-json\/wp\/v2\/types\/product"}],"replies":[{"embeddable":true,"href":"https:\/\/sbdresshop.com\/tr\/wp-json\/wp\/v2\/comments?post=6830"}],"wp:featuredmedia":[{"embeddable":true,"href":"https:\/\/sbdresshop.com\/tr\/wp-json\/wp\/v2\/media\/6710"}],"wp:attachment":[{"href":"https:\/\/sbdresshop.com\/tr\/wp-json\/wp\/v2\/media?parent=6830"}],"wp:term":[{"taxonomy":"product_cat","embeddable":true,"href":"https:\/\/sbdresshop.com\/tr\/wp-json\/wp\/v2\/product_cat?post=6830"},{"taxonomy":"product_tag","embeddable":true,"href":"https:\/\/sbdresshop.com\/tr\/wp-json\/wp\/v2\/product_tag?post=6830"}],"curies":[{"name":"wp","href":"https:\/\/api.w.org\/{rel}","templated":true}]}}