{"id":7132,"date":"2024-12-03T20:07:25","date_gmt":"2024-12-03T19:07:25","guid":{"rendered":"https:\/\/sbdresshop.com\/?post_type=product&#038;p=7132"},"modified":"2025-09-23T15:16:43","modified_gmt":"2025-09-23T13:16:43","slug":"veste-avec-des-boutons-argentes","status":"publish","type":"product","link":"https:\/\/sbdresshop.com\/tr\/product\/veste-avec-des-boutons-argentes\/","title":{"rendered":"G\u00fcm\u00fc\u015f d\u00fc\u011fmeli ceket"},"content":{"rendered":"<p>Sofistike ve zamans\u0131z bir g\u00f6r\u00fcn\u00fcm sunan, \u0131\u015f\u0131lt\u0131l\u0131 m\u00fccevher d\u00fc\u011fmeleriyle s\u00fcslenmi\u015f zarif siyah t\u00fcvit ceket. Hafif yap\u0131l\u0131 kesimi ve ince y\u00fczeyler ve d\u00fc\u011fmeli kollar gibi zarif detaylar\u0131, onu \u015f\u0131k durumlar veya \u015f\u0131k g\u00fcnl\u00fck g\u00f6r\u00fcn\u00fcmler i\u00e7in m\u00fckemmel k\u0131lar.<\/p>","protected":false},"excerpt":{"rendered":"<p>Sofistike ve zamans\u0131z bir g\u00f6r\u00fcn\u00fcm sunan, \u0131\u015f\u0131lt\u0131l\u0131 m\u00fccevher d\u00fc\u011fmeleriyle s\u00fcslenmi\u015f zarif siyah t\u00fcvit ceket. Hafif yap\u0131l\u0131 kesimi ve ince y\u00fczeyler ve d\u00fc\u011fmeli kollar gibi zarif detaylar\u0131, onu \u015f\u0131k durumlar veya \u015f\u0131k g\u00fcnl\u00fck g\u00f6r\u00fcn\u00fcmler i\u00e7in m\u00fckemmel k\u0131lar.<\/p>","protected":false},"featured_media":7089,"comment_status":"open","ping_status":"closed","template":"","meta":[],"product_cat":[137],"product_tag":[],"class_list":{"0":"post-7132","1":"product","2":"type-product","3":"status-publish","4":"has-post-thumbnail","6":"product_cat-vestes-manteaux","8":"first","9":"instock","10":"sale","11":"shipping-taxable","12":"purchasable","13":"product-type-variable"},"_links":{"self":[{"href":"https:\/\/sbdresshop.com\/tr\/wp-json\/wp\/v2\/product\/7132","targetHints":{"allow":["GET"]}}],"collection":[{"href":"https:\/\/sbdresshop.com\/tr\/wp-json\/wp\/v2\/product"}],"about":[{"href":"https:\/\/sbdresshop.com\/tr\/wp-json\/wp\/v2\/types\/product"}],"replies":[{"embeddable":true,"href":"https:\/\/sbdresshop.com\/tr\/wp-json\/wp\/v2\/comments?post=7132"}],"wp:featuredmedia":[{"embeddable":true,"href":"https:\/\/sbdresshop.com\/tr\/wp-json\/wp\/v2\/media\/7089"}],"wp:attachment":[{"href":"https:\/\/sbdresshop.com\/tr\/wp-json\/wp\/v2\/media?parent=7132"}],"wp:term":[{"taxonomy":"product_cat","embeddable":true,"href":"https:\/\/sbdresshop.com\/tr\/wp-json\/wp\/v2\/product_cat?post=7132"},{"taxonomy":"product_tag","embeddable":true,"href":"https:\/\/sbdresshop.com\/tr\/wp-json\/wp\/v2\/product_tag?post=7132"}],"curies":[{"name":"wp","href":"https:\/\/api.w.org\/{rel}","templated":true}]}}